{"id":48129,"date":"2026-04-27T01:38:08","date_gmt":"2026-04-27T04:38:08","guid":{"rendered":"https:\/\/www.hediyepazar.com\/?product=tetikli-mobil-gamepad-ergonomik-kavramali-oyun-aparati"},"modified":"2026-04-27T01:38:08","modified_gmt":"2026-04-27T04:38:08","slug":"tetikli-mobil-gamepad-ergonomik-kavramali-oyun-aparati","status":"publish","type":"product","link":"https:\/\/www.hediyepazar.com\/?product=tetikli-mobil-gamepad-ergonomik-kavramali-oyun-aparati","title":{"rendered":"Tetikli Mobil Gamepad Ergonomik Kavramal\u0131 Oyun Aparat\u0131"},"content":{"rendered":"","protected":false},"excerpt":{"rendered":"<p>Bu mobil gamepad, d\u00f6rt parmakla oynama deste\u011fi sayesinde oyunlarda daha h\u0131zl\u0131 ve etkili hareket etmenizi sa\u011flar. Tetik tasar\u0131m\u0131, \u00f6zellikle aksiyon ve FPS oyunlar\u0131nda ger\u00e7ek\u00e7i bir kontrol hissi sunar. Ergonomik kavrama yap\u0131s\u0131, avu\u00e7 i\u00e7ine uyum sa\u011flayarak uzun s\u00fcreli kullan\u0131mlarda konfor sunar. Orta boy d\u00fc\u011fmeler, ekran\u0131n g\u00f6r\u00fcn\u00fcm\u00fcn\u00fc engellemeden rahat kullan\u0131m sa\u011flar. Dayan\u0131kl\u0131 g\u00f6vde yap\u0131s\u0131, \u00fcr\u00fcn\u00fc uzun s\u00fcreli kullan\u0131ma uygun hale getirir. Ger\u00e7ek\u00e7i oyun deneyimi arayanlar i\u00e7in pratik ve kullan\u0131\u015fl\u0131 bir \u00e7\u00f6z\u00fcmd\u00fcr.<\/p>\n","protected":false},"featured_media":48128,"comment_status":"open","ping_status":"closed","template":"","meta":{"_kad_post_transparent":"","_kad_post_title":"","_kad_post_layout":"","_kad_post_sidebar_id":"","_kad_post_content_style":"","_kad_post_vertical_padding":"","_kad_post_feature":"","_kad_post_feature_position":"","_kad_post_header":false,"_kad_post_footer":false,"_kad_post_classname":""},"product_brand":[],"product_cat":[23],"product_tag":[],"class_list":{"0":"post-48129","1":"product","2":"type-product","3":"status-publish","4":"has-post-thumbnail","6":"product_cat-genel","8":"first","9":"instock","10":"purchasable","11":"product-type-simple","12":"entry","13":"content-bg","14":"loop-entry"},"_links":{"self":[{"href":"https:\/\/www.hediyepazar.com\/index.php?rest_route=\/wp\/v2\/product\/48129","targetHints":{"allow":["GET"]}}],"collection":[{"href":"https:\/\/www.hediyepazar.com\/index.php?rest_route=\/wp\/v2\/product"}],"about":[{"href":"https:\/\/www.hediyepazar.com\/index.php?rest_route=\/wp\/v2\/types\/product"}],"replies":[{"embeddable":true,"href":"https:\/\/www.hediyepazar.com\/index.php?rest_route=%2Fwp%2Fv2%2Fcomments&post=48129"}],"wp:featuredmedia":[{"embeddable":true,"href":"https:\/\/www.hediyepazar.com\/index.php?rest_route=\/wp\/v2\/media\/48128"}],"wp:attachment":[{"href":"https:\/\/www.hediyepazar.com\/index.php?rest_route=%2Fwp%2Fv2%2Fmedia&parent=48129"}],"wp:term":[{"taxonomy":"product_brand","embeddable":true,"href":"https:\/\/www.hediyepazar.com\/index.php?rest_route=%2Fwp%2Fv2%2Fproduct_brand&post=48129"},{"taxonomy":"product_cat","embeddable":true,"href":"https:\/\/www.hediyepazar.com\/index.php?rest_route=%2Fwp%2Fv2%2Fproduct_cat&post=48129"},{"taxonomy":"product_tag","embeddable":true,"href":"https:\/\/www.hediyepazar.com\/index.php?rest_route=%2Fwp%2Fv2%2Fproduct_tag&post=48129"}],"curies":[{"name":"wp","href":"https:\/\/api.w.org\/{rel}","templated":true}]}}