{"id":48131,"date":"2026-04-27T01:38:13","date_gmt":"2026-04-27T04:38:13","guid":{"rendered":"https:\/\/www.hediyepazar.com\/?product=w16-pubg-kol"},"modified":"2026-04-27T01:38:13","modified_gmt":"2026-04-27T04:38:13","slug":"w16-pubg-kol","status":"publish","type":"product","link":"https:\/\/www.hediyepazar.com\/?product=w16-pubg-kol","title":{"rendered":"W16 Pubg Kol"},"content":{"rendered":"","protected":false},"excerpt":{"rendered":"<p>Mobil FPS oyunlar i\u00e7in geli\u015ftirilen joystickli ve tetikleyicili gamepad, daha h\u0131zl\u0131 tepki ve hassas kontrol sunar. PUBG Mobile gibi rekabet\u00e7i oyunlarda performans\u0131 art\u0131r\u0131r. Ergonomik ve hafif tasar\u0131m\u0131, uzun s\u00fcreli kullan\u0131mlarda konfor sa\u011flar. ABS plastik yap\u0131s\u0131 dayan\u0131kl\u0131d\u0131r. Silikon destekli tetikleyiciler ekran\u0131 korur ve kaymay\u0131 azalt\u0131r. 4.7\u20136.5 in\u00e7 telefonlarla uyumlu olmas\u0131 sayesinde iPhone ve Android cihazlarda rahatl\u0131kla kullan\u0131labilir. Ta\u015f\u0131nabilirli\u011fi ile her yerde oyun keyfi sunar.<\/p>\n","protected":false},"featured_media":48130,"comment_status":"open","ping_status":"closed","template":"","meta":{"_kad_post_transparent":"","_kad_post_title":"","_kad_post_layout":"","_kad_post_sidebar_id":"","_kad_post_content_style":"","_kad_post_vertical_padding":"","_kad_post_feature":"","_kad_post_feature_position":"","_kad_post_header":false,"_kad_post_footer":false,"_kad_post_classname":""},"product_brand":[],"product_cat":[23],"product_tag":[],"class_list":{"0":"post-48131","1":"product","2":"type-product","3":"status-publish","4":"has-post-thumbnail","6":"product_cat-genel","8":"first","9":"instock","10":"purchasable","11":"product-type-simple","12":"entry","13":"content-bg","14":"loop-entry"},"_links":{"self":[{"href":"https:\/\/www.hediyepazar.com\/index.php?rest_route=\/wp\/v2\/product\/48131","targetHints":{"allow":["GET"]}}],"collection":[{"href":"https:\/\/www.hediyepazar.com\/index.php?rest_route=\/wp\/v2\/product"}],"about":[{"href":"https:\/\/www.hediyepazar.com\/index.php?rest_route=\/wp\/v2\/types\/product"}],"replies":[{"embeddable":true,"href":"https:\/\/www.hediyepazar.com\/index.php?rest_route=%2Fwp%2Fv2%2Fcomments&post=48131"}],"wp:featuredmedia":[{"embeddable":true,"href":"https:\/\/www.hediyepazar.com\/index.php?rest_route=\/wp\/v2\/media\/48130"}],"wp:attachment":[{"href":"https:\/\/www.hediyepazar.com\/index.php?rest_route=%2Fwp%2Fv2%2Fmedia&parent=48131"}],"wp:term":[{"taxonomy":"product_brand","embeddable":true,"href":"https:\/\/www.hediyepazar.com\/index.php?rest_route=%2Fwp%2Fv2%2Fproduct_brand&post=48131"},{"taxonomy":"product_cat","embeddable":true,"href":"https:\/\/www.hediyepazar.com\/index.php?rest_route=%2Fwp%2Fv2%2Fproduct_cat&post=48131"},{"taxonomy":"product_tag","embeddable":true,"href":"https:\/\/www.hediyepazar.com\/index.php?rest_route=%2Fwp%2Fv2%2Fproduct_tag&post=48131"}],"curies":[{"name":"wp","href":"https:\/\/api.w.org\/{rel}","templated":true}]}}