{"id":48143,"date":"2026-04-27T01:38:27","date_gmt":"2026-04-27T04:38:27","guid":{"rendered":"https:\/\/www.hediyepazar.com\/?product=50-000-powerbank-gunes-enerjili"},"modified":"2026-04-27T01:38:27","modified_gmt":"2026-04-27T04:38:27","slug":"50-000-powerbank-gunes-enerjili","status":"publish","type":"product","link":"https:\/\/www.hediyepazar.com\/?product=50-000-powerbank-gunes-enerjili","title":{"rendered":"50.000 Powerbank G\u00fcne\u015f Enerjili"},"content":{"rendered":"","protected":false},"excerpt":{"rendered":"<p>G\u00fcne\u015f panelli powerbank, mobil cihaz kullan\u0131c\u0131lar\u0131 i\u00e7in tasarlanm\u0131\u015f \u00e7ok y\u00f6nl\u00fc bir g\u00fc\u00e7 kayna\u011f\u0131d\u0131r. 375 gram a\u011f\u0131rl\u0131\u011f\u0131 ile ta\u015f\u0131nabilirlik sunarken, dengeli kapasitesi sayesinde g\u00fcn boyu kullan\u0131m imk\u00e2n\u0131 sa\u011flar. G\u00fcne\u015f enerjisi deste\u011fi, outdoor aktivitelerde b\u00fcy\u00fck avantaj sunar. LED ayd\u0131nlatma, karanl\u0131k ortamlarda pratik bir kullan\u0131m sa\u011flar. Dijital \u015farj g\u00f6stergesi ile enerji durumunu kontrol etmek olduk\u00e7a kolayd\u0131r. Kamp, seyahat ve yo\u011fun g\u00fcnler i\u00e7in g\u00fcvenilir bir enerji \u00e7\u00f6z\u00fcm\u00fc arayanlar i\u00e7in ideal bir \u00fcr\u00fcnd\u00fcr.<\/p>\n","protected":false},"featured_media":48142,"comment_status":"open","ping_status":"closed","template":"","meta":{"_kad_post_transparent":"","_kad_post_title":"","_kad_post_layout":"","_kad_post_sidebar_id":"","_kad_post_content_style":"","_kad_post_vertical_padding":"","_kad_post_feature":"","_kad_post_feature_position":"","_kad_post_header":false,"_kad_post_footer":false,"_kad_post_classname":""},"product_brand":[],"product_cat":[23],"product_tag":[],"class_list":{"0":"post-48143","1":"product","2":"type-product","3":"status-publish","4":"has-post-thumbnail","6":"product_cat-genel","8":"first","9":"instock","10":"purchasable","11":"product-type-simple","12":"entry","13":"content-bg","14":"loop-entry"},"_links":{"self":[{"href":"https:\/\/www.hediyepazar.com\/index.php?rest_route=\/wp\/v2\/product\/48143","targetHints":{"allow":["GET"]}}],"collection":[{"href":"https:\/\/www.hediyepazar.com\/index.php?rest_route=\/wp\/v2\/product"}],"about":[{"href":"https:\/\/www.hediyepazar.com\/index.php?rest_route=\/wp\/v2\/types\/product"}],"replies":[{"embeddable":true,"href":"https:\/\/www.hediyepazar.com\/index.php?rest_route=%2Fwp%2Fv2%2Fcomments&post=48143"}],"wp:featuredmedia":[{"embeddable":true,"href":"https:\/\/www.hediyepazar.com\/index.php?rest_route=\/wp\/v2\/media\/48142"}],"wp:attachment":[{"href":"https:\/\/www.hediyepazar.com\/index.php?rest_route=%2Fwp%2Fv2%2Fmedia&parent=48143"}],"wp:term":[{"taxonomy":"product_brand","embeddable":true,"href":"https:\/\/www.hediyepazar.com\/index.php?rest_route=%2Fwp%2Fv2%2Fproduct_brand&post=48143"},{"taxonomy":"product_cat","embeddable":true,"href":"https:\/\/www.hediyepazar.com\/index.php?rest_route=%2Fwp%2Fv2%2Fproduct_cat&post=48143"},{"taxonomy":"product_tag","embeddable":true,"href":"https:\/\/www.hediyepazar.com\/index.php?rest_route=%2Fwp%2Fv2%2Fproduct_tag&post=48143"}],"curies":[{"name":"wp","href":"https:\/\/api.w.org\/{rel}","templated":true}]}}