{"id":48219,"date":"2026-04-27T01:40:13","date_gmt":"2026-04-27T04:40:13","guid":{"rendered":"https:\/\/www.hediyepazar.com\/?product=ev-ofis-ve-seyahat-icin-tasinabilir-smoothie-blender"},"modified":"2026-04-27T01:40:25","modified_gmt":"2026-04-27T04:40:25","slug":"ev-ofis-ve-seyahat-icin-tasinabilir-smoothie-blender","status":"publish","type":"product","link":"https:\/\/www.hediyepazar.com\/?product=ev-ofis-ve-seyahat-icin-tasinabilir-smoothie-blender","title":{"rendered":"Ev Ofis Ve Seyahat \u0130\u00e7in Ta\u015f\u0131nabilir Smoothie Blender"},"content":{"rendered":"","protected":false},"excerpt":{"rendered":"<p>Bu ta\u015f\u0131nabilir smoothie blender, ofis ve ev kullan\u0131m\u0131na uygun yap\u0131s\u0131yla dikkat \u00e7eker. G\u00fcnl\u00fck ya\u015fam temposunda sa\u011fl\u0131kl\u0131 i\u00e7ecekler haz\u0131rlamak isteyenler i\u00e7in idealdir. USB \u015farjl\u0131 olmas\u0131 sayesinde kablo karma\u015fas\u0131n\u0131 ortadan kald\u0131r\u0131r. \u015e\u0131k ve modern tasar\u0131m\u0131yla mutfaklarda estetik bir g\u00f6r\u00fcn\u00fcm sunar.<\/p>\n","protected":false},"featured_media":48224,"comment_status":"open","ping_status":"closed","template":"","meta":{"_kad_post_transparent":"","_kad_post_title":"","_kad_post_layout":"","_kad_post_sidebar_id":"","_kad_post_content_style":"","_kad_post_vertical_padding":"","_kad_post_feature":"","_kad_post_feature_position":"","_kad_post_header":false,"_kad_post_footer":false,"_kad_post_classname":""},"product_brand":[],"product_cat":[23],"product_tag":[],"class_list":{"0":"post-48219","1":"product","2":"type-product","3":"status-publish","4":"has-post-thumbnail","6":"product_cat-genel","8":"first","9":"instock","10":"purchasable","11":"product-type-simple","12":"entry","13":"content-bg","14":"loop-entry"},"_links":{"self":[{"href":"https:\/\/www.hediyepazar.com\/index.php?rest_route=\/wp\/v2\/product\/48219","targetHints":{"allow":["GET"]}}],"collection":[{"href":"https:\/\/www.hediyepazar.com\/index.php?rest_route=\/wp\/v2\/product"}],"about":[{"href":"https:\/\/www.hediyepazar.com\/index.php?rest_route=\/wp\/v2\/types\/product"}],"replies":[{"embeddable":true,"href":"https:\/\/www.hediyepazar.com\/index.php?rest_route=%2Fwp%2Fv2%2Fcomments&post=48219"}],"wp:featuredmedia":[{"embeddable":true,"href":"https:\/\/www.hediyepazar.com\/index.php?rest_route=\/wp\/v2\/media\/48224"}],"wp:attachment":[{"href":"https:\/\/www.hediyepazar.com\/index.php?rest_route=%2Fwp%2Fv2%2Fmedia&parent=48219"}],"wp:term":[{"taxonomy":"product_brand","embeddable":true,"href":"https:\/\/www.hediyepazar.com\/index.php?rest_route=%2Fwp%2Fv2%2Fproduct_brand&post=48219"},{"taxonomy":"product_cat","embeddable":true,"href":"https:\/\/www.hediyepazar.com\/index.php?rest_route=%2Fwp%2Fv2%2Fproduct_cat&post=48219"},{"taxonomy":"product_tag","embeddable":true,"href":"https:\/\/www.hediyepazar.com\/index.php?rest_route=%2Fwp%2Fv2%2Fproduct_tag&post=48219"}],"curies":[{"name":"wp","href":"https:\/\/api.w.org\/{rel}","templated":true}]}}