{"id":48223,"date":"2026-04-27T01:40:21","date_gmt":"2026-04-27T04:40:21","guid":{"rendered":"https:\/\/www.hediyepazar.com\/?product=nbx4335-blender-bardak"},"modified":"2026-04-27T01:40:21","modified_gmt":"2026-04-27T04:40:21","slug":"nbx4335-blender-bardak","status":"publish","type":"product","link":"https:\/\/www.hediyepazar.com\/?product=nbx4335-blender-bardak","title":{"rendered":"Nbx4335 Blender Bardak"},"content":{"rendered":"","protected":false},"excerpt":{"rendered":"<p>Kompakt ve ta\u015f\u0131nabilir tasar\u0131ma sahip bu blender, g\u00fcnl\u00fck kullan\u0131mda pratiklik sa\u011flar. 400 ml kapasitesi sayesinde tek seferde yeterli miktarda i\u00e7ecek haz\u0131rlanabilir. USB \u015farj \u00f6zelli\u011fi ile her ortamda kullan\u0131m imk\u00e2n\u0131 sunar. Sa\u011fl\u0131kl\u0131 ya\u015fam\u0131 destekleyen pratik bir mutfak yard\u0131mc\u0131s\u0131d\u0131r.<\/p>\n","protected":false},"featured_media":48222,"comment_status":"open","ping_status":"closed","template":"","meta":{"_kad_post_transparent":"","_kad_post_title":"","_kad_post_layout":"","_kad_post_sidebar_id":"","_kad_post_content_style":"","_kad_post_vertical_padding":"","_kad_post_feature":"","_kad_post_feature_position":"","_kad_post_header":false,"_kad_post_footer":false,"_kad_post_classname":""},"product_brand":[],"product_cat":[23],"product_tag":[],"class_list":{"0":"post-48223","1":"product","2":"type-product","3":"status-publish","4":"has-post-thumbnail","6":"product_cat-genel","8":"first","9":"instock","10":"purchasable","11":"product-type-simple","12":"entry","13":"content-bg","14":"loop-entry"},"_links":{"self":[{"href":"https:\/\/www.hediyepazar.com\/index.php?rest_route=\/wp\/v2\/product\/48223","targetHints":{"allow":["GET"]}}],"collection":[{"href":"https:\/\/www.hediyepazar.com\/index.php?rest_route=\/wp\/v2\/product"}],"about":[{"href":"https:\/\/www.hediyepazar.com\/index.php?rest_route=\/wp\/v2\/types\/product"}],"replies":[{"embeddable":true,"href":"https:\/\/www.hediyepazar.com\/index.php?rest_route=%2Fwp%2Fv2%2Fcomments&post=48223"}],"wp:featuredmedia":[{"embeddable":true,"href":"https:\/\/www.hediyepazar.com\/index.php?rest_route=\/wp\/v2\/media\/48222"}],"wp:attachment":[{"href":"https:\/\/www.hediyepazar.com\/index.php?rest_route=%2Fwp%2Fv2%2Fmedia&parent=48223"}],"wp:term":[{"taxonomy":"product_brand","embeddable":true,"href":"https:\/\/www.hediyepazar.com\/index.php?rest_route=%2Fwp%2Fv2%2Fproduct_brand&post=48223"},{"taxonomy":"product_cat","embeddable":true,"href":"https:\/\/www.hediyepazar.com\/index.php?rest_route=%2Fwp%2Fv2%2Fproduct_cat&post=48223"},{"taxonomy":"product_tag","embeddable":true,"href":"https:\/\/www.hediyepazar.com\/index.php?rest_route=%2Fwp%2Fv2%2Fproduct_tag&post=48223"}],"curies":[{"name":"wp","href":"https:\/\/api.w.org\/{rel}","templated":true}]}}