{"id":48226,"date":"2026-04-27T01:40:30","date_gmt":"2026-04-27T04:40:30","guid":{"rendered":"https:\/\/www.hediyepazar.com\/?product=gunluk-kullanima-uygun-usb-sarjli-smoothie-blender"},"modified":"2026-04-27T01:40:30","modified_gmt":"2026-04-27T04:40:30","slug":"gunluk-kullanima-uygun-usb-sarjli-smoothie-blender","status":"publish","type":"product","link":"https:\/\/www.hediyepazar.com\/?product=gunluk-kullanima-uygun-usb-sarjli-smoothie-blender","title":{"rendered":"G\u00fcnl\u00fck Kullan\u0131ma Uygun Usb \u015earjl\u0131 Smoothie Blender"},"content":{"rendered":"","protected":false},"excerpt":{"rendered":"<p>USB \u015farjl\u0131 ta\u015f\u0131nabilir blender, mutfakta zamandan tasarruf etmek isteyenler i\u00e7in tasarlanm\u0131\u015ft\u0131r. Kompakt boyutu sayesinde k\u00fc\u00e7\u00fck alanlarda rahat\u00e7a saklanabilir. G\u00fcnl\u00fck meyve kar\u0131\u015f\u0131mlar\u0131, smoothie ve so\u011fuk i\u00e7ecekler i\u00e7in kullan\u0131m kolayl\u0131\u011f\u0131 sunar. Temizli\u011fi ve kullan\u0131m\u0131 pratiktir.<\/p>\n","protected":false},"featured_media":48225,"comment_status":"open","ping_status":"closed","template":"","meta":{"_kad_post_transparent":"","_kad_post_title":"","_kad_post_layout":"","_kad_post_sidebar_id":"","_kad_post_content_style":"","_kad_post_vertical_padding":"","_kad_post_feature":"","_kad_post_feature_position":"","_kad_post_header":false,"_kad_post_footer":false,"_kad_post_classname":""},"product_brand":[],"product_cat":[23],"product_tag":[],"class_list":{"0":"post-48226","1":"product","2":"type-product","3":"status-publish","4":"has-post-thumbnail","6":"product_cat-genel","8":"first","9":"instock","10":"purchasable","11":"product-type-simple","12":"entry","13":"content-bg","14":"loop-entry"},"_links":{"self":[{"href":"https:\/\/www.hediyepazar.com\/index.php?rest_route=\/wp\/v2\/product\/48226","targetHints":{"allow":["GET"]}}],"collection":[{"href":"https:\/\/www.hediyepazar.com\/index.php?rest_route=\/wp\/v2\/product"}],"about":[{"href":"https:\/\/www.hediyepazar.com\/index.php?rest_route=\/wp\/v2\/types\/product"}],"replies":[{"embeddable":true,"href":"https:\/\/www.hediyepazar.com\/index.php?rest_route=%2Fwp%2Fv2%2Fcomments&post=48226"}],"wp:featuredmedia":[{"embeddable":true,"href":"https:\/\/www.hediyepazar.com\/index.php?rest_route=\/wp\/v2\/media\/48225"}],"wp:attachment":[{"href":"https:\/\/www.hediyepazar.com\/index.php?rest_route=%2Fwp%2Fv2%2Fmedia&parent=48226"}],"wp:term":[{"taxonomy":"product_brand","embeddable":true,"href":"https:\/\/www.hediyepazar.com\/index.php?rest_route=%2Fwp%2Fv2%2Fproduct_brand&post=48226"},{"taxonomy":"product_cat","embeddable":true,"href":"https:\/\/www.hediyepazar.com\/index.php?rest_route=%2Fwp%2Fv2%2Fproduct_cat&post=48226"},{"taxonomy":"product_tag","embeddable":true,"href":"https:\/\/www.hediyepazar.com\/index.php?rest_route=%2Fwp%2Fv2%2Fproduct_tag&post=48226"}],"curies":[{"name":"wp","href":"https:\/\/api.w.org\/{rel}","templated":true}]}}