{"id":48230,"date":"2026-04-27T01:40:36","date_gmt":"2026-04-27T04:40:36","guid":{"rendered":"https:\/\/www.hediyepazar.com\/?product=usb-sarjli-tasinabilir-smoothie-ve-meyve-blender"},"modified":"2026-04-27T01:40:36","modified_gmt":"2026-04-27T04:40:36","slug":"usb-sarjli-tasinabilir-smoothie-ve-meyve-blender","status":"publish","type":"product","link":"https:\/\/www.hediyepazar.com\/?product=usb-sarjli-tasinabilir-smoothie-ve-meyve-blender","title":{"rendered":"Usb \u015earjl\u0131 Ta\u015f\u0131nabilir Smoothie Ve Meyve Blender"},"content":{"rendered":"","protected":false},"excerpt":{"rendered":"<p>Pratik kullan\u0131m sunan bu ta\u015f\u0131nabilir blender, evde, ofiste veya d\u0131\u015f mek\u00e2nda kolayl\u0131kla kullan\u0131labilir. USB \u015farj \u00f6zelli\u011fi sayesinde powerbank, bilgisayar veya adapt\u00f6r ile \u015farj edilebilir. G\u00fcnl\u00fck smoothie, shake ve meyve kar\u0131\u015f\u0131mlar\u0131 i\u00e7in h\u0131zl\u0131 ve zahmetsiz bir \u00e7\u00f6z\u00fcm sunar. Hafif yap\u0131s\u0131 ile kullan\u0131m konforu sa\u011flar.<\/p>\n","protected":false},"featured_media":48229,"comment_status":"open","ping_status":"closed","template":"","meta":{"_kad_post_transparent":"","_kad_post_title":"","_kad_post_layout":"","_kad_post_sidebar_id":"","_kad_post_content_style":"","_kad_post_vertical_padding":"","_kad_post_feature":"","_kad_post_feature_position":"","_kad_post_header":false,"_kad_post_footer":false,"_kad_post_classname":""},"product_brand":[],"product_cat":[23],"product_tag":[],"class_list":{"0":"post-48230","1":"product","2":"type-product","3":"status-publish","4":"has-post-thumbnail","6":"product_cat-genel","8":"first","9":"instock","10":"purchasable","11":"product-type-simple","12":"entry","13":"content-bg","14":"loop-entry"},"_links":{"self":[{"href":"https:\/\/www.hediyepazar.com\/index.php?rest_route=\/wp\/v2\/product\/48230","targetHints":{"allow":["GET"]}}],"collection":[{"href":"https:\/\/www.hediyepazar.com\/index.php?rest_route=\/wp\/v2\/product"}],"about":[{"href":"https:\/\/www.hediyepazar.com\/index.php?rest_route=\/wp\/v2\/types\/product"}],"replies":[{"embeddable":true,"href":"https:\/\/www.hediyepazar.com\/index.php?rest_route=%2Fwp%2Fv2%2Fcomments&post=48230"}],"wp:featuredmedia":[{"embeddable":true,"href":"https:\/\/www.hediyepazar.com\/index.php?rest_route=\/wp\/v2\/media\/48229"}],"wp:attachment":[{"href":"https:\/\/www.hediyepazar.com\/index.php?rest_route=%2Fwp%2Fv2%2Fmedia&parent=48230"}],"wp:term":[{"taxonomy":"product_brand","embeddable":true,"href":"https:\/\/www.hediyepazar.com\/index.php?rest_route=%2Fwp%2Fv2%2Fproduct_brand&post=48230"},{"taxonomy":"product_cat","embeddable":true,"href":"https:\/\/www.hediyepazar.com\/index.php?rest_route=%2Fwp%2Fv2%2Fproduct_cat&post=48230"},{"taxonomy":"product_tag","embeddable":true,"href":"https:\/\/www.hediyepazar.com\/index.php?rest_route=%2Fwp%2Fv2%2Fproduct_tag&post=48230"}],"curies":[{"name":"wp","href":"https:\/\/api.w.org\/{rel}","templated":true}]}}