{"id":48234,"date":"2026-04-27T01:40:40","date_gmt":"2026-04-27T04:40:40","guid":{"rendered":"https:\/\/www.hediyepazar.com\/?product=iphone-17-pro-max-uyumlu-sarj-seti"},"modified":"2026-04-27T01:40:40","modified_gmt":"2026-04-27T04:40:40","slug":"iphone-17-pro-max-uyumlu-sarj-seti","status":"publish","type":"product","link":"https:\/\/www.hediyepazar.com\/?product=iphone-17-pro-max-uyumlu-sarj-seti","title":{"rendered":"\u0130phone 17 Pro Max Uyumlu \u015earj Seti"},"content":{"rendered":"","protected":false},"excerpt":{"rendered":"<p>35W USB-C h\u0131zl\u0131 \u015farj adapt\u00f6r\u00fc ve Type-C to C kablo seti, pratiklik ve performans\u0131 bir arada sunar. Dengeli g\u00fc\u00e7 aktar\u0131m\u0131 sayesinde batarya sa\u011fl\u0131\u011f\u0131n\u0131 korumaya yard\u0131mc\u0131 olur. Kompakt ve hafif tasar\u0131m\u0131 ile seyahatlerde ideal bir \u00e7\u00f6z\u00fcmd\u00fcr. G\u00fcnl\u00fck kullan\u0131mda g\u00fcvenli, d\u00fczenli ve h\u0131zl\u0131 \u015farj isteyenler i\u00e7in uygun bir alternatiftir.<\/p>\n","protected":false},"featured_media":48233,"comment_status":"open","ping_status":"closed","template":"","meta":{"_kad_post_transparent":"","_kad_post_title":"","_kad_post_layout":"","_kad_post_sidebar_id":"","_kad_post_content_style":"","_kad_post_vertical_padding":"","_kad_post_feature":"","_kad_post_feature_position":"","_kad_post_header":false,"_kad_post_footer":false,"_kad_post_classname":""},"product_brand":[],"product_cat":[23],"product_tag":[],"class_list":{"0":"post-48234","1":"product","2":"type-product","3":"status-publish","4":"has-post-thumbnail","6":"product_cat-genel","8":"first","9":"instock","10":"purchasable","11":"product-type-simple","12":"entry","13":"content-bg","14":"loop-entry"},"_links":{"self":[{"href":"https:\/\/www.hediyepazar.com\/index.php?rest_route=\/wp\/v2\/product\/48234","targetHints":{"allow":["GET"]}}],"collection":[{"href":"https:\/\/www.hediyepazar.com\/index.php?rest_route=\/wp\/v2\/product"}],"about":[{"href":"https:\/\/www.hediyepazar.com\/index.php?rest_route=\/wp\/v2\/types\/product"}],"replies":[{"embeddable":true,"href":"https:\/\/www.hediyepazar.com\/index.php?rest_route=%2Fwp%2Fv2%2Fcomments&post=48234"}],"wp:featuredmedia":[{"embeddable":true,"href":"https:\/\/www.hediyepazar.com\/index.php?rest_route=\/wp\/v2\/media\/48233"}],"wp:attachment":[{"href":"https:\/\/www.hediyepazar.com\/index.php?rest_route=%2Fwp%2Fv2%2Fmedia&parent=48234"}],"wp:term":[{"taxonomy":"product_brand","embeddable":true,"href":"https:\/\/www.hediyepazar.com\/index.php?rest_route=%2Fwp%2Fv2%2Fproduct_brand&post=48234"},{"taxonomy":"product_cat","embeddable":true,"href":"https:\/\/www.hediyepazar.com\/index.php?rest_route=%2Fwp%2Fv2%2Fproduct_cat&post=48234"},{"taxonomy":"product_tag","embeddable":true,"href":"https:\/\/www.hediyepazar.com\/index.php?rest_route=%2Fwp%2Fv2%2Fproduct_tag&post=48234"}],"curies":[{"name":"wp","href":"https:\/\/api.w.org\/{rel}","templated":true}]}}