{"id":48238,"date":"2026-04-27T01:40:46","date_gmt":"2026-04-27T04:40:46","guid":{"rendered":"https:\/\/www.hediyepazar.com\/?product=yeni-nesil-35w-usb-c-duvar-sarj-adaptoru-kablo-hediyeli"},"modified":"2026-04-27T01:40:46","modified_gmt":"2026-04-27T04:40:46","slug":"yeni-nesil-35w-usb-c-duvar-sarj-adaptoru-kablo-hediyeli","status":"publish","type":"product","link":"https:\/\/www.hediyepazar.com\/?product=yeni-nesil-35w-usb-c-duvar-sarj-adaptoru-kablo-hediyeli","title":{"rendered":"Yeni Nesil 35w Usb-c Duvar \u015earj Adapt\u00f6r\u00fc Kablo Hediyeli"},"content":{"rendered":"","protected":false},"excerpt":{"rendered":"<p>Yeni nesil 35W USB-C \u015farj ba\u015fl\u0131\u011f\u0131, y\u00fcksek g\u00fc\u00e7 kapasitesi ile cihazlar\u0131n\u0131z\u0131 daha k\u0131sa s\u00fcrede \u015farj etmenize yard\u0131mc\u0131 olur. Type-C to C kablo ile tam uyumlu \u00e7al\u0131\u015fan bu set, d\u00fczenli ve verimli bir \u015farj deneyimi sunar. Modern tasar\u0131m\u0131 sayesinde prizde estetik bir g\u00f6r\u00fcn\u00fcm olu\u015fturur. G\u00fcnl\u00fck kullan\u0131mda g\u00fcven veren performans\u0131yla \u00f6ne \u00e7\u0131kar.<\/p>\n","protected":false},"featured_media":48237,"comment_status":"open","ping_status":"closed","template":"","meta":{"_kad_post_transparent":"","_kad_post_title":"","_kad_post_layout":"","_kad_post_sidebar_id":"","_kad_post_content_style":"","_kad_post_vertical_padding":"","_kad_post_feature":"","_kad_post_feature_position":"","_kad_post_header":false,"_kad_post_footer":false,"_kad_post_classname":""},"product_brand":[],"product_cat":[23],"product_tag":[],"class_list":{"0":"post-48238","1":"product","2":"type-product","3":"status-publish","4":"has-post-thumbnail","6":"product_cat-genel","8":"first","9":"instock","10":"purchasable","11":"product-type-simple","12":"entry","13":"content-bg","14":"loop-entry"},"_links":{"self":[{"href":"https:\/\/www.hediyepazar.com\/index.php?rest_route=\/wp\/v2\/product\/48238","targetHints":{"allow":["GET"]}}],"collection":[{"href":"https:\/\/www.hediyepazar.com\/index.php?rest_route=\/wp\/v2\/product"}],"about":[{"href":"https:\/\/www.hediyepazar.com\/index.php?rest_route=\/wp\/v2\/types\/product"}],"replies":[{"embeddable":true,"href":"https:\/\/www.hediyepazar.com\/index.php?rest_route=%2Fwp%2Fv2%2Fcomments&post=48238"}],"wp:featuredmedia":[{"embeddable":true,"href":"https:\/\/www.hediyepazar.com\/index.php?rest_route=\/wp\/v2\/media\/48237"}],"wp:attachment":[{"href":"https:\/\/www.hediyepazar.com\/index.php?rest_route=%2Fwp%2Fv2%2Fmedia&parent=48238"}],"wp:term":[{"taxonomy":"product_brand","embeddable":true,"href":"https:\/\/www.hediyepazar.com\/index.php?rest_route=%2Fwp%2Fv2%2Fproduct_brand&post=48238"},{"taxonomy":"product_cat","embeddable":true,"href":"https:\/\/www.hediyepazar.com\/index.php?rest_route=%2Fwp%2Fv2%2Fproduct_cat&post=48238"},{"taxonomy":"product_tag","embeddable":true,"href":"https:\/\/www.hediyepazar.com\/index.php?rest_route=%2Fwp%2Fv2%2Fproduct_tag&post=48238"}],"curies":[{"name":"wp","href":"https:\/\/api.w.org\/{rel}","templated":true}]}}