{"id":48250,"date":"2026-04-27T01:41:07","date_gmt":"2026-04-27T04:41:07","guid":{"rendered":"https:\/\/www.hediyepazar.com\/?product=saglikli-icecekler-icin-kompakt-usb-sarjli-blender"},"modified":"2026-04-27T01:41:07","modified_gmt":"2026-04-27T04:41:07","slug":"saglikli-icecekler-icin-kompakt-usb-sarjli-blender","status":"publish","type":"product","link":"https:\/\/www.hediyepazar.com\/?product=saglikli-icecekler-icin-kompakt-usb-sarjli-blender","title":{"rendered":"Sa\u011fl\u0131kl\u0131 \u0130\u00e7ecekler \u0130\u00e7in Kompakt Usb \u015earjl\u0131 Blender"},"content":{"rendered":"","protected":false},"excerpt":{"rendered":"<p>Ta\u015f\u0131nabilir smoothie blender, sa\u011fl\u0131kl\u0131 beslenmeyi g\u00fcnl\u00fck hayat\u0131na dahil etmek isteyenler i\u00e7in ideal bir yard\u0131mc\u0131d\u0131r. Tek tu\u015fla \u00e7al\u0131\u015ft\u0131r\u0131labilen basit kullan\u0131m yap\u0131s\u0131 sayesinde herkes taraf\u0131ndan rahatl\u0131kla tercih edilebilir. Meyve ve i\u00e7ecek kar\u0131\u015f\u0131mlar\u0131 i\u00e7in uygundur ve g\u00fcnl\u00fck kullan\u0131mda pratiklik sa\u011flar.<\/p>\n","protected":false},"featured_media":48249,"comment_status":"open","ping_status":"closed","template":"","meta":{"_kad_post_transparent":"","_kad_post_title":"","_kad_post_layout":"","_kad_post_sidebar_id":"","_kad_post_content_style":"","_kad_post_vertical_padding":"","_kad_post_feature":"","_kad_post_feature_position":"","_kad_post_header":false,"_kad_post_footer":false,"_kad_post_classname":""},"product_brand":[],"product_cat":[23],"product_tag":[],"class_list":{"0":"post-48250","1":"product","2":"type-product","3":"status-publish","4":"has-post-thumbnail","6":"product_cat-genel","8":"first","9":"instock","10":"purchasable","11":"product-type-simple","12":"entry","13":"content-bg","14":"loop-entry"},"_links":{"self":[{"href":"https:\/\/www.hediyepazar.com\/index.php?rest_route=\/wp\/v2\/product\/48250","targetHints":{"allow":["GET"]}}],"collection":[{"href":"https:\/\/www.hediyepazar.com\/index.php?rest_route=\/wp\/v2\/product"}],"about":[{"href":"https:\/\/www.hediyepazar.com\/index.php?rest_route=\/wp\/v2\/types\/product"}],"replies":[{"embeddable":true,"href":"https:\/\/www.hediyepazar.com\/index.php?rest_route=%2Fwp%2Fv2%2Fcomments&post=48250"}],"wp:featuredmedia":[{"embeddable":true,"href":"https:\/\/www.hediyepazar.com\/index.php?rest_route=\/wp\/v2\/media\/48249"}],"wp:attachment":[{"href":"https:\/\/www.hediyepazar.com\/index.php?rest_route=%2Fwp%2Fv2%2Fmedia&parent=48250"}],"wp:term":[{"taxonomy":"product_brand","embeddable":true,"href":"https:\/\/www.hediyepazar.com\/index.php?rest_route=%2Fwp%2Fv2%2Fproduct_brand&post=48250"},{"taxonomy":"product_cat","embeddable":true,"href":"https:\/\/www.hediyepazar.com\/index.php?rest_route=%2Fwp%2Fv2%2Fproduct_cat&post=48250"},{"taxonomy":"product_tag","embeddable":true,"href":"https:\/\/www.hediyepazar.com\/index.php?rest_route=%2Fwp%2Fv2%2Fproduct_tag&post=48250"}],"curies":[{"name":"wp","href":"https:\/\/api.w.org\/{rel}","templated":true}]}}