{"id":48502,"date":"2026-04-27T01:47:11","date_gmt":"2026-04-27T04:47:11","guid":{"rendered":"https:\/\/www.hediyepazar.com\/?product=uzun-sure-dayanikli-manyetik-baslikli-bluetooth-kulaklik"},"modified":"2026-04-27T01:47:11","modified_gmt":"2026-04-27T04:47:11","slug":"uzun-sure-dayanikli-manyetik-baslikli-bluetooth-kulaklik","status":"publish","type":"product","link":"https:\/\/www.hediyepazar.com\/?product=uzun-sure-dayanikli-manyetik-baslikli-bluetooth-kulaklik","title":{"rendered":"Uzun S\u00fcre Dayan\u0131kl\u0131 Manyetik Ba\u015fl\u0131kl\u0131 Bluetooth Kulakl\u0131k"},"content":{"rendered":"","protected":false},"excerpt":{"rendered":"<p>Geli\u015fmi\u015f pil kapasitesi ve ergonomik tasar\u0131m\u0131yla bu kablosuz kulakl\u0131k, m\u00fczik severler ve yo\u011fun telefon g\u00f6r\u00fc\u015fmesi yapan kullan\u0131c\u0131lar i\u00e7in m\u00fckemmel bir \u00e7\u00f6z\u00fcmd\u00fcr. 100 saate kadar kullan\u0131m \u00f6mr\u00fc sunan g\u00fc\u00e7l\u00fc bataryas\u0131 sayesinde \u015farj etme derdi ya\u015famazs\u0131n\u0131z. Boyun ask\u0131l\u0131 yap\u0131s\u0131 kulaktan d\u00fc\u015fmesini engellerken uzun s\u00fcreli kullan\u0131mda konfor sa\u011flar. Bluetooth ba\u011flant\u0131s\u0131 h\u0131zl\u0131 ve stabildir; telefon, tablet ve bilgisayar gibi t\u00fcm uyumlu cihazlarla an\u0131nda e\u015fle\u015fir. Ses kalitesi berrak ve g\u00fc\u00e7l\u00fcd\u00fcr; baslar derin, tizler net bir \u015fekilde duyulur. Kulak i\u00e7i uyumu m\u00fckemmeldir ve d\u0131\u015far\u0131dan gelen g\u00fcr\u00fclt\u00fcy\u00fc azaltarak odaklanman\u0131z\u0131 kolayla\u015ft\u0131r\u0131r. Spor s\u0131ras\u0131nda, seyahatte ya da g\u00fcnl\u00fck ya\u015famda ideal bir kullan\u0131m sunar. Kullan\u0131lmad\u0131\u011f\u0131nda manyetik ba\u015fl\u0131klar kulakl\u0131k u\u00e7lar\u0131n\u0131 birbirine yap\u0131\u015ft\u0131r\u0131r, bu da ta\u015f\u0131ma kolayl\u0131\u011f\u0131 sa\u011flar. USB kablo \u00fczerinden \u015farj edilen bu model, pratik ve dayan\u0131kl\u0131 yap\u0131s\u0131yla uzun y\u0131llar g\u00fcvenilir bir deneyim sunar.<\/p>\n","protected":false},"featured_media":48501,"comment_status":"open","ping_status":"closed","template":"","meta":{"_kad_post_transparent":"","_kad_post_title":"","_kad_post_layout":"","_kad_post_sidebar_id":"","_kad_post_content_style":"","_kad_post_vertical_padding":"","_kad_post_feature":"","_kad_post_feature_position":"","_kad_post_header":false,"_kad_post_footer":false,"_kad_post_classname":""},"product_brand":[],"product_cat":[23],"product_tag":[],"class_list":{"0":"post-48502","1":"product","2":"type-product","3":"status-publish","4":"has-post-thumbnail","6":"product_cat-genel","8":"first","9":"instock","10":"purchasable","11":"product-type-simple","12":"entry","13":"content-bg","14":"loop-entry"},"_links":{"self":[{"href":"https:\/\/www.hediyepazar.com\/index.php?rest_route=\/wp\/v2\/product\/48502","targetHints":{"allow":["GET"]}}],"collection":[{"href":"https:\/\/www.hediyepazar.com\/index.php?rest_route=\/wp\/v2\/product"}],"about":[{"href":"https:\/\/www.hediyepazar.com\/index.php?rest_route=\/wp\/v2\/types\/product"}],"replies":[{"embeddable":true,"href":"https:\/\/www.hediyepazar.com\/index.php?rest_route=%2Fwp%2Fv2%2Fcomments&post=48502"}],"wp:featuredmedia":[{"embeddable":true,"href":"https:\/\/www.hediyepazar.com\/index.php?rest_route=\/wp\/v2\/media\/48501"}],"wp:attachment":[{"href":"https:\/\/www.hediyepazar.com\/index.php?rest_route=%2Fwp%2Fv2%2Fmedia&parent=48502"}],"wp:term":[{"taxonomy":"product_brand","embeddable":true,"href":"https:\/\/www.hediyepazar.com\/index.php?rest_route=%2Fwp%2Fv2%2Fproduct_brand&post=48502"},{"taxonomy":"product_cat","embeddable":true,"href":"https:\/\/www.hediyepazar.com\/index.php?rest_route=%2Fwp%2Fv2%2Fproduct_cat&post=48502"},{"taxonomy":"product_tag","embeddable":true,"href":"https:\/\/www.hediyepazar.com\/index.php?rest_route=%2Fwp%2Fv2%2Fproduct_tag&post=48502"}],"curies":[{"name":"wp","href":"https:\/\/api.w.org\/{rel}","templated":true}]}}