{"id":48508,"date":"2026-04-27T01:47:22","date_gmt":"2026-04-27T04:47:22","guid":{"rendered":"https:\/\/www.hediyepazar.com\/?product=boyun-askili-kablosuz-kulaklik-uzun-sureli-batarya-performansi"},"modified":"2026-04-27T01:47:22","modified_gmt":"2026-04-27T04:47:22","slug":"boyun-askili-kablosuz-kulaklik-uzun-sureli-batarya-performansi","status":"publish","type":"product","link":"https:\/\/www.hediyepazar.com\/?product=boyun-askili-kablosuz-kulaklik-uzun-sureli-batarya-performansi","title":{"rendered":"Boyun Ask\u0131l\u0131 Kablosuz Kulakl\u0131k \u2013 Uzun S\u00fcreli Batarya Performans\u0131"},"content":{"rendered":"","protected":false},"excerpt":{"rendered":"<p>Bu kablosuz kulakl\u0131k, boyun ask\u0131l\u0131 yap\u0131s\u0131yla ta\u015f\u0131nabilirli\u011fi art\u0131r\u0131rken, tek \u015farjla 100 saate kadar kullan\u0131m s\u00fcresi sa\u011flar. Bluetooth ba\u011flant\u0131s\u0131 sayesinde farkl\u0131 cihazlarla an\u0131nda senkronize olabilir. Kulakl\u0131k, m\u00fczik dinleme, telefon g\u00f6r\u00fc\u015fmesi yapma ve video izleme gibi \u00e7ok ama\u00e7l\u0131 kullan\u0131mlar i\u00e7in uygundur. Kulakl\u0131k u\u00e7lar\u0131 ergonomik olarak kula\u011fa tam oturur ve rahat bir kullan\u0131m deneyimi sunar. Manyetik ba\u015fl\u0131klar sayesinde kullan\u0131lmad\u0131\u011f\u0131nda kulakl\u0131klar birbirine tutunarak kolay ta\u015f\u0131n\u0131r. Ses kalitesi dengeli olup d\u0131\u015f ortam seslerini engelleme \u00f6zelli\u011fiyle birlikte gelir. G\u00fcn boyu kullan\u0131mda dahi rahats\u0131zl\u0131k vermez. Hafif yap\u0131s\u0131yla \u00e7antada ya da boyunda rahatl\u0131kla ta\u015f\u0131nabilir.<\/p>\n","protected":false},"featured_media":48507,"comment_status":"open","ping_status":"closed","template":"","meta":{"_kad_post_transparent":"","_kad_post_title":"","_kad_post_layout":"","_kad_post_sidebar_id":"","_kad_post_content_style":"","_kad_post_vertical_padding":"","_kad_post_feature":"","_kad_post_feature_position":"","_kad_post_header":false,"_kad_post_footer":false,"_kad_post_classname":""},"product_brand":[],"product_cat":[23],"product_tag":[],"class_list":{"0":"post-48508","1":"product","2":"type-product","3":"status-publish","4":"has-post-thumbnail","6":"product_cat-genel","8":"first","9":"instock","10":"purchasable","11":"product-type-simple","12":"entry","13":"content-bg","14":"loop-entry"},"_links":{"self":[{"href":"https:\/\/www.hediyepazar.com\/index.php?rest_route=\/wp\/v2\/product\/48508","targetHints":{"allow":["GET"]}}],"collection":[{"href":"https:\/\/www.hediyepazar.com\/index.php?rest_route=\/wp\/v2\/product"}],"about":[{"href":"https:\/\/www.hediyepazar.com\/index.php?rest_route=\/wp\/v2\/types\/product"}],"replies":[{"embeddable":true,"href":"https:\/\/www.hediyepazar.com\/index.php?rest_route=%2Fwp%2Fv2%2Fcomments&post=48508"}],"wp:featuredmedia":[{"embeddable":true,"href":"https:\/\/www.hediyepazar.com\/index.php?rest_route=\/wp\/v2\/media\/48507"}],"wp:attachment":[{"href":"https:\/\/www.hediyepazar.com\/index.php?rest_route=%2Fwp%2Fv2%2Fmedia&parent=48508"}],"wp:term":[{"taxonomy":"product_brand","embeddable":true,"href":"https:\/\/www.hediyepazar.com\/index.php?rest_route=%2Fwp%2Fv2%2Fproduct_brand&post=48508"},{"taxonomy":"product_cat","embeddable":true,"href":"https:\/\/www.hediyepazar.com\/index.php?rest_route=%2Fwp%2Fv2%2Fproduct_cat&post=48508"},{"taxonomy":"product_tag","embeddable":true,"href":"https:\/\/www.hediyepazar.com\/index.php?rest_route=%2Fwp%2Fv2%2Fproduct_tag&post=48508"}],"curies":[{"name":"wp","href":"https:\/\/api.w.org\/{rel}","templated":true}]}}