{"id":48514,"date":"2026-04-27T01:47:29","date_gmt":"2026-04-27T04:47:29","guid":{"rendered":"https:\/\/www.hediyepazar.com\/?product=boyun-askili-kulaklik-100-saat-kullanim-suresi-ergonomik-tasarim"},"modified":"2026-04-27T01:47:29","modified_gmt":"2026-04-27T04:47:29","slug":"boyun-askili-kulaklik-100-saat-kullanim-suresi-ergonomik-tasarim","status":"publish","type":"product","link":"https:\/\/www.hediyepazar.com\/?product=boyun-askili-kulaklik-100-saat-kullanim-suresi-ergonomik-tasarim","title":{"rendered":"Boyun Ask\u0131l\u0131 Kulakl\u0131k \u2013 100 Saat Kullan\u0131m S\u00fcresi, Ergonomik Tasar\u0131m"},"content":{"rendered":"","protected":false},"excerpt":{"rendered":"<p>Bu kulakl\u0131k, boyun ask\u0131l\u0131 yap\u0131s\u0131 sayesinde g\u00fcn boyu konforlu kullan\u0131m sunar. Ergonomik tasar\u0131m\u0131yla hareket \u00f6zg\u00fcrl\u00fc\u011f\u00fc sa\u011flarken, uzun s\u00fcreli pil \u00f6mr\u00fc ile \u00f6ne \u00e7\u0131kar. Tek \u015farjla yakla\u015f\u0131k 100 saate kadar m\u00fczik dinleme veya konu\u015fma s\u00fcresi sunar. Bluetooth ba\u011flant\u0131 deste\u011fi ile telefon, tablet ve bilgisayarla kolayca e\u015fle\u015fir. Y\u00fcksek kaliteli ses \u00e7\u0131k\u0131\u015f\u0131 ile net ve dengeli ses deneyimi sunar. G\u00fcr\u00fclt\u00fc azaltma \u00f6zelli\u011fi sayesinde d\u0131\u015f sesleri minimuma indirerek daha net \u00e7a\u011fr\u0131 kalitesi sa\u011flar. Manyetik kulakl\u0131k ba\u015fl\u0131klar\u0131 ta\u015f\u0131may\u0131 kolayla\u015ft\u0131r\u0131r ve da\u011f\u0131lmay\u0131 \u00f6nler. Spor, y\u00fcr\u00fcy\u00fc\u015f, g\u00fcnl\u00fck kullan\u0131m ve seyahat gibi aktiviteler i\u00e7in uygundur. Cihaz \u015farj olurken h\u0131zl\u0131 dolum deste\u011fi sayesinde k\u0131sa s\u00fcrede kullan\u0131ma haz\u0131r hale gelir.\u00a0\u00a0<\/p>\n","protected":false},"featured_media":48513,"comment_status":"open","ping_status":"closed","template":"","meta":{"_kad_post_transparent":"","_kad_post_title":"","_kad_post_layout":"","_kad_post_sidebar_id":"","_kad_post_content_style":"","_kad_post_vertical_padding":"","_kad_post_feature":"","_kad_post_feature_position":"","_kad_post_header":false,"_kad_post_footer":false,"_kad_post_classname":""},"product_brand":[],"product_cat":[23],"product_tag":[],"class_list":{"0":"post-48514","1":"product","2":"type-product","3":"status-publish","4":"has-post-thumbnail","6":"product_cat-genel","8":"first","9":"instock","10":"purchasable","11":"product-type-simple","12":"entry","13":"content-bg","14":"loop-entry"},"_links":{"self":[{"href":"https:\/\/www.hediyepazar.com\/index.php?rest_route=\/wp\/v2\/product\/48514","targetHints":{"allow":["GET"]}}],"collection":[{"href":"https:\/\/www.hediyepazar.com\/index.php?rest_route=\/wp\/v2\/product"}],"about":[{"href":"https:\/\/www.hediyepazar.com\/index.php?rest_route=\/wp\/v2\/types\/product"}],"replies":[{"embeddable":true,"href":"https:\/\/www.hediyepazar.com\/index.php?rest_route=%2Fwp%2Fv2%2Fcomments&post=48514"}],"wp:featuredmedia":[{"embeddable":true,"href":"https:\/\/www.hediyepazar.com\/index.php?rest_route=\/wp\/v2\/media\/48513"}],"wp:attachment":[{"href":"https:\/\/www.hediyepazar.com\/index.php?rest_route=%2Fwp%2Fv2%2Fmedia&parent=48514"}],"wp:term":[{"taxonomy":"product_brand","embeddable":true,"href":"https:\/\/www.hediyepazar.com\/index.php?rest_route=%2Fwp%2Fv2%2Fproduct_brand&post=48514"},{"taxonomy":"product_cat","embeddable":true,"href":"https:\/\/www.hediyepazar.com\/index.php?rest_route=%2Fwp%2Fv2%2Fproduct_cat&post=48514"},{"taxonomy":"product_tag","embeddable":true,"href":"https:\/\/www.hediyepazar.com\/index.php?rest_route=%2Fwp%2Fv2%2Fproduct_tag&post=48514"}],"curies":[{"name":"wp","href":"https:\/\/api.w.org\/{rel}","templated":true}]}}