{"id":48534,"date":"2026-04-27T01:47:45","date_gmt":"2026-04-27T04:47:45","guid":{"rendered":"https:\/\/www.hediyepazar.com\/?product=bluetooth-aramali-akilli-saat-ios-android-uyumlu"},"modified":"2026-04-27T01:47:45","modified_gmt":"2026-04-27T04:47:45","slug":"bluetooth-aramali-akilli-saat-ios-android-uyumlu","status":"publish","type":"product","link":"https:\/\/www.hediyepazar.com\/?product=bluetooth-aramali-akilli-saat-ios-android-uyumlu","title":{"rendered":"Bluetooth Aramal\u0131 Ak\u0131ll\u0131 Saat Ios Android Uyumlu"},"content":{"rendered":"","protected":false},"excerpt":{"rendered":"<p>Ak\u0131ll\u0131 saat, hem teknoloji hem de \u015f\u0131kl\u0131\u011f\u0131 bir araya getiriyor. 1.78\u2033 AMOLED ekran\u0131 ile y\u00fcksek \u00e7\u00f6z\u00fcn\u00fcrl\u00fck ve canl\u0131 renkler sunar. D\u00fc\u015f\u00fck enerji t\u00fcketimi sayesinde bataryan\u0131z daha uzun s\u00fcre dayan\u0131r. Bluetooth g\u00f6r\u00fc\u015fme \u00f6zelli\u011fi ile bile\u011finizden arama yapabilir, gelen \u00e7a\u011fr\u0131lar\u0131 yan\u0131tlayabilirsiniz. Dahili mikrofon ve hoparl\u00f6r ile sesli g\u00f6r\u00fc\u015fmeler kolayla\u015f\u0131r. Sa\u011fl\u0131k ve aktivite takibi \u00f6zellikleri aras\u0131nda nab\u0131z \u00f6l\u00e7er, uyku takibi, ad\u0131m sayar ve kalori sayac\u0131 yer al\u0131r. Spor yaparken \u00e7oklu egzersiz modlar\u0131yla performans\u0131n\u0131z\u0131 takip etmeniz m\u00fcmk\u00fcnd\u00fcr. IP67 suya dayan\u0131kl\u0131l\u0131k \u00f6zelli\u011fi, g\u00fcnl\u00fck kullan\u0131mda g\u00fcven sa\u011flar bildiri bile\u011finizden takip edebilirsiniz. 200\u2013270 mAh bataryas\u0131yla 1\u20134 g\u00fcn aktif kullan\u0131m, 5 g\u00fcn bekleme s\u00fcresi sunar. Yan\u0131nda gelen 3 farkl\u0131 silikon kordon, tarz\u0131n\u0131za g\u00f6re h\u0131zl\u0131ca de\u011fi\u015ftirilerek uyum sa\u011flar. IOS ve Android cihazlarla uyumlu olup Hyper Watch uygulamas\u0131 \u00fczerinden t\u00fcm sa\u011fl\u0131k verilerini senkronize edebilir, ekran ayarlar\u0131n\u0131 ki\u015fiselle\u015ftirebilirsiniz.<\/p>\n","protected":false},"featured_media":48533,"comment_status":"open","ping_status":"closed","template":"","meta":{"_kad_post_transparent":"","_kad_post_title":"","_kad_post_layout":"","_kad_post_sidebar_id":"","_kad_post_content_style":"","_kad_post_vertical_padding":"","_kad_post_feature":"","_kad_post_feature_position":"","_kad_post_header":false,"_kad_post_footer":false,"_kad_post_classname":""},"product_brand":[],"product_cat":[23],"product_tag":[],"class_list":{"0":"post-48534","1":"product","2":"type-product","3":"status-publish","4":"has-post-thumbnail","6":"product_cat-genel","8":"first","9":"instock","10":"purchasable","11":"product-type-simple","12":"entry","13":"content-bg","14":"loop-entry"},"_links":{"self":[{"href":"https:\/\/www.hediyepazar.com\/index.php?rest_route=\/wp\/v2\/product\/48534","targetHints":{"allow":["GET"]}}],"collection":[{"href":"https:\/\/www.hediyepazar.com\/index.php?rest_route=\/wp\/v2\/product"}],"about":[{"href":"https:\/\/www.hediyepazar.com\/index.php?rest_route=\/wp\/v2\/types\/product"}],"replies":[{"embeddable":true,"href":"https:\/\/www.hediyepazar.com\/index.php?rest_route=%2Fwp%2Fv2%2Fcomments&post=48534"}],"wp:featuredmedia":[{"embeddable":true,"href":"https:\/\/www.hediyepazar.com\/index.php?rest_route=\/wp\/v2\/media\/48533"}],"wp:attachment":[{"href":"https:\/\/www.hediyepazar.com\/index.php?rest_route=%2Fwp%2Fv2%2Fmedia&parent=48534"}],"wp:term":[{"taxonomy":"product_brand","embeddable":true,"href":"https:\/\/www.hediyepazar.com\/index.php?rest_route=%2Fwp%2Fv2%2Fproduct_brand&post=48534"},{"taxonomy":"product_cat","embeddable":true,"href":"https:\/\/www.hediyepazar.com\/index.php?rest_route=%2Fwp%2Fv2%2Fproduct_cat&post=48534"},{"taxonomy":"product_tag","embeddable":true,"href":"https:\/\/www.hediyepazar.com\/index.php?rest_route=%2Fwp%2Fv2%2Fproduct_tag&post=48534"}],"curies":[{"name":"wp","href":"https:\/\/api.w.org\/{rel}","templated":true}]}}