{"id":48540,"date":"2026-04-27T01:47:48","date_gmt":"2026-04-27T04:47:48","guid":{"rendered":"https:\/\/www.hediyepazar.com\/?product=ahr01-yuz-epilasyon"},"modified":"2026-04-27T01:47:48","modified_gmt":"2026-04-27T04:47:48","slug":"ahr01-yuz-epilasyon","status":"publish","type":"product","link":"https:\/\/www.hediyepazar.com\/?product=ahr01-yuz-epilasyon","title":{"rendered":"Ahr01 Y\u00fcz Epilasyon"},"content":{"rendered":"","protected":false},"excerpt":{"rendered":"<p>Y\u00fcz b\u00f6lgesinde g\u00fcvenli ve nazik epilasyon arayanlar i\u00e7in tasarlanan bu y\u00fcz epilasyon aleti, modern tasar\u0131m\u0131 ve kullan\u0131c\u0131 dostu yap\u0131s\u0131yla \u00f6ne \u00e7\u0131kar. \u0130nce t\u00fcyleri etkili \u015fekilde temizlerken cilt konforunu korur. LED beyaz \u0131\u015f\u0131k sayesinde detayl\u0131 epilasyon yap\u0131labilir. Sessiz \u00e7al\u0131\u015fmas\u0131 ve hafif yap\u0131s\u0131, \u00fcr\u00fcn\u00fc her ortamda kullan\u0131labilir hale getirir. Kad\u0131nlar i\u00e7in \u00f6zel olarak geli\u015ftirilen bu cihaz, t\u00fcm cilt tiplerine uyum sa\u011flar ve ki\u015fisel bak\u0131m rutininizi kolayla\u015ft\u0131r\u0131r.<\/p>\n","protected":false},"featured_media":48539,"comment_status":"open","ping_status":"closed","template":"","meta":{"_kad_post_transparent":"","_kad_post_title":"","_kad_post_layout":"","_kad_post_sidebar_id":"","_kad_post_content_style":"","_kad_post_vertical_padding":"","_kad_post_feature":"","_kad_post_feature_position":"","_kad_post_header":false,"_kad_post_footer":false,"_kad_post_classname":""},"product_brand":[],"product_cat":[23],"product_tag":[],"class_list":{"0":"post-48540","1":"product","2":"type-product","3":"status-publish","4":"has-post-thumbnail","6":"product_cat-genel","8":"first","9":"instock","10":"purchasable","11":"product-type-simple","12":"entry","13":"content-bg","14":"loop-entry"},"_links":{"self":[{"href":"https:\/\/www.hediyepazar.com\/index.php?rest_route=\/wp\/v2\/product\/48540","targetHints":{"allow":["GET"]}}],"collection":[{"href":"https:\/\/www.hediyepazar.com\/index.php?rest_route=\/wp\/v2\/product"}],"about":[{"href":"https:\/\/www.hediyepazar.com\/index.php?rest_route=\/wp\/v2\/types\/product"}],"replies":[{"embeddable":true,"href":"https:\/\/www.hediyepazar.com\/index.php?rest_route=%2Fwp%2Fv2%2Fcomments&post=48540"}],"wp:featuredmedia":[{"embeddable":true,"href":"https:\/\/www.hediyepazar.com\/index.php?rest_route=\/wp\/v2\/media\/48539"}],"wp:attachment":[{"href":"https:\/\/www.hediyepazar.com\/index.php?rest_route=%2Fwp%2Fv2%2Fmedia&parent=48540"}],"wp:term":[{"taxonomy":"product_brand","embeddable":true,"href":"https:\/\/www.hediyepazar.com\/index.php?rest_route=%2Fwp%2Fv2%2Fproduct_brand&post=48540"},{"taxonomy":"product_cat","embeddable":true,"href":"https:\/\/www.hediyepazar.com\/index.php?rest_route=%2Fwp%2Fv2%2Fproduct_cat&post=48540"},{"taxonomy":"product_tag","embeddable":true,"href":"https:\/\/www.hediyepazar.com\/index.php?rest_route=%2Fwp%2Fv2%2Fproduct_tag&post=48540"}],"curies":[{"name":"wp","href":"https:\/\/api.w.org\/{rel}","templated":true}]}}