{"id":48548,"date":"2026-04-27T01:48:01","date_gmt":"2026-04-27T04:48:01","guid":{"rendered":"https:\/\/www.hediyepazar.com\/?product=amoled-ekranli-akilli-saat-10-gun-pil-omru"},"modified":"2026-04-27T01:48:01","modified_gmt":"2026-04-27T04:48:01","slug":"amoled-ekranli-akilli-saat-10-gun-pil-omru","status":"publish","type":"product","link":"https:\/\/www.hediyepazar.com\/?product=amoled-ekranli-akilli-saat-10-gun-pil-omru","title":{"rendered":"Amoled Ekranl\u0131 Ak\u0131ll\u0131 Saat 10 G\u00fcn Pil \u00d6mr\u00fc"},"content":{"rendered":"","protected":false},"excerpt":{"rendered":"<p>Modern tasar\u0131m\u0131 ve geli\u015fmi\u015f \u00f6zellikleriyle \u00f6ne \u00e7\u0131kan bu ak\u0131ll\u0131 saat, AMOLED ekran teknolojisi sayesinde canl\u0131 renkler ve net g\u00f6r\u00fcnt\u00fcler sunar. Geni\u015f ekran yap\u0131s\u0131, bildirimleri ve men\u00fcleri rahat\u00e7a g\u00f6r\u00fcnt\u00fclemenizi sa\u011flar. G\u00fcnl\u00fck kullan\u0131mda hem \u015f\u0131kl\u0131k hem de fonksiyonellik arayanlar i\u00e7in ideal bir tercihtir. 10 g\u00fcne kadar uzayan pil \u00f6mr\u00fc sayesinde s\u0131k s\u0131k \u015farj etme ihtiyac\u0131n\u0131 ortadan kald\u0131r\u0131r. Kablosuz \u015farj deste\u011fi, kullan\u0131m kolayl\u0131\u011f\u0131 sa\u011flarken masa\u00fcst\u00fc ve gece kullan\u0131m\u0131nda pratik bir deneyim sunar. Ultra ince yap\u0131s\u0131 sayesinde bilekte hafif ve konforlu bir his olu\u015fturur. G\u00fcnl\u00fck ya\u015fam\u0131 kolayla\u015ft\u0131ran ak\u0131ll\u0131 \u00f6zellikleriyle \u00f6ne \u00e7\u0131kar.<\/p>\n","protected":false},"featured_media":48547,"comment_status":"open","ping_status":"closed","template":"","meta":{"_kad_post_transparent":"","_kad_post_title":"","_kad_post_layout":"","_kad_post_sidebar_id":"","_kad_post_content_style":"","_kad_post_vertical_padding":"","_kad_post_feature":"","_kad_post_feature_position":"","_kad_post_header":false,"_kad_post_footer":false,"_kad_post_classname":""},"product_brand":[],"product_cat":[23],"product_tag":[],"class_list":{"0":"post-48548","1":"product","2":"type-product","3":"status-publish","4":"has-post-thumbnail","6":"product_cat-genel","8":"first","9":"instock","10":"purchasable","11":"product-type-simple","12":"entry","13":"content-bg","14":"loop-entry"},"_links":{"self":[{"href":"https:\/\/www.hediyepazar.com\/index.php?rest_route=\/wp\/v2\/product\/48548","targetHints":{"allow":["GET"]}}],"collection":[{"href":"https:\/\/www.hediyepazar.com\/index.php?rest_route=\/wp\/v2\/product"}],"about":[{"href":"https:\/\/www.hediyepazar.com\/index.php?rest_route=\/wp\/v2\/types\/product"}],"replies":[{"embeddable":true,"href":"https:\/\/www.hediyepazar.com\/index.php?rest_route=%2Fwp%2Fv2%2Fcomments&post=48548"}],"wp:featuredmedia":[{"embeddable":true,"href":"https:\/\/www.hediyepazar.com\/index.php?rest_route=\/wp\/v2\/media\/48547"}],"wp:attachment":[{"href":"https:\/\/www.hediyepazar.com\/index.php?rest_route=%2Fwp%2Fv2%2Fmedia&parent=48548"}],"wp:term":[{"taxonomy":"product_brand","embeddable":true,"href":"https:\/\/www.hediyepazar.com\/index.php?rest_route=%2Fwp%2Fv2%2Fproduct_brand&post=48548"},{"taxonomy":"product_cat","embeddable":true,"href":"https:\/\/www.hediyepazar.com\/index.php?rest_route=%2Fwp%2Fv2%2Fproduct_cat&post=48548"},{"taxonomy":"product_tag","embeddable":true,"href":"https:\/\/www.hediyepazar.com\/index.php?rest_route=%2Fwp%2Fv2%2Fproduct_tag&post=48548"}],"curies":[{"name":"wp","href":"https:\/\/api.w.org\/{rel}","templated":true}]}}