{"id":48554,"date":"2026-04-27T01:48:27","date_gmt":"2026-04-27T04:48:27","guid":{"rendered":"https:\/\/www.hediyepazar.com\/?product=nfc-destekli-akilli-saat-amoled-ekranli-sik-tasarim"},"modified":"2026-04-27T01:48:27","modified_gmt":"2026-04-27T04:48:27","slug":"nfc-destekli-akilli-saat-amoled-ekranli-sik-tasarim","status":"publish","type":"product","link":"https:\/\/www.hediyepazar.com\/?product=nfc-destekli-akilli-saat-amoled-ekranli-sik-tasarim","title":{"rendered":"Nfc Destekli Ak\u0131ll\u0131 Saat Amoled Ekranl\u0131 \u015e\u0131k Tasar\u0131m"},"content":{"rendered":"","protected":false},"excerpt":{"rendered":"<p>Fonksiyonel \u00f6zellikleri estetik bir tasar\u0131m ile birle\u015ftiren bu ak\u0131ll\u0131 saat, teknoloji ve konforu ayn\u0131 anda sunar. AMOLED ekran\u0131 canl\u0131 renkler ve y\u00fcksek \u00e7\u00f6z\u00fcn\u00fcrl\u00fck ile m\u00fckemmel bir g\u00f6r\u00fcnt\u00fc deneyimi sa\u011flar. Bluetooth arama \u00f6zelli\u011fi, bildirim deste\u011fi, m\u00fczik kontrol\u00fc ve hava durumu takibi gibi fonksiyonlar g\u00fcnl\u00fck hayat\u0131n\u0131z\u0131 daha verimli hale getirir. NFC deste\u011fi ile uyumlu sistemlerde h\u0131zl\u0131 ve temass\u0131z kullan\u0131m imk\u00e2n\u0131 sunar. Kablosuz \u015farj \u00f6zelli\u011fi sayesinde pratik bir kullan\u0131m sa\u011flarken, IP67 sertifikas\u0131 ile suya ve toza kar\u015f\u0131 dayan\u0131kl\u0131d\u0131r. Spor ve g\u00fcnl\u00fck aktiviteler i\u00e7in g\u00fcvenle kullan\u0131labilir. Ak\u0131ll\u0131 saat deneyimini ileri seviyeye ta\u015f\u0131mak isteyen kullan\u0131c\u0131lar i\u00e7in g\u00fc\u00e7l\u00fc ve \u015f\u0131k bir alternatiftir.<\/p>\n","protected":false},"featured_media":48553,"comment_status":"open","ping_status":"closed","template":"","meta":{"_kad_post_transparent":"","_kad_post_title":"","_kad_post_layout":"","_kad_post_sidebar_id":"","_kad_post_content_style":"","_kad_post_vertical_padding":"","_kad_post_feature":"","_kad_post_feature_position":"","_kad_post_header":false,"_kad_post_footer":false,"_kad_post_classname":""},"product_brand":[],"product_cat":[23],"product_tag":[],"class_list":{"0":"post-48554","1":"product","2":"type-product","3":"status-publish","4":"has-post-thumbnail","6":"product_cat-genel","8":"first","9":"instock","10":"purchasable","11":"product-type-simple","12":"entry","13":"content-bg","14":"loop-entry"},"_links":{"self":[{"href":"https:\/\/www.hediyepazar.com\/index.php?rest_route=\/wp\/v2\/product\/48554","targetHints":{"allow":["GET"]}}],"collection":[{"href":"https:\/\/www.hediyepazar.com\/index.php?rest_route=\/wp\/v2\/product"}],"about":[{"href":"https:\/\/www.hediyepazar.com\/index.php?rest_route=\/wp\/v2\/types\/product"}],"replies":[{"embeddable":true,"href":"https:\/\/www.hediyepazar.com\/index.php?rest_route=%2Fwp%2Fv2%2Fcomments&post=48554"}],"wp:featuredmedia":[{"embeddable":true,"href":"https:\/\/www.hediyepazar.com\/index.php?rest_route=\/wp\/v2\/media\/48553"}],"wp:attachment":[{"href":"https:\/\/www.hediyepazar.com\/index.php?rest_route=%2Fwp%2Fv2%2Fmedia&parent=48554"}],"wp:term":[{"taxonomy":"product_brand","embeddable":true,"href":"https:\/\/www.hediyepazar.com\/index.php?rest_route=%2Fwp%2Fv2%2Fproduct_brand&post=48554"},{"taxonomy":"product_cat","embeddable":true,"href":"https:\/\/www.hediyepazar.com\/index.php?rest_route=%2Fwp%2Fv2%2Fproduct_cat&post=48554"},{"taxonomy":"product_tag","embeddable":true,"href":"https:\/\/www.hediyepazar.com\/index.php?rest_route=%2Fwp%2Fv2%2Fproduct_tag&post=48554"}],"curies":[{"name":"wp","href":"https:\/\/api.w.org\/{rel}","templated":true}]}}