{"id":48562,"date":"2026-04-27T01:48:53","date_gmt":"2026-04-27T04:48:53","guid":{"rendered":"https:\/\/www.hediyepazar.com\/?product=sarjli-topuk-torpu"},"modified":"2026-04-27T01:48:53","modified_gmt":"2026-04-27T04:48:53","slug":"sarjli-topuk-torpu","status":"publish","type":"product","link":"https:\/\/www.hediyepazar.com\/?product=sarjli-topuk-torpu","title":{"rendered":"\u015earjl\u0131 Topuk T\u00f6rp\u00fc"},"content":{"rendered":"","protected":false},"excerpt":{"rendered":"<p>Bu elektrikli ayak bak\u0131m aleti, ayak bak\u0131m\u0131n\u0131 zahmetsiz ve konforlu hale getirmek i\u00e7in tasarlanm\u0131\u015ft\u0131r. Nas\u0131r ve \u00f6l\u00fc deriyi etkili \u015fekilde temizlerken cilde zarar vermez. Ergonomik tutu\u015fu, iki h\u0131z ayar\u0131 ve USB \u015farjl\u0131 yap\u0131s\u0131 ile hem yeni ba\u015flayanlar hem de d\u00fczenli bak\u0131m yapanlar i\u00e7in uygundur. Evde profesyonel ayak bak\u0131m\u0131 deneyimi sunar.<\/p>\n","protected":false},"featured_media":48561,"comment_status":"open","ping_status":"closed","template":"","meta":{"_kad_post_transparent":"","_kad_post_title":"","_kad_post_layout":"","_kad_post_sidebar_id":"","_kad_post_content_style":"","_kad_post_vertical_padding":"","_kad_post_feature":"","_kad_post_feature_position":"","_kad_post_header":false,"_kad_post_footer":false,"_kad_post_classname":""},"product_brand":[],"product_cat":[23],"product_tag":[],"class_list":{"0":"post-48562","1":"product","2":"type-product","3":"status-publish","4":"has-post-thumbnail","6":"product_cat-genel","8":"first","9":"instock","10":"purchasable","11":"product-type-simple","12":"entry","13":"content-bg","14":"loop-entry"},"_links":{"self":[{"href":"https:\/\/www.hediyepazar.com\/index.php?rest_route=\/wp\/v2\/product\/48562","targetHints":{"allow":["GET"]}}],"collection":[{"href":"https:\/\/www.hediyepazar.com\/index.php?rest_route=\/wp\/v2\/product"}],"about":[{"href":"https:\/\/www.hediyepazar.com\/index.php?rest_route=\/wp\/v2\/types\/product"}],"replies":[{"embeddable":true,"href":"https:\/\/www.hediyepazar.com\/index.php?rest_route=%2Fwp%2Fv2%2Fcomments&post=48562"}],"wp:featuredmedia":[{"embeddable":true,"href":"https:\/\/www.hediyepazar.com\/index.php?rest_route=\/wp\/v2\/media\/48561"}],"wp:attachment":[{"href":"https:\/\/www.hediyepazar.com\/index.php?rest_route=%2Fwp%2Fv2%2Fmedia&parent=48562"}],"wp:term":[{"taxonomy":"product_brand","embeddable":true,"href":"https:\/\/www.hediyepazar.com\/index.php?rest_route=%2Fwp%2Fv2%2Fproduct_brand&post=48562"},{"taxonomy":"product_cat","embeddable":true,"href":"https:\/\/www.hediyepazar.com\/index.php?rest_route=%2Fwp%2Fv2%2Fproduct_cat&post=48562"},{"taxonomy":"product_tag","embeddable":true,"href":"https:\/\/www.hediyepazar.com\/index.php?rest_route=%2Fwp%2Fv2%2Fproduct_tag&post=48562"}],"curies":[{"name":"wp","href":"https:\/\/api.w.org\/{rel}","templated":true}]}}