{"id":48566,"date":"2026-04-27T01:49:05","date_gmt":"2026-04-27T04:49:05","guid":{"rendered":"https:\/\/www.hediyepazar.com\/?product=usb-sarjli-ayak-torpusu-nasir-temizleyici-elektrikli"},"modified":"2026-04-27T01:49:05","modified_gmt":"2026-04-27T04:49:05","slug":"usb-sarjli-ayak-torpusu-nasir-temizleyici-elektrikli","status":"publish","type":"product","link":"https:\/\/www.hediyepazar.com\/?product=usb-sarjli-ayak-torpusu-nasir-temizleyici-elektrikli","title":{"rendered":"Usb \u015earjl\u0131 Ayak T\u00f6rp\u00fcs\u00fc Nas\u0131r Temizleyici Elektrikli"},"content":{"rendered":"","protected":false},"excerpt":{"rendered":"<p>Bu elektrikli kallus giderici, iki vitesli \u00e7al\u0131\u015fma sistemi ile donat\u0131lm\u0131\u015ft\u0131r. D\u00fc\u015f\u00fck h\u0131z hassas bak\u0131m i\u00e7in idealken, y\u00fcksek h\u0131z yo\u011fun nas\u0131r ve sert deriler i\u00e7in etkili sonu\u00e7 sunar. Ayarlanabilir h\u0131z \u00f6zelli\u011fi sayesinde her ayak tipine uyum sa\u011flar. 360\u00b0 masaj ve \u00f6\u011f\u00fctme sistemi, ayak derisi y\u00fczeyine uyum sa\u011flayarak p\u00fcr\u00fczs\u00fcz bir g\u00f6r\u00fcn\u00fcm elde edilmesine yard\u0131mc\u0131 olur. D\u00fczenli kullan\u0131mda ayak sa\u011fl\u0131\u011f\u0131n\u0131 destekler.<\/p>\n","protected":false},"featured_media":48565,"comment_status":"open","ping_status":"closed","template":"","meta":{"_kad_post_transparent":"","_kad_post_title":"","_kad_post_layout":"","_kad_post_sidebar_id":"","_kad_post_content_style":"","_kad_post_vertical_padding":"","_kad_post_feature":"","_kad_post_feature_position":"","_kad_post_header":false,"_kad_post_footer":false,"_kad_post_classname":""},"product_brand":[],"product_cat":[23],"product_tag":[],"class_list":{"0":"post-48566","1":"product","2":"type-product","3":"status-publish","4":"has-post-thumbnail","6":"product_cat-genel","8":"first","9":"instock","10":"purchasable","11":"product-type-simple","12":"entry","13":"content-bg","14":"loop-entry"},"_links":{"self":[{"href":"https:\/\/www.hediyepazar.com\/index.php?rest_route=\/wp\/v2\/product\/48566","targetHints":{"allow":["GET"]}}],"collection":[{"href":"https:\/\/www.hediyepazar.com\/index.php?rest_route=\/wp\/v2\/product"}],"about":[{"href":"https:\/\/www.hediyepazar.com\/index.php?rest_route=\/wp\/v2\/types\/product"}],"replies":[{"embeddable":true,"href":"https:\/\/www.hediyepazar.com\/index.php?rest_route=%2Fwp%2Fv2%2Fcomments&post=48566"}],"wp:featuredmedia":[{"embeddable":true,"href":"https:\/\/www.hediyepazar.com\/index.php?rest_route=\/wp\/v2\/media\/48565"}],"wp:attachment":[{"href":"https:\/\/www.hediyepazar.com\/index.php?rest_route=%2Fwp%2Fv2%2Fmedia&parent=48566"}],"wp:term":[{"taxonomy":"product_brand","embeddable":true,"href":"https:\/\/www.hediyepazar.com\/index.php?rest_route=%2Fwp%2Fv2%2Fproduct_brand&post=48566"},{"taxonomy":"product_cat","embeddable":true,"href":"https:\/\/www.hediyepazar.com\/index.php?rest_route=%2Fwp%2Fv2%2Fproduct_cat&post=48566"},{"taxonomy":"product_tag","embeddable":true,"href":"https:\/\/www.hediyepazar.com\/index.php?rest_route=%2Fwp%2Fv2%2Fproduct_tag&post=48566"}],"curies":[{"name":"wp","href":"https:\/\/api.w.org\/{rel}","templated":true}]}}