{"id":48574,"date":"2026-04-27T01:49:24","date_gmt":"2026-04-27T04:49:24","guid":{"rendered":"https:\/\/www.hediyepazar.com\/?product=awox-mini-fon-siyah"},"modified":"2026-04-27T01:49:24","modified_gmt":"2026-04-27T04:49:24","slug":"awox-mini-fon-siyah","status":"publish","type":"product","link":"https:\/\/www.hediyepazar.com\/?product=awox-mini-fon-siyah","title":{"rendered":"Awox Mini F\u00f6n Siyah"},"content":{"rendered":"","protected":false},"excerpt":{"rendered":"<p>\u00c7ok ama\u00e7l\u0131 katlanabilir sa\u00e7 kurutma makinesi, modern kullan\u0131c\u0131lar\u0131n ihtiya\u00e7lar\u0131n\u0131 kar\u015f\u0131lamak \u00fczere tasarlanm\u0131\u015ft\u0131r. Katlanabilir tasar\u0131m\u0131, \u00fcr\u00fcn\u00fc ta\u015f\u0131ma ve saklama a\u00e7\u0131s\u0131ndan avantajl\u0131 hale getirir. Seyahatlerde kolay kullan\u0131m sa\u011flar. \u0130ki kademeli h\u0131z ve \u0131s\u0131 ayar\u0131, farkl\u0131 sa\u00e7 tiplerine uyum sa\u011flar. Enerji tasarruflu yap\u0131s\u0131, uzun s\u00fcreli kullan\u0131mda avantaj sunar. 220\u2013240 V voltaj deste\u011fi ve farkl\u0131 priz tipleriyle uyumlu olmas\u0131, \u00fcr\u00fcn\u00fc \u00e7ok y\u00f6nl\u00fc bir sa\u00e7 kurutma makinesi haline getirir. Kompakt yap\u0131s\u0131 sayesinde her ortamda pratik kullan\u0131m sunan bu \u00fcr\u00fcn, ki\u015fisel bak\u0131m rutininin vazge\u00e7ilmez yard\u0131mc\u0131lar\u0131ndan biridir.<\/p>\n","protected":false},"featured_media":48573,"comment_status":"open","ping_status":"closed","template":"","meta":{"_kad_post_transparent":"","_kad_post_title":"","_kad_post_layout":"","_kad_post_sidebar_id":"","_kad_post_content_style":"","_kad_post_vertical_padding":"","_kad_post_feature":"","_kad_post_feature_position":"","_kad_post_header":false,"_kad_post_footer":false,"_kad_post_classname":""},"product_brand":[],"product_cat":[23],"product_tag":[],"class_list":{"0":"post-48574","1":"product","2":"type-product","3":"status-publish","4":"has-post-thumbnail","6":"product_cat-genel","8":"first","9":"instock","10":"purchasable","11":"product-type-simple","12":"entry","13":"content-bg","14":"loop-entry"},"_links":{"self":[{"href":"https:\/\/www.hediyepazar.com\/index.php?rest_route=\/wp\/v2\/product\/48574","targetHints":{"allow":["GET"]}}],"collection":[{"href":"https:\/\/www.hediyepazar.com\/index.php?rest_route=\/wp\/v2\/product"}],"about":[{"href":"https:\/\/www.hediyepazar.com\/index.php?rest_route=\/wp\/v2\/types\/product"}],"replies":[{"embeddable":true,"href":"https:\/\/www.hediyepazar.com\/index.php?rest_route=%2Fwp%2Fv2%2Fcomments&post=48574"}],"wp:featuredmedia":[{"embeddable":true,"href":"https:\/\/www.hediyepazar.com\/index.php?rest_route=\/wp\/v2\/media\/48573"}],"wp:attachment":[{"href":"https:\/\/www.hediyepazar.com\/index.php?rest_route=%2Fwp%2Fv2%2Fmedia&parent=48574"}],"wp:term":[{"taxonomy":"product_brand","embeddable":true,"href":"https:\/\/www.hediyepazar.com\/index.php?rest_route=%2Fwp%2Fv2%2Fproduct_brand&post=48574"},{"taxonomy":"product_cat","embeddable":true,"href":"https:\/\/www.hediyepazar.com\/index.php?rest_route=%2Fwp%2Fv2%2Fproduct_cat&post=48574"},{"taxonomy":"product_tag","embeddable":true,"href":"https:\/\/www.hediyepazar.com\/index.php?rest_route=%2Fwp%2Fv2%2Fproduct_tag&post=48574"}],"curies":[{"name":"wp","href":"https:\/\/api.w.org\/{rel}","templated":true}]}}