{"id":48586,"date":"2026-04-27T01:49:41","date_gmt":"2026-04-27T04:49:41","guid":{"rendered":"https:\/\/www.hediyepazar.com\/?product=7-kordonlu-akilli-saat-plastik-kordon-hasir-kordon-celik-kordon"},"modified":"2026-04-27T02:02:32","modified_gmt":"2026-04-27T05:02:32","slug":"7-kordonlu-akilli-saat-plastik-kordon-hasir-kordon-celik-kordon","status":"publish","type":"product","link":"https:\/\/www.hediyepazar.com\/?product=7-kordonlu-akilli-saat-plastik-kordon-hasir-kordon-celik-kordon","title":{"rendered":"7 Kordonlu Ak\u0131ll\u0131 Saat Plastik Kordon Has\u0131r Kordon \u00c7elik Kordon"},"content":{"rendered":"","protected":false},"excerpt":{"rendered":"<p>Geli\u015fmi\u015f Ekran Tasar\u0131m\u0131: 2,05 in\u00e7 IPS ekran\u0131, \u00e7er\u00e7evesiz tasar\u0131m\u0131 ve y\u00fcksek \u00e7\u00f6z\u00fcn\u00fcrl\u00fckl\u00fc duvar ka\u011f\u0131tlar\u0131yla g\u00f6z al\u0131c\u0131 bir g\u00f6rsel deneyim sunar. Ekran\u0131n b\u00fcy\u00fckl\u00fc\u011f\u00fc ve parlakl\u0131\u011f\u0131, g\u00fcn \u0131\u015f\u0131\u011f\u0131nda bile rahat\u00e7a kullan\u0131m imkan\u0131 sa\u011flar.Geli\u015fmi\u015f Mesaj Bildirim Sistemi:SMS, WeChat, Messenger, Telegram gibi pop\u00fcler mesajla\u015fma uygulamalar\u0131ndan gelen bildirimleri anl\u0131k olarak alabilir ve okunan ya da okunmayan mesajlar\u0131n\u0131z\u0131 takip edebilirsiniz.Spor Modlar\u0131 ve Sa\u011fl\u0131k Takibi: Kolay eri\u015fim tu\u015fu ile istedi\u011finiz spor moduna ge\u00e7i\u015f yapabilir, ad\u0131m sayar, kalp ritmi \u00f6l\u00e7me, oksijen sat\u00fcrasyonu \u00f6l\u00e7me gibi sa\u011fl\u0131k hat\u0131rlat\u0131c\u0131lar\u0131n\u0131 aktif hale getirebilirsiniz. Ayr\u0131ca, egzersiz hat\u0131rlat\u0131c\u0131lar\u0131, su i\u00e7me hat\u0131rlat\u0131c\u0131lar\u0131 gibi pratik hat\u0131rlat\u0131c\u0131larla sa\u011fl\u0131\u011f\u0131n\u0131z\u0131 her zaman \u00f6n planda tutars\u0131n\u0131z.<\/p>\n","protected":false},"featured_media":49129,"comment_status":"open","ping_status":"closed","template":"","meta":{"_kad_post_transparent":"","_kad_post_title":"","_kad_post_layout":"","_kad_post_sidebar_id":"","_kad_post_content_style":"","_kad_post_vertical_padding":"","_kad_post_feature":"","_kad_post_feature_position":"","_kad_post_header":false,"_kad_post_footer":false,"_kad_post_classname":""},"product_brand":[],"product_cat":[23],"product_tag":[],"class_list":{"0":"post-48586","1":"product","2":"type-product","3":"status-publish","4":"has-post-thumbnail","6":"product_cat-genel","8":"first","9":"instock","10":"purchasable","11":"product-type-simple","12":"entry","13":"content-bg","14":"loop-entry"},"_links":{"self":[{"href":"https:\/\/www.hediyepazar.com\/index.php?rest_route=\/wp\/v2\/product\/48586","targetHints":{"allow":["GET"]}}],"collection":[{"href":"https:\/\/www.hediyepazar.com\/index.php?rest_route=\/wp\/v2\/product"}],"about":[{"href":"https:\/\/www.hediyepazar.com\/index.php?rest_route=\/wp\/v2\/types\/product"}],"replies":[{"embeddable":true,"href":"https:\/\/www.hediyepazar.com\/index.php?rest_route=%2Fwp%2Fv2%2Fcomments&post=48586"}],"wp:featuredmedia":[{"embeddable":true,"href":"https:\/\/www.hediyepazar.com\/index.php?rest_route=\/wp\/v2\/media\/49129"}],"wp:attachment":[{"href":"https:\/\/www.hediyepazar.com\/index.php?rest_route=%2Fwp%2Fv2%2Fmedia&parent=48586"}],"wp:term":[{"taxonomy":"product_brand","embeddable":true,"href":"https:\/\/www.hediyepazar.com\/index.php?rest_route=%2Fwp%2Fv2%2Fproduct_brand&post=48586"},{"taxonomy":"product_cat","embeddable":true,"href":"https:\/\/www.hediyepazar.com\/index.php?rest_route=%2Fwp%2Fv2%2Fproduct_cat&post=48586"},{"taxonomy":"product_tag","embeddable":true,"href":"https:\/\/www.hediyepazar.com\/index.php?rest_route=%2Fwp%2Fv2%2Fproduct_tag&post=48586"}],"curies":[{"name":"wp","href":"https:\/\/api.w.org\/{rel}","templated":true}]}}