{"id":48602,"date":"2026-04-27T01:50:07","date_gmt":"2026-04-27T04:50:07","guid":{"rendered":"https:\/\/www.hediyepazar.com\/?product=rw75-akilli-saat"},"modified":"2026-04-27T01:50:07","modified_gmt":"2026-04-27T04:50:07","slug":"rw75-akilli-saat","status":"publish","type":"product","link":"https:\/\/www.hediyepazar.com\/?product=rw75-akilli-saat","title":{"rendered":"Rw75 Ak\u0131ll\u0131 Saat"},"content":{"rendered":"","protected":false},"excerpt":{"rendered":"<p>Bu ak\u0131ll\u0131 saat, y\u00fcksek g\u00f6r\u00fcnt\u00fc kalitesi sunan AMOLED ekran\u0131 ile dikkat \u00e7eker. 10 g\u00fcn kullan\u0131m s\u00fcresi, s\u0131k \u015farj ihtiyac\u0131n\u0131 minimuma indirir. Torch \u00f6zelli\u011fi, gece saatlerinde veya d\u00fc\u015f\u00fck \u0131\u015f\u0131kl\u0131 alanlarda pratik kullan\u0131m sa\u011flar. G\u00fcnl\u00fck kullan\u0131mda sade tasar\u0131m\u0131 ve g\u00fc\u00e7l\u00fc \u00f6zellikleri ile \u00f6ne \u00e7\u0131kan fonksiyonel bir ak\u0131ll\u0131 saat alternatifidir.<\/p>\n","protected":false},"featured_media":48601,"comment_status":"open","ping_status":"closed","template":"","meta":{"_kad_post_transparent":"","_kad_post_title":"","_kad_post_layout":"","_kad_post_sidebar_id":"","_kad_post_content_style":"","_kad_post_vertical_padding":"","_kad_post_feature":"","_kad_post_feature_position":"","_kad_post_header":false,"_kad_post_footer":false,"_kad_post_classname":""},"product_brand":[],"product_cat":[23],"product_tag":[],"class_list":{"0":"post-48602","1":"product","2":"type-product","3":"status-publish","4":"has-post-thumbnail","6":"product_cat-genel","8":"first","9":"instock","10":"purchasable","11":"product-type-simple","12":"entry","13":"content-bg","14":"loop-entry"},"_links":{"self":[{"href":"https:\/\/www.hediyepazar.com\/index.php?rest_route=\/wp\/v2\/product\/48602","targetHints":{"allow":["GET"]}}],"collection":[{"href":"https:\/\/www.hediyepazar.com\/index.php?rest_route=\/wp\/v2\/product"}],"about":[{"href":"https:\/\/www.hediyepazar.com\/index.php?rest_route=\/wp\/v2\/types\/product"}],"replies":[{"embeddable":true,"href":"https:\/\/www.hediyepazar.com\/index.php?rest_route=%2Fwp%2Fv2%2Fcomments&post=48602"}],"wp:featuredmedia":[{"embeddable":true,"href":"https:\/\/www.hediyepazar.com\/index.php?rest_route=\/wp\/v2\/media\/48601"}],"wp:attachment":[{"href":"https:\/\/www.hediyepazar.com\/index.php?rest_route=%2Fwp%2Fv2%2Fmedia&parent=48602"}],"wp:term":[{"taxonomy":"product_brand","embeddable":true,"href":"https:\/\/www.hediyepazar.com\/index.php?rest_route=%2Fwp%2Fv2%2Fproduct_brand&post=48602"},{"taxonomy":"product_cat","embeddable":true,"href":"https:\/\/www.hediyepazar.com\/index.php?rest_route=%2Fwp%2Fv2%2Fproduct_cat&post=48602"},{"taxonomy":"product_tag","embeddable":true,"href":"https:\/\/www.hediyepazar.com\/index.php?rest_route=%2Fwp%2Fv2%2Fproduct_tag&post=48602"}],"curies":[{"name":"wp","href":"https:\/\/api.w.org\/{rel}","templated":true}]}}