{"id":48604,"date":"2026-04-27T01:50:11","date_gmt":"2026-04-27T04:50:11","guid":{"rendered":"https:\/\/www.hediyepazar.com\/?product=gelismis-amoled-ekranli-uzun-sure-kullanimli-akilli-saat"},"modified":"2026-04-27T01:50:11","modified_gmt":"2026-04-27T04:50:11","slug":"gelismis-amoled-ekranli-uzun-sure-kullanimli-akilli-saat","status":"publish","type":"product","link":"https:\/\/www.hediyepazar.com\/?product=gelismis-amoled-ekranli-uzun-sure-kullanimli-akilli-saat","title":{"rendered":"Geli\u015fmi\u015f Amoled Ekranl\u0131 Uzun S\u00fcre Kullan\u0131ml\u0131 Ak\u0131ll\u0131 Saat"},"content":{"rendered":"","protected":false},"excerpt":{"rendered":"<p>AMOLED ekranl\u0131 bu ak\u0131ll\u0131 saat, modern g\u00f6r\u00fcn\u00fcm\u00fc ve i\u015flevsel \u00f6zellikleri ile \u00f6ne \u00e7\u0131kar. Uzun pil \u00f6mr\u00fc sayesinde 10 g\u00fcne kadar kesintisiz kullan\u0131m sunar. Dahili torch \u00f6zelli\u011fi, karanl\u0131k ortamlarda h\u0131zl\u0131 \u00e7\u00f6z\u00fcm sa\u011flar. G\u00fcnl\u00fck ya\u015famda konfor, pratiklik ve esteti\u011fi bir arada isteyen kullan\u0131c\u0131lar i\u00e7in uygundur.<\/p>\n","protected":false},"featured_media":48603,"comment_status":"open","ping_status":"closed","template":"","meta":{"_kad_post_transparent":"","_kad_post_title":"","_kad_post_layout":"","_kad_post_sidebar_id":"","_kad_post_content_style":"","_kad_post_vertical_padding":"","_kad_post_feature":"","_kad_post_feature_position":"","_kad_post_header":false,"_kad_post_footer":false,"_kad_post_classname":""},"product_brand":[],"product_cat":[23],"product_tag":[],"class_list":{"0":"post-48604","1":"product","2":"type-product","3":"status-publish","4":"has-post-thumbnail","6":"product_cat-genel","8":"first","9":"instock","10":"purchasable","11":"product-type-simple","12":"entry","13":"content-bg","14":"loop-entry"},"_links":{"self":[{"href":"https:\/\/www.hediyepazar.com\/index.php?rest_route=\/wp\/v2\/product\/48604","targetHints":{"allow":["GET"]}}],"collection":[{"href":"https:\/\/www.hediyepazar.com\/index.php?rest_route=\/wp\/v2\/product"}],"about":[{"href":"https:\/\/www.hediyepazar.com\/index.php?rest_route=\/wp\/v2\/types\/product"}],"replies":[{"embeddable":true,"href":"https:\/\/www.hediyepazar.com\/index.php?rest_route=%2Fwp%2Fv2%2Fcomments&post=48604"}],"wp:featuredmedia":[{"embeddable":true,"href":"https:\/\/www.hediyepazar.com\/index.php?rest_route=\/wp\/v2\/media\/48603"}],"wp:attachment":[{"href":"https:\/\/www.hediyepazar.com\/index.php?rest_route=%2Fwp%2Fv2%2Fmedia&parent=48604"}],"wp:term":[{"taxonomy":"product_brand","embeddable":true,"href":"https:\/\/www.hediyepazar.com\/index.php?rest_route=%2Fwp%2Fv2%2Fproduct_brand&post=48604"},{"taxonomy":"product_cat","embeddable":true,"href":"https:\/\/www.hediyepazar.com\/index.php?rest_route=%2Fwp%2Fv2%2Fproduct_cat&post=48604"},{"taxonomy":"product_tag","embeddable":true,"href":"https:\/\/www.hediyepazar.com\/index.php?rest_route=%2Fwp%2Fv2%2Fproduct_tag&post=48604"}],"curies":[{"name":"wp","href":"https:\/\/api.w.org\/{rel}","templated":true}]}}