{"id":48606,"date":"2026-04-27T01:50:16","date_gmt":"2026-04-27T04:50:16","guid":{"rendered":"https:\/\/www.hediyepazar.com\/?product=torch-ozellikli-amoled-ekranli-akilli-saat-uzun-pil"},"modified":"2026-04-27T01:50:16","modified_gmt":"2026-04-27T04:50:16","slug":"torch-ozellikli-amoled-ekranli-akilli-saat-uzun-pil","status":"publish","type":"product","link":"https:\/\/www.hediyepazar.com\/?product=torch-ozellikli-amoled-ekranli-akilli-saat-uzun-pil","title":{"rendered":"Torch \u00d6zellikli Amoled Ekranl\u0131 Ak\u0131ll\u0131 Saat Uzun Pil"},"content":{"rendered":"","protected":false},"excerpt":{"rendered":"<p>Tek \u015farjla 10 g\u00fcn kullan\u0131m s\u00fcresi sunan bu ak\u0131ll\u0131 saat, yo\u011fun kullan\u0131c\u0131lar i\u00e7in tasarlanm\u0131\u015ft\u0131r. AMOLED ekran teknolojisi, y\u00fcksek kontrast ve ak\u0131c\u0131 g\u00f6r\u00fcnt\u00fc deneyimi sa\u011flar. Torch \u00f6zelli\u011fi sayesinde ekstra fener ta\u015f\u0131ma ihtiyac\u0131n\u0131 ortadan kald\u0131r\u0131r. \u015e\u0131k ve sade tasar\u0131m\u0131 ile hem g\u00fcnl\u00fck kombinlere hem de klasik stile kolayca uyum sa\u011flar.<\/p>\n","protected":false},"featured_media":48605,"comment_status":"open","ping_status":"closed","template":"","meta":{"_kad_post_transparent":"","_kad_post_title":"","_kad_post_layout":"","_kad_post_sidebar_id":"","_kad_post_content_style":"","_kad_post_vertical_padding":"","_kad_post_feature":"","_kad_post_feature_position":"","_kad_post_header":false,"_kad_post_footer":false,"_kad_post_classname":""},"product_brand":[],"product_cat":[23],"product_tag":[],"class_list":{"0":"post-48606","1":"product","2":"type-product","3":"status-publish","4":"has-post-thumbnail","6":"product_cat-genel","8":"first","9":"instock","10":"purchasable","11":"product-type-simple","12":"entry","13":"content-bg","14":"loop-entry"},"_links":{"self":[{"href":"https:\/\/www.hediyepazar.com\/index.php?rest_route=\/wp\/v2\/product\/48606","targetHints":{"allow":["GET"]}}],"collection":[{"href":"https:\/\/www.hediyepazar.com\/index.php?rest_route=\/wp\/v2\/product"}],"about":[{"href":"https:\/\/www.hediyepazar.com\/index.php?rest_route=\/wp\/v2\/types\/product"}],"replies":[{"embeddable":true,"href":"https:\/\/www.hediyepazar.com\/index.php?rest_route=%2Fwp%2Fv2%2Fcomments&post=48606"}],"wp:featuredmedia":[{"embeddable":true,"href":"https:\/\/www.hediyepazar.com\/index.php?rest_route=\/wp\/v2\/media\/48605"}],"wp:attachment":[{"href":"https:\/\/www.hediyepazar.com\/index.php?rest_route=%2Fwp%2Fv2%2Fmedia&parent=48606"}],"wp:term":[{"taxonomy":"product_brand","embeddable":true,"href":"https:\/\/www.hediyepazar.com\/index.php?rest_route=%2Fwp%2Fv2%2Fproduct_brand&post=48606"},{"taxonomy":"product_cat","embeddable":true,"href":"https:\/\/www.hediyepazar.com\/index.php?rest_route=%2Fwp%2Fv2%2Fproduct_cat&post=48606"},{"taxonomy":"product_tag","embeddable":true,"href":"https:\/\/www.hediyepazar.com\/index.php?rest_route=%2Fwp%2Fv2%2Fproduct_tag&post=48606"}],"curies":[{"name":"wp","href":"https:\/\/api.w.org\/{rel}","templated":true}]}}