{"id":48612,"date":"2026-04-27T01:50:23","date_gmt":"2026-04-27T04:50:23","guid":{"rendered":"https:\/\/www.hediyepazar.com\/?product=amoled-ekranli-10-gun-kullanim-sureli-torch-ozellikli-akilli-saat"},"modified":"2026-04-27T01:50:23","modified_gmt":"2026-04-27T04:50:23","slug":"amoled-ekranli-10-gun-kullanim-sureli-torch-ozellikli-akilli-saat","status":"publish","type":"product","link":"https:\/\/www.hediyepazar.com\/?product=amoled-ekranli-10-gun-kullanim-sureli-torch-ozellikli-akilli-saat","title":{"rendered":"Amoled Ekranl\u0131 10 G\u00fcn Kullan\u0131m S\u00fcreli Torch \u00d6zellikli Ak\u0131ll\u0131 Saat"},"content":{"rendered":"","protected":false},"excerpt":{"rendered":"<p>AMOLED ekran teknolojisi ile donat\u0131lan bu ak\u0131ll\u0131 saat, canl\u0131 renkler ve y\u00fcksek netlik sunar. 10 g\u00fcne kadar kullan\u0131m s\u00fcresi, s\u0131k \u015farj etme ihtiyac\u0131n\u0131 azaltarak g\u00fcnl\u00fck hayatta b\u00fcy\u00fck kolayl\u0131k sa\u011flar. Dahili torch (el feneri) \u00f6zelli\u011fi, karanl\u0131k ortamlarda pratik bir ayd\u0131nlatma \u00e7\u00f6z\u00fcm\u00fc sunar. G\u00fcnl\u00fck kullan\u0131m i\u00e7in ideal olan bu ak\u0131ll\u0131 saat, hem i\u015f hem sosyal ya\u015famda konforlu bir deneyim sa\u011flar.<\/p>\n","protected":false},"featured_media":48611,"comment_status":"open","ping_status":"closed","template":"","meta":{"_kad_post_transparent":"","_kad_post_title":"","_kad_post_layout":"","_kad_post_sidebar_id":"","_kad_post_content_style":"","_kad_post_vertical_padding":"","_kad_post_feature":"","_kad_post_feature_position":"","_kad_post_header":false,"_kad_post_footer":false,"_kad_post_classname":""},"product_brand":[],"product_cat":[23],"product_tag":[],"class_list":{"0":"post-48612","1":"product","2":"type-product","3":"status-publish","4":"has-post-thumbnail","6":"product_cat-genel","8":"first","9":"instock","10":"purchasable","11":"product-type-simple","12":"entry","13":"content-bg","14":"loop-entry"},"_links":{"self":[{"href":"https:\/\/www.hediyepazar.com\/index.php?rest_route=\/wp\/v2\/product\/48612","targetHints":{"allow":["GET"]}}],"collection":[{"href":"https:\/\/www.hediyepazar.com\/index.php?rest_route=\/wp\/v2\/product"}],"about":[{"href":"https:\/\/www.hediyepazar.com\/index.php?rest_route=\/wp\/v2\/types\/product"}],"replies":[{"embeddable":true,"href":"https:\/\/www.hediyepazar.com\/index.php?rest_route=%2Fwp%2Fv2%2Fcomments&post=48612"}],"wp:featuredmedia":[{"embeddable":true,"href":"https:\/\/www.hediyepazar.com\/index.php?rest_route=\/wp\/v2\/media\/48611"}],"wp:attachment":[{"href":"https:\/\/www.hediyepazar.com\/index.php?rest_route=%2Fwp%2Fv2%2Fmedia&parent=48612"}],"wp:term":[{"taxonomy":"product_brand","embeddable":true,"href":"https:\/\/www.hediyepazar.com\/index.php?rest_route=%2Fwp%2Fv2%2Fproduct_brand&post=48612"},{"taxonomy":"product_cat","embeddable":true,"href":"https:\/\/www.hediyepazar.com\/index.php?rest_route=%2Fwp%2Fv2%2Fproduct_cat&post=48612"},{"taxonomy":"product_tag","embeddable":true,"href":"https:\/\/www.hediyepazar.com\/index.php?rest_route=%2Fwp%2Fv2%2Fproduct_tag&post=48612"}],"curies":[{"name":"wp","href":"https:\/\/api.w.org\/{rel}","templated":true}]}}