{"id":48660,"date":"2026-04-27T01:51:13","date_gmt":"2026-04-27T04:51:13","guid":{"rendered":"https:\/\/www.hediyepazar.com\/?product=yumusak-killi-elektrikli-dis-fircasi-yedek-baslik-seti-4lu"},"modified":"2026-04-27T01:51:13","modified_gmt":"2026-04-27T04:51:13","slug":"yumusak-killi-elektrikli-dis-fircasi-yedek-baslik-seti-4lu","status":"publish","type":"product","link":"https:\/\/www.hediyepazar.com\/?product=yumusak-killi-elektrikli-dis-fircasi-yedek-baslik-seti-4lu","title":{"rendered":"Yumu\u015fak K\u0131ll\u0131 Elektrikli Di\u015f F\u0131r\u00e7as\u0131 Yedek Ba\u015fl\u0131k Seti 4\u2019l\u00fc"},"content":{"rendered":"","protected":false},"excerpt":{"rendered":"<p>Bu yumu\u015fak k\u0131ll\u0131 di\u015f f\u0131r\u00e7as\u0131 yedek ba\u015fl\u0131klar\u0131, g\u00fcnl\u00fck a\u011f\u0131z bak\u0131m\u0131nda etkili temizlik sa\u011flamak \u00fczere tasarlanm\u0131\u015ft\u0131r. \u00d6zel olarak geli\u015ftirilmi\u015f yumu\u015fak k\u0131llar, di\u015f y\u00fczeyinde biriken plaklar\u0131n temizlenmesine yard\u0131mc\u0131 olurken di\u015f etlerine kar\u015f\u0131 nazik bir temas sunar. Manuel di\u015f f\u0131r\u00e7alar\u0131na k\u0131yasla daha derin temizlik sa\u011flayarak zor ula\u015f\u0131lan b\u00f6lgelerde bile etkili sonu\u00e7 elde edilmesine katk\u0131 sa\u011flar. Hassas di\u015f etlerine sahip kullan\u0131c\u0131lar i\u00e7in ideal olan yap\u0131s\u0131, g\u00fcnl\u00fck kullan\u0131mda konforlu bir f\u0131r\u00e7alama deneyimi sunar.<\/p>\n","protected":false},"featured_media":48659,"comment_status":"open","ping_status":"closed","template":"","meta":{"_kad_post_transparent":"","_kad_post_title":"","_kad_post_layout":"","_kad_post_sidebar_id":"","_kad_post_content_style":"","_kad_post_vertical_padding":"","_kad_post_feature":"","_kad_post_feature_position":"","_kad_post_header":false,"_kad_post_footer":false,"_kad_post_classname":""},"product_brand":[],"product_cat":[23],"product_tag":[],"class_list":{"0":"post-48660","1":"product","2":"type-product","3":"status-publish","4":"has-post-thumbnail","6":"product_cat-genel","8":"first","9":"instock","10":"purchasable","11":"product-type-simple","12":"entry","13":"content-bg","14":"loop-entry"},"_links":{"self":[{"href":"https:\/\/www.hediyepazar.com\/index.php?rest_route=\/wp\/v2\/product\/48660","targetHints":{"allow":["GET"]}}],"collection":[{"href":"https:\/\/www.hediyepazar.com\/index.php?rest_route=\/wp\/v2\/product"}],"about":[{"href":"https:\/\/www.hediyepazar.com\/index.php?rest_route=\/wp\/v2\/types\/product"}],"replies":[{"embeddable":true,"href":"https:\/\/www.hediyepazar.com\/index.php?rest_route=%2Fwp%2Fv2%2Fcomments&post=48660"}],"wp:featuredmedia":[{"embeddable":true,"href":"https:\/\/www.hediyepazar.com\/index.php?rest_route=\/wp\/v2\/media\/48659"}],"wp:attachment":[{"href":"https:\/\/www.hediyepazar.com\/index.php?rest_route=%2Fwp%2Fv2%2Fmedia&parent=48660"}],"wp:term":[{"taxonomy":"product_brand","embeddable":true,"href":"https:\/\/www.hediyepazar.com\/index.php?rest_route=%2Fwp%2Fv2%2Fproduct_brand&post=48660"},{"taxonomy":"product_cat","embeddable":true,"href":"https:\/\/www.hediyepazar.com\/index.php?rest_route=%2Fwp%2Fv2%2Fproduct_cat&post=48660"},{"taxonomy":"product_tag","embeddable":true,"href":"https:\/\/www.hediyepazar.com\/index.php?rest_route=%2Fwp%2Fv2%2Fproduct_tag&post=48660"}],"curies":[{"name":"wp","href":"https:\/\/api.w.org\/{rel}","templated":true}]}}