{"id":48662,"date":"2026-04-27T01:51:14","date_gmt":"2026-04-27T04:51:14","guid":{"rendered":"https:\/\/www.hediyepazar.com\/?product=230-derece-isi-ayarli-seramik-sac-masasi-25-mm"},"modified":"2026-04-27T01:51:14","modified_gmt":"2026-04-27T04:51:14","slug":"230-derece-isi-ayarli-seramik-sac-masasi-25-mm","status":"publish","type":"product","link":"https:\/\/www.hediyepazar.com\/?product=230-derece-isi-ayarli-seramik-sac-masasi-25-mm","title":{"rendered":"230 Derece Is\u0131 Ayarl\u0131 Seramik Sa\u00e7 Ma\u015fas\u0131 25 Mm"},"content":{"rendered":"","protected":false},"excerpt":{"rendered":"<p>25 mm \u00e7ap\u0131ndaki bu sa\u00e7 ma\u015fas\u0131, profesyonel g\u00f6r\u00fcn\u00fcml\u00fc kal\u0131n bukleler olu\u015fturmak isteyen kullan\u0131c\u0131lar i\u00e7in geli\u015ftirilmi\u015ftir. Geni\u015f ma\u015fa yap\u0131s\u0131, sa\u00e7lara derinlik ve hacim kazand\u0131r\u0131r. Seramik kaplama, sa\u00e7\u0131n \u0131s\u0131y\u0131 dengeli almas\u0131n\u0131 sa\u011flar. Bu \u00f6zellik, sa\u00e7\u0131n parlakl\u0131\u011f\u0131n\u0131 art\u0131r\u0131rken y\u0131pranmay\u0131 azaltmaya yard\u0131mc\u0131 olur. Daha sa\u011fl\u0131kl\u0131 ve estetik sonu\u00e7lar elde edilmesini destekler. 230 dereceye kadar \u00e7\u0131kabilen s\u0131cakl\u0131k ayar\u0131, g\u00fc\u00e7l\u00fc \u015fekillendirme performans\u0131 sunar. Farkl\u0131 sa\u00e7 tipleri i\u00e7in uygun kullan\u0131m sa\u011flar. 2 y\u0131l ithalat\u00e7\u0131 garantisi ile desteklenen \u00fcr\u00fcn, g\u00fcvenli kullan\u0131m ve destek avantaj\u0131 sunar. Evde ya da profesyonel kullan\u0131m i\u00e7in ideal bir sa\u00e7 \u015fekillendirme \u00fcr\u00fcn\u00fcd\u00fcr.<\/p>\n","protected":false},"featured_media":48661,"comment_status":"open","ping_status":"closed","template":"","meta":{"_kad_post_transparent":"","_kad_post_title":"","_kad_post_layout":"","_kad_post_sidebar_id":"","_kad_post_content_style":"","_kad_post_vertical_padding":"","_kad_post_feature":"","_kad_post_feature_position":"","_kad_post_header":false,"_kad_post_footer":false,"_kad_post_classname":""},"product_brand":[],"product_cat":[23],"product_tag":[],"class_list":{"0":"post-48662","1":"product","2":"type-product","3":"status-publish","4":"has-post-thumbnail","6":"product_cat-genel","8":"first","9":"instock","10":"purchasable","11":"product-type-simple","12":"entry","13":"content-bg","14":"loop-entry"},"_links":{"self":[{"href":"https:\/\/www.hediyepazar.com\/index.php?rest_route=\/wp\/v2\/product\/48662","targetHints":{"allow":["GET"]}}],"collection":[{"href":"https:\/\/www.hediyepazar.com\/index.php?rest_route=\/wp\/v2\/product"}],"about":[{"href":"https:\/\/www.hediyepazar.com\/index.php?rest_route=\/wp\/v2\/types\/product"}],"replies":[{"embeddable":true,"href":"https:\/\/www.hediyepazar.com\/index.php?rest_route=%2Fwp%2Fv2%2Fcomments&post=48662"}],"wp:featuredmedia":[{"embeddable":true,"href":"https:\/\/www.hediyepazar.com\/index.php?rest_route=\/wp\/v2\/media\/48661"}],"wp:attachment":[{"href":"https:\/\/www.hediyepazar.com\/index.php?rest_route=%2Fwp%2Fv2%2Fmedia&parent=48662"}],"wp:term":[{"taxonomy":"product_brand","embeddable":true,"href":"https:\/\/www.hediyepazar.com\/index.php?rest_route=%2Fwp%2Fv2%2Fproduct_brand&post=48662"},{"taxonomy":"product_cat","embeddable":true,"href":"https:\/\/www.hediyepazar.com\/index.php?rest_route=%2Fwp%2Fv2%2Fproduct_cat&post=48662"},{"taxonomy":"product_tag","embeddable":true,"href":"https:\/\/www.hediyepazar.com\/index.php?rest_route=%2Fwp%2Fv2%2Fproduct_tag&post=48662"}],"curies":[{"name":"wp","href":"https:\/\/api.w.org\/{rel}","templated":true}]}}