{"id":48666,"date":"2026-04-27T01:51:17","date_gmt":"2026-04-27T04:51:17","guid":{"rendered":"https:\/\/www.hediyepazar.com\/?product=hk9550-masa"},"modified":"2026-04-27T01:51:17","modified_gmt":"2026-04-27T04:51:17","slug":"hk9550-masa","status":"publish","type":"product","link":"https:\/\/www.hediyepazar.com\/?product=hk9550-masa","title":{"rendered":"Hk9550 Ma\u015fa"},"content":{"rendered":"","protected":false},"excerpt":{"rendered":"<p>25 mm \u00e7ap\u0131ndaki sa\u00e7 ma\u015fas\u0131, sa\u00e7lara do\u011fal g\u00f6r\u00fcn\u00fcml\u00fc ama belirgin bukleler kazand\u0131rmak isteyen kullan\u0131c\u0131lar i\u00e7in geli\u015ftirilmi\u015ftir. Kal\u0131n ma\u015fa yap\u0131s\u0131 sayesinde sa\u00e7lar daha hacimli ve dolgun bir g\u00f6r\u00fcn\u00fcm kazan\u0131r. \u00d6zellikle uzun s\u00fcre kal\u0131c\u0131 dalgalar olu\u015fturmak isteyenler i\u00e7in uygundur. Seramik plaka teknolojisi, sa\u00e7 tellerine uygulanan \u0131s\u0131n\u0131n dengeli da\u011f\u0131lmas\u0131na yard\u0131mc\u0131 olur. Bu \u00f6zellik, sa\u00e7\u0131n daha parlak g\u00f6r\u00fcnmesini desteklerken a\u015f\u0131r\u0131 \u0131s\u0131dan kaynaklanabilecek hasar\u0131 minimize eder. Sa\u00e7\u0131n do\u011fal yap\u0131s\u0131n\u0131 korumaya yard\u0131mc\u0131 bir kullan\u0131m sunar. 230 dereceye kadar ula\u015fabilen s\u0131cakl\u0131k ayar\u0131, g\u00fc\u00e7l\u00fc \u015fekillendirme performans\u0131 sa\u011flar. Farkl\u0131 sa\u00e7 tiplerine uygun s\u0131cakl\u0131k seviyeleri ile kullan\u0131c\u0131ya esneklik sunar. \u0130stenen stil k\u0131sa s\u00fcrede olu\u015fturulabilir. 2 y\u0131l ithalat\u00e7\u0131 garantisi ile sunulan \u00fcr\u00fcn, g\u00fcvenli ve g\u00f6n\u00fcl rahatl\u0131\u011f\u0131yla kullan\u0131m imkan\u0131 tan\u0131r. Destek hizmetinin bulunmas\u0131, \u00fcr\u00fcn\u00fc uzun vadeli bir tercih haline getirir. Evde veya profesyonel ortamda kullan\u0131ma uygundur.<\/p>\n","protected":false},"featured_media":48665,"comment_status":"open","ping_status":"closed","template":"","meta":{"_kad_post_transparent":"","_kad_post_title":"","_kad_post_layout":"","_kad_post_sidebar_id":"","_kad_post_content_style":"","_kad_post_vertical_padding":"","_kad_post_feature":"","_kad_post_feature_position":"","_kad_post_header":false,"_kad_post_footer":false,"_kad_post_classname":""},"product_brand":[],"product_cat":[23],"product_tag":[],"class_list":{"0":"post-48666","1":"product","2":"type-product","3":"status-publish","4":"has-post-thumbnail","6":"product_cat-genel","8":"first","9":"instock","10":"purchasable","11":"product-type-simple","12":"entry","13":"content-bg","14":"loop-entry"},"_links":{"self":[{"href":"https:\/\/www.hediyepazar.com\/index.php?rest_route=\/wp\/v2\/product\/48666","targetHints":{"allow":["GET"]}}],"collection":[{"href":"https:\/\/www.hediyepazar.com\/index.php?rest_route=\/wp\/v2\/product"}],"about":[{"href":"https:\/\/www.hediyepazar.com\/index.php?rest_route=\/wp\/v2\/types\/product"}],"replies":[{"embeddable":true,"href":"https:\/\/www.hediyepazar.com\/index.php?rest_route=%2Fwp%2Fv2%2Fcomments&post=48666"}],"wp:featuredmedia":[{"embeddable":true,"href":"https:\/\/www.hediyepazar.com\/index.php?rest_route=\/wp\/v2\/media\/48665"}],"wp:attachment":[{"href":"https:\/\/www.hediyepazar.com\/index.php?rest_route=%2Fwp%2Fv2%2Fmedia&parent=48666"}],"wp:term":[{"taxonomy":"product_brand","embeddable":true,"href":"https:\/\/www.hediyepazar.com\/index.php?rest_route=%2Fwp%2Fv2%2Fproduct_brand&post=48666"},{"taxonomy":"product_cat","embeddable":true,"href":"https:\/\/www.hediyepazar.com\/index.php?rest_route=%2Fwp%2Fv2%2Fproduct_cat&post=48666"},{"taxonomy":"product_tag","embeddable":true,"href":"https:\/\/www.hediyepazar.com\/index.php?rest_route=%2Fwp%2Fv2%2Fproduct_tag&post=48666"}],"curies":[{"name":"wp","href":"https:\/\/api.w.org\/{rel}","templated":true}]}}