{"id":48789,"date":"2026-04-27T01:54:54","date_gmt":"2026-04-27T04:54:54","guid":{"rendered":"https:\/\/www.hediyepazar.com\/?product=12li-tirnak-torpusu"},"modified":"2026-04-27T01:54:54","modified_gmt":"2026-04-27T04:54:54","slug":"12li-tirnak-torpusu","status":"publish","type":"product","link":"https:\/\/www.hediyepazar.com\/?product=12li-tirnak-torpusu","title":{"rendered":"12li T\u0131rnak T\u00f6rp\u00fcs\u00fc"},"content":{"rendered":"","protected":false},"excerpt":{"rendered":"<p>Cihaz, ergonomik yap\u0131s\u0131 ve kaymaz tutu\u015f sa\u011flayan y\u00fczeyi sayesinde uzun s\u00fcreli kullan\u0131mda bile el yorgunlu\u011funu \u00f6nler. Is\u0131nma yapmayan motor teknolojisi ile g\u00fcvenli kullan\u0131m sa\u011flar. 20.000 RPM h\u0131z kapasitesi, jel oje s\u00f6kmeden akrilik \u015fekillendirmeye kadar bir\u00e7ok i\u015flemde profesyonel sonu\u00e7 verir. USB ile \u015farj edilebilmesi cihaz\u0131 her ortamda kullanmay\u0131 m\u00fcmk\u00fcn k\u0131lar. 90 dakikal\u0131k kullan\u0131m s\u00fcresi sayesinde tek \u015farjla t\u00fcm t\u0131rnak bak\u0131m rutininizi tamamlayabilirsiniz. Hem profesyoneller hem de yeni ba\u015flayanlar i\u00e7in uygun olan bu t\u0131rnak matkab\u0131, t\u0131rnak bak\u0131m\u0131n\u0131 h\u0131zl\u0131, kolay ve profesyonel hale getirir.<\/p>\n","protected":false},"featured_media":48788,"comment_status":"open","ping_status":"closed","template":"","meta":{"_kad_post_transparent":"","_kad_post_title":"","_kad_post_layout":"","_kad_post_sidebar_id":"","_kad_post_content_style":"","_kad_post_vertical_padding":"","_kad_post_feature":"","_kad_post_feature_position":"","_kad_post_header":false,"_kad_post_footer":false,"_kad_post_classname":""},"product_brand":[],"product_cat":[23],"product_tag":[],"class_list":{"0":"post-48789","1":"product","2":"type-product","3":"status-publish","4":"has-post-thumbnail","6":"product_cat-genel","8":"first","9":"instock","10":"purchasable","11":"product-type-simple","12":"entry","13":"content-bg","14":"loop-entry"},"_links":{"self":[{"href":"https:\/\/www.hediyepazar.com\/index.php?rest_route=\/wp\/v2\/product\/48789","targetHints":{"allow":["GET"]}}],"collection":[{"href":"https:\/\/www.hediyepazar.com\/index.php?rest_route=\/wp\/v2\/product"}],"about":[{"href":"https:\/\/www.hediyepazar.com\/index.php?rest_route=\/wp\/v2\/types\/product"}],"replies":[{"embeddable":true,"href":"https:\/\/www.hediyepazar.com\/index.php?rest_route=%2Fwp%2Fv2%2Fcomments&post=48789"}],"wp:featuredmedia":[{"embeddable":true,"href":"https:\/\/www.hediyepazar.com\/index.php?rest_route=\/wp\/v2\/media\/48788"}],"wp:attachment":[{"href":"https:\/\/www.hediyepazar.com\/index.php?rest_route=%2Fwp%2Fv2%2Fmedia&parent=48789"}],"wp:term":[{"taxonomy":"product_brand","embeddable":true,"href":"https:\/\/www.hediyepazar.com\/index.php?rest_route=%2Fwp%2Fv2%2Fproduct_brand&post=48789"},{"taxonomy":"product_cat","embeddable":true,"href":"https:\/\/www.hediyepazar.com\/index.php?rest_route=%2Fwp%2Fv2%2Fproduct_cat&post=48789"},{"taxonomy":"product_tag","embeddable":true,"href":"https:\/\/www.hediyepazar.com\/index.php?rest_route=%2Fwp%2Fv2%2Fproduct_tag&post=48789"}],"curies":[{"name":"wp","href":"https:\/\/api.w.org\/{rel}","templated":true}]}}