{"id":48823,"date":"2026-04-27T01:55:44","date_gmt":"2026-04-27T04:55:44","guid":{"rendered":"https:\/\/www.hediyepazar.com\/?product=6-uclu-elektrikli-manikur-pedikur-seti"},"modified":"2026-04-27T01:55:44","modified_gmt":"2026-04-27T04:55:44","slug":"6-uclu-elektrikli-manikur-pedikur-seti","status":"publish","type":"product","link":"https:\/\/www.hediyepazar.com\/?product=6-uclu-elektrikli-manikur-pedikur-seti","title":{"rendered":"6 U\u00e7lu Elektrikli Manik\u00fcr Pedik\u00fcr Seti"},"content":{"rendered":"","protected":false},"excerpt":{"rendered":"<p>\u0130ster t\u0131rnak bak\u0131m\u0131na yeni ba\u015flam\u0131\u015f olun ister deneyimli bir kullan\u0131c\u0131, bu cihaz her seviyeye uygun \u00f6zellikler sunar. H\u0131z kontrol\u00fc sayesinde hassas b\u00f6lgelerde yava\u015f, kal\u0131n t\u0131rnak yap\u0131s\u0131nda daha y\u00fcksek h\u0131zda \u00e7al\u0131\u015fabilir. Metal ba\u015fl\u0131klar\u0131n dayan\u0131kl\u0131 yap\u0131s\u0131 uzun s\u00fcreli kullan\u0131m sa\u011flar. Ayr\u0131ca ta\u015f\u0131ma kolayl\u0131\u011f\u0131 sayesinde seyahat \u00e7antas\u0131nda da rahatl\u0131kla ta\u015f\u0131nabilir. Evde vakit kaybetmeden t\u0131rnak bak\u0131m\u0131n\u0131z\u0131 eksiksiz tamamlaman\u0131n en pratik yollar\u0131ndan biri.<\/p>\n","protected":false},"featured_media":48822,"comment_status":"open","ping_status":"closed","template":"","meta":{"_kad_post_transparent":"","_kad_post_title":"","_kad_post_layout":"","_kad_post_sidebar_id":"","_kad_post_content_style":"","_kad_post_vertical_padding":"","_kad_post_feature":"","_kad_post_feature_position":"","_kad_post_header":false,"_kad_post_footer":false,"_kad_post_classname":""},"product_brand":[],"product_cat":[23],"product_tag":[],"class_list":{"0":"post-48823","1":"product","2":"type-product","3":"status-publish","4":"has-post-thumbnail","6":"product_cat-genel","8":"first","9":"instock","10":"purchasable","11":"product-type-simple","12":"entry","13":"content-bg","14":"loop-entry"},"_links":{"self":[{"href":"https:\/\/www.hediyepazar.com\/index.php?rest_route=\/wp\/v2\/product\/48823","targetHints":{"allow":["GET"]}}],"collection":[{"href":"https:\/\/www.hediyepazar.com\/index.php?rest_route=\/wp\/v2\/product"}],"about":[{"href":"https:\/\/www.hediyepazar.com\/index.php?rest_route=\/wp\/v2\/types\/product"}],"replies":[{"embeddable":true,"href":"https:\/\/www.hediyepazar.com\/index.php?rest_route=%2Fwp%2Fv2%2Fcomments&post=48823"}],"wp:featuredmedia":[{"embeddable":true,"href":"https:\/\/www.hediyepazar.com\/index.php?rest_route=\/wp\/v2\/media\/48822"}],"wp:attachment":[{"href":"https:\/\/www.hediyepazar.com\/index.php?rest_route=%2Fwp%2Fv2%2Fmedia&parent=48823"}],"wp:term":[{"taxonomy":"product_brand","embeddable":true,"href":"https:\/\/www.hediyepazar.com\/index.php?rest_route=%2Fwp%2Fv2%2Fproduct_brand&post=48823"},{"taxonomy":"product_cat","embeddable":true,"href":"https:\/\/www.hediyepazar.com\/index.php?rest_route=%2Fwp%2Fv2%2Fproduct_cat&post=48823"},{"taxonomy":"product_tag","embeddable":true,"href":"https:\/\/www.hediyepazar.com\/index.php?rest_route=%2Fwp%2Fv2%2Fproduct_tag&post=48823"}],"curies":[{"name":"wp","href":"https:\/\/api.w.org\/{rel}","templated":true}]}}