{"id":48867,"date":"2026-04-27T01:56:43","date_gmt":"2026-04-27T04:56:43","guid":{"rendered":"https:\/\/www.hediyepazar.com\/?product=ultra-akilli-saat-420x480-ips-ekran-kalp-atis"},"modified":"2026-04-27T01:56:43","modified_gmt":"2026-04-27T04:56:43","slug":"ultra-akilli-saat-420x480-ips-ekran-kalp-atis","status":"publish","type":"product","link":"https:\/\/www.hediyepazar.com\/?product=ultra-akilli-saat-420x480-ips-ekran-kalp-atis","title":{"rendered":"Ultra Ak\u0131ll\u0131 Saat 420&#215;480 Ips Ekran Kalp At\u0131\u015f"},"content":{"rendered":"","protected":false},"excerpt":{"rendered":"<p>Bu ak\u0131ll\u0131 saat, geni\u015f ekran\u0131 ve fonksiyonel yap\u0131s\u0131yla g\u00fcnl\u00fck ya\u015fam\u0131 daha pratik hale getirmek i\u00e7in tasarlanm\u0131\u015f modern bir teknolojik aksesuard\u0131r. 2.05 in\u00e7lik b\u00fcy\u00fck IPS dokunmatik ekran\u0131; bildirimleri, spor verilerini, aramalar\u0131 ve sa\u011fl\u0131k bilgilerini daha net g\u00f6r\u00fcnt\u00fclemenizi sa\u011flar. 420\u00d7480 \u00e7\u00f6z\u00fcn\u00fcrl\u00fc\u011fe sahip ekran canl\u0131 renkler ve ak\u0131c\u0131 ge\u00e7i\u015fler sunarak y\u00fcksek kullan\u0131m konforu sa\u011flar. Metal ala\u015f\u0131ml\u0131 g\u00f6vdesi dayan\u0131kl\u0131l\u0131\u011f\u0131 art\u0131r\u0131rken, yumu\u015fak silikon kay\u0131\u015f\u0131 bile\u011fe rahatl\u0131kla uyum sa\u011flar. \u00dc\u00e7 fonksiyonel yan tu\u015f ile men\u00fcler aras\u0131nda h\u0131zl\u0131 ve kolay ge\u00e7i\u015f yapabilirsiniz. Hafif yap\u0131s\u0131, g\u00fcn boyu kullan\u0131mda bilek yorgunlu\u011funu minimuma indirir. IP67 su ge\u00e7irmezlik seviyesi sayesinde ya\u011fmur alt\u0131nda, spor yaparken veya ellerinizi y\u0131karken g\u00fcvenle kullan\u0131labilir. 7\/24 kalp at\u0131\u015f h\u0131z\u0131 takibi, oksijen seviyesi \u00f6l\u00e7\u00fcm\u00fc, tansiyon kontrol\u00fc ve uyku analizi gibi geli\u015fmi\u015f sa\u011fl\u0131k \u00f6zellikleri g\u00fcnl\u00fck ya\u015fam kalitenizi art\u0131rmaya yard\u0131mc\u0131 olur. Uyku monit\u00f6r\u00fc; hafif uyku, derin uyku ve toplam uyku s\u00fcresini detayl\u0131 \u015fekilde g\u00f6stererek daha d\u00fczenli bir uyku al\u0131\u015fkanl\u0131\u011f\u0131 kazanman\u0131z\u0131 destekler. Bluetooth arama \u00f6zelli\u011fi ile telefonunuzu \u00e7\u0131karmadan saat \u00fczerinden konu\u015fma yapabilir, gelen \u00e7a\u011fr\u0131lar\u0131 cevaplayabilirsiniz. Hoparl\u00f6r ve mikrofonun kaliteli yap\u0131s\u0131 net ileti\u015fim sa\u011flar. \u00c7oklu spor modlar\u0131 y\u00fcr\u00fcy\u00fc\u015f, ko\u015fu, bisiklet, t\u0131rman\u0131\u015f gibi bir\u00e7ok aktiviteyi takip ederek antrenman verimlili\u011finizi art\u0131r\u0131r. Hava durumu g\u00f6sterimi, m\u00fczik kontrol\u00fc, telefon bulma, ad\u0131m sayac\u0131, kalori hesaplama, hareketsizlik uyar\u0131s\u0131 ve alarm gibi bir\u00e7ok pratik \u00f6zellik bu ak\u0131ll\u0131 saati g\u00fcnl\u00fck kullan\u0131m i\u00e7in vazge\u00e7ilmez hale getirir. 360 mAh bataryas\u0131 3\u20135 g\u00fcn normal kullan\u0131m, 7 g\u00fcne kadar bekleme s\u00fcresi sunar. \u015e\u0131k tasar\u0131m\u0131 ve geli\u015fmi\u015f fonksiyonlar\u0131yla t\u00fcm kullan\u0131c\u0131lar i\u00e7in ideal bir se\u00e7enektir.<\/p>\n","protected":false},"featured_media":48866,"comment_status":"open","ping_status":"closed","template":"","meta":{"_kad_post_transparent":"","_kad_post_title":"","_kad_post_layout":"","_kad_post_sidebar_id":"","_kad_post_content_style":"","_kad_post_vertical_padding":"","_kad_post_feature":"","_kad_post_feature_position":"","_kad_post_header":false,"_kad_post_footer":false,"_kad_post_classname":""},"product_brand":[],"product_cat":[23],"product_tag":[],"class_list":{"0":"post-48867","1":"product","2":"type-product","3":"status-publish","4":"has-post-thumbnail","6":"product_cat-genel","8":"first","9":"instock","10":"purchasable","11":"product-type-simple","12":"entry","13":"content-bg","14":"loop-entry"},"_links":{"self":[{"href":"https:\/\/www.hediyepazar.com\/index.php?rest_route=\/wp\/v2\/product\/48867","targetHints":{"allow":["GET"]}}],"collection":[{"href":"https:\/\/www.hediyepazar.com\/index.php?rest_route=\/wp\/v2\/product"}],"about":[{"href":"https:\/\/www.hediyepazar.com\/index.php?rest_route=\/wp\/v2\/types\/product"}],"replies":[{"embeddable":true,"href":"https:\/\/www.hediyepazar.com\/index.php?rest_route=%2Fwp%2Fv2%2Fcomments&post=48867"}],"wp:featuredmedia":[{"embeddable":true,"href":"https:\/\/www.hediyepazar.com\/index.php?rest_route=\/wp\/v2\/media\/48866"}],"wp:attachment":[{"href":"https:\/\/www.hediyepazar.com\/index.php?rest_route=%2Fwp%2Fv2%2Fmedia&parent=48867"}],"wp:term":[{"taxonomy":"product_brand","embeddable":true,"href":"https:\/\/www.hediyepazar.com\/index.php?rest_route=%2Fwp%2Fv2%2Fproduct_brand&post=48867"},{"taxonomy":"product_cat","embeddable":true,"href":"https:\/\/www.hediyepazar.com\/index.php?rest_route=%2Fwp%2Fv2%2Fproduct_cat&post=48867"},{"taxonomy":"product_tag","embeddable":true,"href":"https:\/\/www.hediyepazar.com\/index.php?rest_route=%2Fwp%2Fv2%2Fproduct_tag&post=48867"}],"curies":[{"name":"wp","href":"https:\/\/api.w.org\/{rel}","templated":true}]}}