{"id":48877,"date":"2026-04-27T01:56:57","date_gmt":"2026-04-27T04:56:57","guid":{"rendered":"https:\/\/www.hediyepazar.com\/?product=v371-epilator"},"modified":"2026-04-27T01:56:57","modified_gmt":"2026-04-27T04:56:57","slug":"v371-epilator","status":"publish","type":"product","link":"https:\/\/www.hediyepazar.com\/?product=v371-epilator","title":{"rendered":"V371 Epilat\u00f6r"},"content":{"rendered":"","protected":false},"excerpt":{"rendered":"<p>VGR 3 in 1 epilat\u00f6r, modern teknolojiyle geli\u015ftirilmi\u015f \u00e7ok fonksiyonlu bir bak\u0131m cihaz\u0131d\u0131r. Y\u00fcksek performansl\u0131 motoru ve profesyonel metal ba\u015fl\u0131k yap\u0131s\u0131 sayesinde hem h\u0131zl\u0131 hem de hassas epilasyon sa\u011flar. \u00dc\u00e7 farkl\u0131 fonksiyon sunan cihaz, t\u00fcy alma, t\u0131ra\u015f ve detayl\u0131 \u015fekillendirme ihtiya\u00e7lar\u0131na tek bir g\u00f6vdede \u00e7\u00f6z\u00fcm sunarak g\u00fcnl\u00fck bak\u0131m rutininizi daha pratik h\u00e2le getirir. LED \u0131\u015f\u0131kl\u0131 yap\u0131s\u0131, \u00f6zellikle ince ve g\u00f6r\u00fcnmesi zor t\u00fcylerin bile g\u00f6r\u00fcn\u00fcr olmas\u0131n\u0131 sa\u011flar. B\u00f6ylece epilasyon i\u015flemi daha etkili \u015fekilde tamamlan\u0131r. Cihaz\u0131n ergonomik tasar\u0131m\u0131, kullan\u0131c\u0131n\u0131n eline tam oturur ve kaymay\u0131 \u00f6nleyerek i\u015flemi g\u00fcvenli h\u00e2le getirir. IPX5 suya dayan\u0131kl\u0131l\u0131k standard\u0131, epilat\u00f6r\u00fc du\u015f alt\u0131nda bile kullanabilmenize imk\u00e2n tan\u0131r. Du\u015f s\u0131ras\u0131nda t\u00fcylerin yumu\u015famas\u0131 epilasyonu kolayla\u015ft\u0131rd\u0131\u011f\u0131 i\u00e7in \u00f6zellikle hassas b\u00f6lgelere uygulanan i\u015flemlerde daha iyi sonu\u00e7 verir. Ayr\u0131ca su ge\u00e7irmez yap\u0131 temizli\u011fi de olduk\u00e7a pratik h\u00e2le getirir. 600mAh batarya kapasitesi sayesinde cihaz 90 dakika uzun kullan\u0131m s\u00fcresi sunar. USB \u00fczerinden \u015farj edilebilir olmas\u0131 mobil kullan\u0131mda b\u00fcy\u00fck avantaj sa\u011flar. \u0130\u015f yerinde, evde, arabada veya seyahatte rahatl\u0131kla \u015farj edilebilir. Bacak, y\u00fcz, kol, koltuk alt\u0131 ve bikini b\u00f6lgesinde etkili sonu\u00e7lar sunan bu epilat\u00f6r, g\u00fcnl\u00fck bak\u0131m\u0131n\u0131 h\u0131zl\u0131 ve pratik \u015fekilde yapmak isteyen kad\u0131nlar i\u00e7in m\u00fckemmel bir se\u00e7imdir. Hafif yap\u0131s\u0131, ta\u015f\u0131nabilirli\u011fi ve \u00e7ok i\u015flevli kullan\u0131m imk\u00e2n\u0131 ile ki\u015fisel bak\u0131m \u00e7antan\u0131z\u0131n vazge\u00e7ilmez bir par\u00e7as\u0131 olur.<\/p>\n","protected":false},"featured_media":48876,"comment_status":"open","ping_status":"closed","template":"","meta":{"_kad_post_transparent":"","_kad_post_title":"","_kad_post_layout":"","_kad_post_sidebar_id":"","_kad_post_content_style":"","_kad_post_vertical_padding":"","_kad_post_feature":"","_kad_post_feature_position":"","_kad_post_header":false,"_kad_post_footer":false,"_kad_post_classname":""},"product_brand":[],"product_cat":[23],"product_tag":[],"class_list":{"0":"post-48877","1":"product","2":"type-product","3":"status-publish","4":"has-post-thumbnail","6":"product_cat-genel","8":"first","9":"instock","10":"purchasable","11":"product-type-simple","12":"entry","13":"content-bg","14":"loop-entry"},"_links":{"self":[{"href":"https:\/\/www.hediyepazar.com\/index.php?rest_route=\/wp\/v2\/product\/48877","targetHints":{"allow":["GET"]}}],"collection":[{"href":"https:\/\/www.hediyepazar.com\/index.php?rest_route=\/wp\/v2\/product"}],"about":[{"href":"https:\/\/www.hediyepazar.com\/index.php?rest_route=\/wp\/v2\/types\/product"}],"replies":[{"embeddable":true,"href":"https:\/\/www.hediyepazar.com\/index.php?rest_route=%2Fwp%2Fv2%2Fcomments&post=48877"}],"wp:featuredmedia":[{"embeddable":true,"href":"https:\/\/www.hediyepazar.com\/index.php?rest_route=\/wp\/v2\/media\/48876"}],"wp:attachment":[{"href":"https:\/\/www.hediyepazar.com\/index.php?rest_route=%2Fwp%2Fv2%2Fmedia&parent=48877"}],"wp:term":[{"taxonomy":"product_brand","embeddable":true,"href":"https:\/\/www.hediyepazar.com\/index.php?rest_route=%2Fwp%2Fv2%2Fproduct_brand&post=48877"},{"taxonomy":"product_cat","embeddable":true,"href":"https:\/\/www.hediyepazar.com\/index.php?rest_route=%2Fwp%2Fv2%2Fproduct_cat&post=48877"},{"taxonomy":"product_tag","embeddable":true,"href":"https:\/\/www.hediyepazar.com\/index.php?rest_route=%2Fwp%2Fv2%2Fproduct_tag&post=48877"}],"curies":[{"name":"wp","href":"https:\/\/api.w.org\/{rel}","templated":true}]}}