{"id":48907,"date":"2026-04-27T01:57:43","date_gmt":"2026-04-27T04:57:43","guid":{"rendered":"https:\/\/www.hediyepazar.com\/?product=kordonlu-akilli-saat-sesli-gorusme-gps-nabiz-ve-uyku-takibi"},"modified":"2026-04-27T01:57:43","modified_gmt":"2026-04-27T04:57:43","slug":"kordonlu-akilli-saat-sesli-gorusme-gps-nabiz-ve-uyku-takibi","status":"publish","type":"product","link":"https:\/\/www.hediyepazar.com\/?product=kordonlu-akilli-saat-sesli-gorusme-gps-nabiz-ve-uyku-takibi","title":{"rendered":"Kordonlu Ak\u0131ll\u0131 Saat \u2013 Sesli G\u00f6r\u00fc\u015fme, Gps, Nab\u0131z Ve Uyku Takibi"},"content":{"rendered":"","protected":false},"excerpt":{"rendered":"<p>\u015e\u0131k tasar\u0131m\u0131 ve g\u00fc\u00e7l\u00fc performans\u0131yla \u00f6ne \u00e7\u0131kan bu ak\u0131ll\u0131 saat, hem spor hem g\u00fcnl\u00fck kullan\u0131m i\u00e7in idealdir. Nab\u0131z ve uyku takibi, ad\u0131m sayar ve GPS fonksiyonlar\u0131yla g\u00fcn boyu aktif ya\u015fam\u0131n\u0131z\u0131 destekler. Suya ve toza dayan\u0131kl\u0131 g\u00f6vdesiyle her ko\u015fulda g\u00fcvenle kullan\u0131labilir.Titre\u015fim bildirimleri sayesinde \u00e7a\u011fr\u0131 ve mesajlardan an\u0131nda haberdar olabilirsiniz. 200-300 mAh bataryas\u0131yla uzun s\u00fcreli kullan\u0131m sa\u011flar. Estetik krem rengi kordonu, zarif ve modern bir g\u00f6r\u00fcn\u00fcm kazand\u0131r\u0131r. Hem sa\u011fl\u0131k hem stil arayanlar i\u00e7in m\u00fckemmel bir tercihtir.<\/p>\n","protected":false},"featured_media":48906,"comment_status":"open","ping_status":"closed","template":"","meta":{"_kad_post_transparent":"","_kad_post_title":"","_kad_post_layout":"","_kad_post_sidebar_id":"","_kad_post_content_style":"","_kad_post_vertical_padding":"","_kad_post_feature":"","_kad_post_feature_position":"","_kad_post_header":false,"_kad_post_footer":false,"_kad_post_classname":""},"product_brand":[],"product_cat":[23],"product_tag":[],"class_list":{"0":"post-48907","1":"product","2":"type-product","3":"status-publish","4":"has-post-thumbnail","6":"product_cat-genel","8":"first","9":"instock","10":"purchasable","11":"product-type-simple","12":"entry","13":"content-bg","14":"loop-entry"},"_links":{"self":[{"href":"https:\/\/www.hediyepazar.com\/index.php?rest_route=\/wp\/v2\/product\/48907","targetHints":{"allow":["GET"]}}],"collection":[{"href":"https:\/\/www.hediyepazar.com\/index.php?rest_route=\/wp\/v2\/product"}],"about":[{"href":"https:\/\/www.hediyepazar.com\/index.php?rest_route=\/wp\/v2\/types\/product"}],"replies":[{"embeddable":true,"href":"https:\/\/www.hediyepazar.com\/index.php?rest_route=%2Fwp%2Fv2%2Fcomments&post=48907"}],"wp:featuredmedia":[{"embeddable":true,"href":"https:\/\/www.hediyepazar.com\/index.php?rest_route=\/wp\/v2\/media\/48906"}],"wp:attachment":[{"href":"https:\/\/www.hediyepazar.com\/index.php?rest_route=%2Fwp%2Fv2%2Fmedia&parent=48907"}],"wp:term":[{"taxonomy":"product_brand","embeddable":true,"href":"https:\/\/www.hediyepazar.com\/index.php?rest_route=%2Fwp%2Fv2%2Fproduct_brand&post=48907"},{"taxonomy":"product_cat","embeddable":true,"href":"https:\/\/www.hediyepazar.com\/index.php?rest_route=%2Fwp%2Fv2%2Fproduct_cat&post=48907"},{"taxonomy":"product_tag","embeddable":true,"href":"https:\/\/www.hediyepazar.com\/index.php?rest_route=%2Fwp%2Fv2%2Fproduct_tag&post=48907"}],"curies":[{"name":"wp","href":"https:\/\/api.w.org\/{rel}","templated":true}]}}