{"id":48911,"date":"2026-04-27T01:57:50","date_gmt":"2026-04-27T04:57:50","guid":{"rendered":"https:\/\/www.hediyepazar.com\/?product=amoled-titresimli-bildirimli-akilli-saat"},"modified":"2026-04-27T01:57:50","modified_gmt":"2026-04-27T04:57:50","slug":"amoled-titresimli-bildirimli-akilli-saat","status":"publish","type":"product","link":"https:\/\/www.hediyepazar.com\/?product=amoled-titresimli-bildirimli-akilli-saat","title":{"rendered":"Amoled Titre\u015fimli Bildirimli Ak\u0131ll\u0131 Saat"},"content":{"rendered":"","protected":false},"excerpt":{"rendered":"<p>Ak\u0131ll\u0131 saat, AMOLED ekran\u0131 ve modern tasar\u0131m\u0131yla hem \u015f\u0131k hem fonksiyonel bir kullan\u0131m sunar. 1.78\u2033 ekran boyutu, net ve canl\u0131 g\u00f6r\u00fcnt\u00fc kalitesi sa\u011flar. Bluetooth arama \u00f6zelli\u011fi sayesinde telefon g\u00f6r\u00fc\u015fmelerinizi do\u011frudan bile\u011finizden yapabilirsiniz. Dahili mikrofon ve hoparl\u00f6r ile kesintisiz ileti\u015fim m\u00fcmk\u00fcn hale gelir. Sa\u011fl\u0131k \u00f6zellikleri aras\u0131nda nab\u0131z \u00f6l\u00e7er, uyku takibi, ad\u0131m sayar ve kalori \u00f6l\u00e7\u00fcm\u00fc bulunur. \u00c7oklu spor modlar\u0131 ile farkl\u0131 egzersizlerde performans\u0131n\u0131z\u0131 takip edebilirsiniz. IP67 suya dayan\u0131kl\u0131 yap\u0131s\u0131, g\u00fcnl\u00fck kullan\u0131mda g\u00fcven sa\u011flar. WhatsApp, SMS ve di\u011fer uygulama bildirimlerini bile\u011finizden takip edebilirsiniz. 200\u2013270 mAh bataryas\u0131 ile uzun s\u00fcreli kullan\u0131m sunar. Ayr\u0131ca kutu i\u00e7eri\u011finde bulunan 3 farkl\u0131 silikon kordon, tarz\u0131n\u0131za g\u00f6re de\u011fi\u015fim yapabilmenize imk\u00e2n tan\u0131r. IOS ve Android uyumlu Hyper Watch uygulamas\u0131 ile sa\u011fl\u0131k verilerinizi analiz edebilir, ekran temalar\u0131n\u0131 de\u011fi\u015ftirebilir ve saat ayarlar\u0131n\u0131 ki\u015fiselle\u015ftirebilirsiniz.<\/p>\n","protected":false},"featured_media":48910,"comment_status":"open","ping_status":"closed","template":"","meta":{"_kad_post_transparent":"","_kad_post_title":"","_kad_post_layout":"","_kad_post_sidebar_id":"","_kad_post_content_style":"","_kad_post_vertical_padding":"","_kad_post_feature":"","_kad_post_feature_position":"","_kad_post_header":false,"_kad_post_footer":false,"_kad_post_classname":""},"product_brand":[],"product_cat":[23],"product_tag":[],"class_list":{"0":"post-48911","1":"product","2":"type-product","3":"status-publish","4":"has-post-thumbnail","6":"product_cat-genel","8":"first","9":"instock","10":"purchasable","11":"product-type-simple","12":"entry","13":"content-bg","14":"loop-entry"},"_links":{"self":[{"href":"https:\/\/www.hediyepazar.com\/index.php?rest_route=\/wp\/v2\/product\/48911","targetHints":{"allow":["GET"]}}],"collection":[{"href":"https:\/\/www.hediyepazar.com\/index.php?rest_route=\/wp\/v2\/product"}],"about":[{"href":"https:\/\/www.hediyepazar.com\/index.php?rest_route=\/wp\/v2\/types\/product"}],"replies":[{"embeddable":true,"href":"https:\/\/www.hediyepazar.com\/index.php?rest_route=%2Fwp%2Fv2%2Fcomments&post=48911"}],"wp:featuredmedia":[{"embeddable":true,"href":"https:\/\/www.hediyepazar.com\/index.php?rest_route=\/wp\/v2\/media\/48910"}],"wp:attachment":[{"href":"https:\/\/www.hediyepazar.com\/index.php?rest_route=%2Fwp%2Fv2%2Fmedia&parent=48911"}],"wp:term":[{"taxonomy":"product_brand","embeddable":true,"href":"https:\/\/www.hediyepazar.com\/index.php?rest_route=%2Fwp%2Fv2%2Fproduct_brand&post=48911"},{"taxonomy":"product_cat","embeddable":true,"href":"https:\/\/www.hediyepazar.com\/index.php?rest_route=%2Fwp%2Fv2%2Fproduct_cat&post=48911"},{"taxonomy":"product_tag","embeddable":true,"href":"https:\/\/www.hediyepazar.com\/index.php?rest_route=%2Fwp%2Fv2%2Fproduct_tag&post=48911"}],"curies":[{"name":"wp","href":"https:\/\/api.w.org\/{rel}","templated":true}]}}