{"id":48947,"date":"2026-04-27T01:59:03","date_gmt":"2026-04-27T04:59:03","guid":{"rendered":"https:\/\/www.hediyepazar.com\/?product=tiras-makinesi-ip2020"},"modified":"2026-04-27T01:59:03","modified_gmt":"2026-04-27T04:59:03","slug":"tiras-makinesi-ip2020","status":"publish","type":"product","link":"https:\/\/www.hediyepazar.com\/?product=tiras-makinesi-ip2020","title":{"rendered":"T\u0131ra\u015f Makinesi Ip2020"},"content":{"rendered":"","protected":false},"excerpt":{"rendered":"<p>Tek cihazla eksiksiz bak\u0131m! Bu 3 in 1 profesyonel erkek bak\u0131m seti, sa\u00e7, sakal ve burun t\u00fcy\u00fc i\u00e7in \u00f6zel ba\u015fl\u0131klara sahiptir. Paslanmaz \u00e7elik b\u0131\u00e7aklar, hijyenik ve uzun \u00f6m\u00fcrl\u00fc kullan\u0131m sunarken, R-\u015fekilli u\u00e7 yap\u0131s\u0131 cilt tahri\u015fini engeller. 7300 RPM g\u00fc\u00e7l\u00fc motor, h\u0131zl\u0131 ve tak\u0131lmadan kesim sa\u011flar. Sessiz \u00e7al\u0131\u015fma \u00f6zelli\u011fiyle g\u00fcr\u00fclt\u00fcs\u00fcz, rahat bir deneyim ya\u015fat\u0131r. USB-C h\u0131zl\u0131 \u015farj teknolojisi, cihaz\u0131n 1,5 saat i\u00e7inde dolmas\u0131n\u0131 ve 90 dakika boyunca kesintisiz \u00e7al\u0131\u015fmas\u0131n\u0131 sa\u011flar. Burun trimmer ba\u015fl\u0131\u011f\u0131 360\u00b0 d\u00f6nebilen yap\u0131s\u0131yla t\u00fcm b\u00f6lgelerde etkili temizlik sa\u011flar. 3 adet farkl\u0131 uzunluk taraklar\u0131yla (1\/2\/3 mm) diledi\u011finiz stili olu\u015fturabilirsiniz. Kutu i\u00e7eri\u011finde; sa\u00e7-sakal trimmer, burun kesme aparat\u0131, taraklar, temizlik ya\u011f\u0131 ve USB-C kablosu bulunur. Ta\u015f\u0131nabilir ve ergonomik yap\u0131s\u0131 sayesinde seyahatlerde ideal bir yard\u0131mc\u0131d\u0131r. \u015e\u0131k, pratik ve g\u00fc\u00e7l\u00fc bu cihaz, ki\u015fisel bak\u0131m rutinini m\u00fckemmelle\u015ftirir.<\/p>\n","protected":false},"featured_media":48946,"comment_status":"open","ping_status":"closed","template":"","meta":{"_kad_post_transparent":"","_kad_post_title":"","_kad_post_layout":"","_kad_post_sidebar_id":"","_kad_post_content_style":"","_kad_post_vertical_padding":"","_kad_post_feature":"","_kad_post_feature_position":"","_kad_post_header":false,"_kad_post_footer":false,"_kad_post_classname":""},"product_brand":[],"product_cat":[23],"product_tag":[],"class_list":{"0":"post-48947","1":"product","2":"type-product","3":"status-publish","4":"has-post-thumbnail","6":"product_cat-genel","8":"first","9":"instock","10":"purchasable","11":"product-type-simple","12":"entry","13":"content-bg","14":"loop-entry"},"_links":{"self":[{"href":"https:\/\/www.hediyepazar.com\/index.php?rest_route=\/wp\/v2\/product\/48947","targetHints":{"allow":["GET"]}}],"collection":[{"href":"https:\/\/www.hediyepazar.com\/index.php?rest_route=\/wp\/v2\/product"}],"about":[{"href":"https:\/\/www.hediyepazar.com\/index.php?rest_route=\/wp\/v2\/types\/product"}],"replies":[{"embeddable":true,"href":"https:\/\/www.hediyepazar.com\/index.php?rest_route=%2Fwp%2Fv2%2Fcomments&post=48947"}],"wp:featuredmedia":[{"embeddable":true,"href":"https:\/\/www.hediyepazar.com\/index.php?rest_route=\/wp\/v2\/media\/48946"}],"wp:attachment":[{"href":"https:\/\/www.hediyepazar.com\/index.php?rest_route=%2Fwp%2Fv2%2Fmedia&parent=48947"}],"wp:term":[{"taxonomy":"product_brand","embeddable":true,"href":"https:\/\/www.hediyepazar.com\/index.php?rest_route=%2Fwp%2Fv2%2Fproduct_brand&post=48947"},{"taxonomy":"product_cat","embeddable":true,"href":"https:\/\/www.hediyepazar.com\/index.php?rest_route=%2Fwp%2Fv2%2Fproduct_cat&post=48947"},{"taxonomy":"product_tag","embeddable":true,"href":"https:\/\/www.hediyepazar.com\/index.php?rest_route=%2Fwp%2Fv2%2Fproduct_tag&post=48947"}],"curies":[{"name":"wp","href":"https:\/\/api.w.org\/{rel}","templated":true}]}}