{"id":48957,"date":"2026-04-27T01:59:20","date_gmt":"2026-04-27T04:59:20","guid":{"rendered":"https:\/\/www.hediyepazar.com\/?product=sarjli-sac-duzlestirici-tarak"},"modified":"2026-04-27T01:59:20","modified_gmt":"2026-04-27T04:59:20","slug":"sarjli-sac-duzlestirici-tarak","status":"publish","type":"product","link":"https:\/\/www.hediyepazar.com\/?product=sarjli-sac-duzlestirici-tarak","title":{"rendered":"\u015earjl\u0131 Sa\u00e7 D\u00fczle\u015ftirici Tarak"},"content":{"rendered":"","protected":false},"excerpt":{"rendered":"<p>Kablosuz, ta\u015f\u0131nabilir ve USB \u015farjl\u0131 yap\u0131s\u0131yla bu sa\u00e7 d\u00fczle\u015ftirici tarak, g\u00fcnl\u00fck bak\u0131m i\u00e7in en ideal \u00e7\u00f6z\u00fcmd\u00fcr. Evde h\u0131zl\u0131 bir haz\u0131rl\u0131k yaparken, seyahatte veya i\u015f \u00e7\u0131k\u0131\u015f\u0131 \u00f6zel bir bulu\u015fma \u00f6ncesinde yan\u0131n\u0131zda ta\u015f\u0131yarak sa\u00e7lar\u0131n\u0131za saniyeler i\u00e7inde \u015fekil verebilirsiniz. Hafif, pratik ve \u015f\u0131k tasar\u0131m\u0131yla her an bak\u0131ml\u0131 g\u00f6r\u00fcnmek art\u0131k \u00e7ok kolay.<\/p>\n","protected":false},"featured_media":48956,"comment_status":"open","ping_status":"closed","template":"","meta":{"_kad_post_transparent":"","_kad_post_title":"","_kad_post_layout":"","_kad_post_sidebar_id":"","_kad_post_content_style":"","_kad_post_vertical_padding":"","_kad_post_feature":"","_kad_post_feature_position":"","_kad_post_header":false,"_kad_post_footer":false,"_kad_post_classname":""},"product_brand":[],"product_cat":[23],"product_tag":[],"class_list":{"0":"post-48957","1":"product","2":"type-product","3":"status-publish","4":"has-post-thumbnail","6":"product_cat-genel","8":"first","9":"instock","10":"purchasable","11":"product-type-simple","12":"entry","13":"content-bg","14":"loop-entry"},"_links":{"self":[{"href":"https:\/\/www.hediyepazar.com\/index.php?rest_route=\/wp\/v2\/product\/48957","targetHints":{"allow":["GET"]}}],"collection":[{"href":"https:\/\/www.hediyepazar.com\/index.php?rest_route=\/wp\/v2\/product"}],"about":[{"href":"https:\/\/www.hediyepazar.com\/index.php?rest_route=\/wp\/v2\/types\/product"}],"replies":[{"embeddable":true,"href":"https:\/\/www.hediyepazar.com\/index.php?rest_route=%2Fwp%2Fv2%2Fcomments&post=48957"}],"wp:featuredmedia":[{"embeddable":true,"href":"https:\/\/www.hediyepazar.com\/index.php?rest_route=\/wp\/v2\/media\/48956"}],"wp:attachment":[{"href":"https:\/\/www.hediyepazar.com\/index.php?rest_route=%2Fwp%2Fv2%2Fmedia&parent=48957"}],"wp:term":[{"taxonomy":"product_brand","embeddable":true,"href":"https:\/\/www.hediyepazar.com\/index.php?rest_route=%2Fwp%2Fv2%2Fproduct_brand&post=48957"},{"taxonomy":"product_cat","embeddable":true,"href":"https:\/\/www.hediyepazar.com\/index.php?rest_route=%2Fwp%2Fv2%2Fproduct_cat&post=48957"},{"taxonomy":"product_tag","embeddable":true,"href":"https:\/\/www.hediyepazar.com\/index.php?rest_route=%2Fwp%2Fv2%2Fproduct_tag&post=48957"}],"curies":[{"name":"wp","href":"https:\/\/api.w.org\/{rel}","templated":true}]}}