{"id":48965,"date":"2026-04-27T01:59:31","date_gmt":"2026-04-27T04:59:31","guid":{"rendered":"https:\/\/www.hediyepazar.com\/?product=akilli-saat-adim-sayar-bildirim-goruntuleme-suya-dayanikli"},"modified":"2026-04-27T01:59:31","modified_gmt":"2026-04-27T04:59:31","slug":"akilli-saat-adim-sayar-bildirim-goruntuleme-suya-dayanikli","status":"publish","type":"product","link":"https:\/\/www.hediyepazar.com\/?product=akilli-saat-adim-sayar-bildirim-goruntuleme-suya-dayanikli","title":{"rendered":"Ak\u0131ll\u0131 Saat \u2013 Ad\u0131m Sayar, Bildirim G\u00f6r\u00fcnt\u00fcleme, Suya Dayan\u0131kl\u0131"},"content":{"rendered":"","protected":false},"excerpt":{"rendered":"<p>Hem sa\u011fl\u0131kl\u0131 ya\u015fam hem de konfor arayanlar i\u00e7in tasarlanan bu ak\u0131ll\u0131 saat, i\u015flevselli\u011fiyle g\u00fcnl\u00fck hayat\u0131n\u0131z\u0131 kolayla\u015ft\u0131r\u0131r. \u015e\u0131k ve sade tasar\u0131m\u0131yla her tarz kombinle m\u00fckemmel bir uyum yakalar. Ad\u0131m sayar, kalp at\u0131\u015f h\u0131z\u0131 \u00f6l\u00e7er, uyku takibi ve spor modlar\u0131 gibi geli\u015fmi\u015f \u00f6zelliklerle donat\u0131lm\u0131\u015ft\u0131r. G\u00fcnl\u00fck aktivitelerinizi takip ederken, sa\u011fl\u0131\u011f\u0131n\u0131z\u0131 kontrol alt\u0131nda tutman\u0131z\u0131 sa\u011flar. Ak\u0131ll\u0131 bildirim \u00f6zelli\u011fi sayesinde \u00e7a\u011fr\u0131, mesaj ve uygulama bildirimleri do\u011frudan ekran\u0131n\u0131za d\u00fc\u015fer. Uzun pil \u00f6mr\u00fc, aktif kullan\u0131c\u0131lar i\u00e7in avantaj sa\u011flar. Sadece birka\u00e7 saatte tamamen \u015farj olur ve g\u00fcnlerce kullan\u0131m imk\u00e2n\u0131 sunar. Suya dayan\u0131kl\u0131 yap\u0131s\u0131, sporda, y\u00fcr\u00fcy\u00fc\u015fte veya ya\u011fmurda bile g\u00fcvenle kullan\u0131labilir. Kullan\u0131c\u0131 dostu aray\u00fcz\u00fc, kolay kontrol imk\u00e2n\u0131 sunar. Hafif ve ergonomik g\u00f6vdesi sayesinde uzun s\u00fcreli kullan\u0131mda bile konforludur. Modern \u00e7izgileriyle teknolojiyi zarafetle bulu\u015fturan bir ak\u0131ll\u0131 saat ar\u0131yorsan\u0131z, bu model tam size g\u00f6re!<\/p>\n","protected":false},"featured_media":48964,"comment_status":"open","ping_status":"closed","template":"","meta":{"_kad_post_transparent":"","_kad_post_title":"","_kad_post_layout":"","_kad_post_sidebar_id":"","_kad_post_content_style":"","_kad_post_vertical_padding":"","_kad_post_feature":"","_kad_post_feature_position":"","_kad_post_header":false,"_kad_post_footer":false,"_kad_post_classname":""},"product_brand":[],"product_cat":[23],"product_tag":[],"class_list":{"0":"post-48965","1":"product","2":"type-product","3":"status-publish","4":"has-post-thumbnail","6":"product_cat-genel","8":"first","9":"instock","10":"purchasable","11":"product-type-simple","12":"entry","13":"content-bg","14":"loop-entry"},"_links":{"self":[{"href":"https:\/\/www.hediyepazar.com\/index.php?rest_route=\/wp\/v2\/product\/48965","targetHints":{"allow":["GET"]}}],"collection":[{"href":"https:\/\/www.hediyepazar.com\/index.php?rest_route=\/wp\/v2\/product"}],"about":[{"href":"https:\/\/www.hediyepazar.com\/index.php?rest_route=\/wp\/v2\/types\/product"}],"replies":[{"embeddable":true,"href":"https:\/\/www.hediyepazar.com\/index.php?rest_route=%2Fwp%2Fv2%2Fcomments&post=48965"}],"wp:featuredmedia":[{"embeddable":true,"href":"https:\/\/www.hediyepazar.com\/index.php?rest_route=\/wp\/v2\/media\/48964"}],"wp:attachment":[{"href":"https:\/\/www.hediyepazar.com\/index.php?rest_route=%2Fwp%2Fv2%2Fmedia&parent=48965"}],"wp:term":[{"taxonomy":"product_brand","embeddable":true,"href":"https:\/\/www.hediyepazar.com\/index.php?rest_route=%2Fwp%2Fv2%2Fproduct_brand&post=48965"},{"taxonomy":"product_cat","embeddable":true,"href":"https:\/\/www.hediyepazar.com\/index.php?rest_route=%2Fwp%2Fv2%2Fproduct_cat&post=48965"},{"taxonomy":"product_tag","embeddable":true,"href":"https:\/\/www.hediyepazar.com\/index.php?rest_route=%2Fwp%2Fv2%2Fproduct_tag&post=48965"}],"curies":[{"name":"wp","href":"https:\/\/api.w.org\/{rel}","templated":true}]}}