{"id":48983,"date":"2026-04-27T01:59:56","date_gmt":"2026-04-27T04:59:56","guid":{"rendered":"https:\/\/www.hediyepazar.com\/?product=akilli-saat-bluetooth-arama-suya-dayanikli-renkli-ekran"},"modified":"2026-04-27T01:59:56","modified_gmt":"2026-04-27T04:59:56","slug":"akilli-saat-bluetooth-arama-suya-dayanikli-renkli-ekran","status":"publish","type":"product","link":"https:\/\/www.hediyepazar.com\/?product=akilli-saat-bluetooth-arama-suya-dayanikli-renkli-ekran","title":{"rendered":"Ak\u0131ll\u0131 Saat \u2013 Bluetooth Arama, Suya Dayan\u0131kl\u0131, Renkli Ekran"},"content":{"rendered":"","protected":false},"excerpt":{"rendered":"<p>IP68 su ve toz ge\u00e7irmezlik sertifikas\u0131 sayesinde spor yaparken, du\u015f al\u0131rken veya ya\u011fmurda rahatl\u0131kla kullan\u0131labilir. G\u00fc\u00e7l\u00fc pil performans\u0131 5-7 g\u00fcn aras\u0131 dayan\u0131r. Kablosuz \u015farj \u00f6zelli\u011fiyle kolayca \u015farj edilir. Seramik g\u00f6vde \u00e7izilmeye kar\u015f\u0131 dayan\u0131kl\u0131d\u0131r. Tam ekran dokunmatik panel sayesinde t\u00fcm i\u015flemler parmak ucunuzda. G\u00fcnl\u00fck ya\u015famda hem \u015f\u0131k bir aksesuar hem de ak\u0131ll\u0131 bir asistand\u0131r.<\/p>\n","protected":false},"featured_media":48982,"comment_status":"open","ping_status":"closed","template":"","meta":{"_kad_post_transparent":"","_kad_post_title":"","_kad_post_layout":"","_kad_post_sidebar_id":"","_kad_post_content_style":"","_kad_post_vertical_padding":"","_kad_post_feature":"","_kad_post_feature_position":"","_kad_post_header":false,"_kad_post_footer":false,"_kad_post_classname":""},"product_brand":[],"product_cat":[23],"product_tag":[],"class_list":{"0":"post-48983","1":"product","2":"type-product","3":"status-publish","4":"has-post-thumbnail","6":"product_cat-genel","8":"first","9":"instock","10":"purchasable","11":"product-type-simple","12":"entry","13":"content-bg","14":"loop-entry"},"_links":{"self":[{"href":"https:\/\/www.hediyepazar.com\/index.php?rest_route=\/wp\/v2\/product\/48983","targetHints":{"allow":["GET"]}}],"collection":[{"href":"https:\/\/www.hediyepazar.com\/index.php?rest_route=\/wp\/v2\/product"}],"about":[{"href":"https:\/\/www.hediyepazar.com\/index.php?rest_route=\/wp\/v2\/types\/product"}],"replies":[{"embeddable":true,"href":"https:\/\/www.hediyepazar.com\/index.php?rest_route=%2Fwp%2Fv2%2Fcomments&post=48983"}],"wp:featuredmedia":[{"embeddable":true,"href":"https:\/\/www.hediyepazar.com\/index.php?rest_route=\/wp\/v2\/media\/48982"}],"wp:attachment":[{"href":"https:\/\/www.hediyepazar.com\/index.php?rest_route=%2Fwp%2Fv2%2Fmedia&parent=48983"}],"wp:term":[{"taxonomy":"product_brand","embeddable":true,"href":"https:\/\/www.hediyepazar.com\/index.php?rest_route=%2Fwp%2Fv2%2Fproduct_brand&post=48983"},{"taxonomy":"product_cat","embeddable":true,"href":"https:\/\/www.hediyepazar.com\/index.php?rest_route=%2Fwp%2Fv2%2Fproduct_cat&post=48983"},{"taxonomy":"product_tag","embeddable":true,"href":"https:\/\/www.hediyepazar.com\/index.php?rest_route=%2Fwp%2Fv2%2Fproduct_tag&post=48983"}],"curies":[{"name":"wp","href":"https:\/\/api.w.org\/{rel}","templated":true}]}}