{"id":48985,"date":"2026-04-27T01:59:58","date_gmt":"2026-04-27T04:59:58","guid":{"rendered":"https:\/\/www.hediyepazar.com\/?product=spor-ve-saglik-takipli-akilli-saat"},"modified":"2026-04-27T01:59:58","modified_gmt":"2026-04-27T04:59:58","slug":"spor-ve-saglik-takipli-akilli-saat","status":"publish","type":"product","link":"https:\/\/www.hediyepazar.com\/?product=spor-ve-saglik-takipli-akilli-saat","title":{"rendered":"Spor Ve Sa\u011fl\u0131k Takipli Ak\u0131ll\u0131 Saat"},"content":{"rendered":"","protected":false},"excerpt":{"rendered":"<p>Bu ak\u0131ll\u0131 saat hem iPhone hem de Android cihazlarla uyumludur. Bluetooth ba\u011flant\u0131s\u0131 \u00fczerinden kolayca e\u015fle\u015fir. Gelen aramalar\u0131 cevaplayabilir, mesaj bildirimlerini g\u00f6r\u00fcnt\u00fcleyebilir ve sosyal medya uyar\u0131lar\u0131n\u0131 alabilirsiniz. Birden fazla dil deste\u011fiyle kullan\u0131m kolayl\u0131\u011f\u0131 sa\u011flar. Renkli tam ekran tasar\u0131m\u0131 modern ve net bir g\u00f6r\u00fcnt\u00fc sunar. Kablosuz \u015farj \u00f6zelli\u011fiyle \u015farj kablosu karma\u015fas\u0131na son verir.<\/p>\n","protected":false},"featured_media":48984,"comment_status":"open","ping_status":"closed","template":"","meta":{"_kad_post_transparent":"","_kad_post_title":"","_kad_post_layout":"","_kad_post_sidebar_id":"","_kad_post_content_style":"","_kad_post_vertical_padding":"","_kad_post_feature":"","_kad_post_feature_position":"","_kad_post_header":false,"_kad_post_footer":false,"_kad_post_classname":""},"product_brand":[],"product_cat":[23],"product_tag":[],"class_list":{"0":"post-48985","1":"product","2":"type-product","3":"status-publish","4":"has-post-thumbnail","6":"product_cat-genel","8":"first","9":"instock","10":"purchasable","11":"product-type-simple","12":"entry","13":"content-bg","14":"loop-entry"},"_links":{"self":[{"href":"https:\/\/www.hediyepazar.com\/index.php?rest_route=\/wp\/v2\/product\/48985","targetHints":{"allow":["GET"]}}],"collection":[{"href":"https:\/\/www.hediyepazar.com\/index.php?rest_route=\/wp\/v2\/product"}],"about":[{"href":"https:\/\/www.hediyepazar.com\/index.php?rest_route=\/wp\/v2\/types\/product"}],"replies":[{"embeddable":true,"href":"https:\/\/www.hediyepazar.com\/index.php?rest_route=%2Fwp%2Fv2%2Fcomments&post=48985"}],"wp:featuredmedia":[{"embeddable":true,"href":"https:\/\/www.hediyepazar.com\/index.php?rest_route=\/wp\/v2\/media\/48984"}],"wp:attachment":[{"href":"https:\/\/www.hediyepazar.com\/index.php?rest_route=%2Fwp%2Fv2%2Fmedia&parent=48985"}],"wp:term":[{"taxonomy":"product_brand","embeddable":true,"href":"https:\/\/www.hediyepazar.com\/index.php?rest_route=%2Fwp%2Fv2%2Fproduct_brand&post=48985"},{"taxonomy":"product_cat","embeddable":true,"href":"https:\/\/www.hediyepazar.com\/index.php?rest_route=%2Fwp%2Fv2%2Fproduct_cat&post=48985"},{"taxonomy":"product_tag","embeddable":true,"href":"https:\/\/www.hediyepazar.com\/index.php?rest_route=%2Fwp%2Fv2%2Fproduct_tag&post=48985"}],"curies":[{"name":"wp","href":"https:\/\/api.w.org\/{rel}","templated":true}]}}