{"id":48987,"date":"2026-04-27T01:59:59","date_gmt":"2026-04-27T04:59:59","guid":{"rendered":"https:\/\/www.hediyepazar.com\/?product=g20-mini-akilli-saat"},"modified":"2026-04-27T01:59:59","modified_gmt":"2026-04-27T04:59:59","slug":"g20-mini-akilli-saat","status":"publish","type":"product","link":"https:\/\/www.hediyepazar.com\/?product=g20-mini-akilli-saat","title":{"rendered":"G20 Mini Ak\u0131ll\u0131 Saat"},"content":{"rendered":"","protected":false},"excerpt":{"rendered":"<p>Ak\u0131ll\u0131 saatinizle \u00e7a\u011fr\u0131lar\u0131 yan\u0131tlayabilir, arama yapabilir ve bildirimleri an\u0131nda g\u00f6rebilirsiniz. Bluetooth 5.0 teknolojisi h\u0131zl\u0131 ve stabil ba\u011flant\u0131 sunar. Haritalar\u0131 g\u00f6r\u00fcnt\u00fcleyebilir, ekrana foto\u011fraf y\u00fckleyebilir ve aray\u00fcz\u00fc ki\u015fiselle\u015ftirebilirsiniz. \u00c7oklu dil deste\u011fiyle her kullan\u0131c\u0131ya uygun hale gelir. Sa\u011fl\u0131k ve spor takibi, uzun pil \u00f6mr\u00fc ve suya dayan\u0131kl\u0131 yap\u0131s\u0131 ile g\u00fcnl\u00fck ya\u015fam\u0131n\u0131z\u0131n ayr\u0131lmaz bir par\u00e7as\u0131 olur.<\/p>\n","protected":false},"featured_media":48986,"comment_status":"open","ping_status":"closed","template":"","meta":{"_kad_post_transparent":"","_kad_post_title":"","_kad_post_layout":"","_kad_post_sidebar_id":"","_kad_post_content_style":"","_kad_post_vertical_padding":"","_kad_post_feature":"","_kad_post_feature_position":"","_kad_post_header":false,"_kad_post_footer":false,"_kad_post_classname":""},"product_brand":[],"product_cat":[23],"product_tag":[],"class_list":{"0":"post-48987","1":"product","2":"type-product","3":"status-publish","4":"has-post-thumbnail","6":"product_cat-genel","8":"first","9":"instock","10":"purchasable","11":"product-type-simple","12":"entry","13":"content-bg","14":"loop-entry"},"_links":{"self":[{"href":"https:\/\/www.hediyepazar.com\/index.php?rest_route=\/wp\/v2\/product\/48987","targetHints":{"allow":["GET"]}}],"collection":[{"href":"https:\/\/www.hediyepazar.com\/index.php?rest_route=\/wp\/v2\/product"}],"about":[{"href":"https:\/\/www.hediyepazar.com\/index.php?rest_route=\/wp\/v2\/types\/product"}],"replies":[{"embeddable":true,"href":"https:\/\/www.hediyepazar.com\/index.php?rest_route=%2Fwp%2Fv2%2Fcomments&post=48987"}],"wp:featuredmedia":[{"embeddable":true,"href":"https:\/\/www.hediyepazar.com\/index.php?rest_route=\/wp\/v2\/media\/48986"}],"wp:attachment":[{"href":"https:\/\/www.hediyepazar.com\/index.php?rest_route=%2Fwp%2Fv2%2Fmedia&parent=48987"}],"wp:term":[{"taxonomy":"product_brand","embeddable":true,"href":"https:\/\/www.hediyepazar.com\/index.php?rest_route=%2Fwp%2Fv2%2Fproduct_brand&post=48987"},{"taxonomy":"product_cat","embeddable":true,"href":"https:\/\/www.hediyepazar.com\/index.php?rest_route=%2Fwp%2Fv2%2Fproduct_cat&post=48987"},{"taxonomy":"product_tag","embeddable":true,"href":"https:\/\/www.hediyepazar.com\/index.php?rest_route=%2Fwp%2Fv2%2Fproduct_tag&post=48987"}],"curies":[{"name":"wp","href":"https:\/\/api.w.org\/{rel}","templated":true}]}}