{"id":48993,"date":"2026-04-27T02:00:11","date_gmt":"2026-04-27T05:00:11","guid":{"rendered":"https:\/\/www.hediyepazar.com\/?product=akilli-saat-bluetooth-5-0-suya-dayanikli-kablosuz-sarj"},"modified":"2026-04-27T02:00:11","modified_gmt":"2026-04-27T05:00:11","slug":"akilli-saat-bluetooth-5-0-suya-dayanikli-kablosuz-sarj","status":"publish","type":"product","link":"https:\/\/www.hediyepazar.com\/?product=akilli-saat-bluetooth-5-0-suya-dayanikli-kablosuz-sarj","title":{"rendered":"Ak\u0131ll\u0131 Saat \u2013 Bluetooth 5.0, Suya Dayan\u0131kl\u0131, Kablosuz \u015earj"},"content":{"rendered":"","protected":false},"excerpt":{"rendered":"<p>Bu ak\u0131ll\u0131 saat, hem modern g\u00f6r\u00fcn\u00fcm\u00fc hem de geli\u015fmi\u015f \u00f6zellikleriyle g\u00fcnl\u00fck ya\u015fam\u0131n\u0131z\u0131 kolayla\u015ft\u0131r\u0131r. Tam ekran renkli dokunmatik panel, haritalar\u0131 ve foto\u011fraflar\u0131 net bir \u015fekilde g\u00f6r\u00fcnt\u00fcler. Bluetooth 5.0 ba\u011flant\u0131s\u0131 sayesinde telefonunuza h\u0131zl\u0131ca ba\u011flan\u0131r; arama yapabilir, mesaj bildirimlerini g\u00f6r\u00fcnt\u00fcleyebilirsiniz. Seramik g\u00f6vdesi dayan\u0131kl\u0131, ala\u015f\u0131m kasas\u0131 ise zarif bir g\u00f6r\u00fcn\u00fcm sunar. IP68 su ge\u00e7irmezlik sertifikas\u0131yla ya\u011fmurda veya sporda g\u00fcvenle kullan\u0131labilir. Kablosuz \u015farj \u00f6zelli\u011fiyle pratik bir kullan\u0131m sa\u011flar.<\/p>\n","protected":false},"featured_media":48992,"comment_status":"open","ping_status":"closed","template":"","meta":{"_kad_post_transparent":"","_kad_post_title":"","_kad_post_layout":"","_kad_post_sidebar_id":"","_kad_post_content_style":"","_kad_post_vertical_padding":"","_kad_post_feature":"","_kad_post_feature_position":"","_kad_post_header":false,"_kad_post_footer":false,"_kad_post_classname":""},"product_brand":[],"product_cat":[23],"product_tag":[],"class_list":{"0":"post-48993","1":"product","2":"type-product","3":"status-publish","4":"has-post-thumbnail","6":"product_cat-genel","8":"first","9":"instock","10":"purchasable","11":"product-type-simple","12":"entry","13":"content-bg","14":"loop-entry"},"_links":{"self":[{"href":"https:\/\/www.hediyepazar.com\/index.php?rest_route=\/wp\/v2\/product\/48993","targetHints":{"allow":["GET"]}}],"collection":[{"href":"https:\/\/www.hediyepazar.com\/index.php?rest_route=\/wp\/v2\/product"}],"about":[{"href":"https:\/\/www.hediyepazar.com\/index.php?rest_route=\/wp\/v2\/types\/product"}],"replies":[{"embeddable":true,"href":"https:\/\/www.hediyepazar.com\/index.php?rest_route=%2Fwp%2Fv2%2Fcomments&post=48993"}],"wp:featuredmedia":[{"embeddable":true,"href":"https:\/\/www.hediyepazar.com\/index.php?rest_route=\/wp\/v2\/media\/48992"}],"wp:attachment":[{"href":"https:\/\/www.hediyepazar.com\/index.php?rest_route=%2Fwp%2Fv2%2Fmedia&parent=48993"}],"wp:term":[{"taxonomy":"product_brand","embeddable":true,"href":"https:\/\/www.hediyepazar.com\/index.php?rest_route=%2Fwp%2Fv2%2Fproduct_brand&post=48993"},{"taxonomy":"product_cat","embeddable":true,"href":"https:\/\/www.hediyepazar.com\/index.php?rest_route=%2Fwp%2Fv2%2Fproduct_cat&post=48993"},{"taxonomy":"product_tag","embeddable":true,"href":"https:\/\/www.hediyepazar.com\/index.php?rest_route=%2Fwp%2Fv2%2Fproduct_tag&post=48993"}],"curies":[{"name":"wp","href":"https:\/\/api.w.org\/{rel}","templated":true}]}}