{"id":48995,"date":"2026-04-27T02:00:14","date_gmt":"2026-04-27T05:00:14","guid":{"rendered":"https:\/\/www.hediyepazar.com\/?product=ds-f210-kablosuz-kulaklik"},"modified":"2026-04-27T02:00:14","modified_gmt":"2026-04-27T05:00:14","slug":"ds-f210-kablosuz-kulaklik","status":"publish","type":"product","link":"https:\/\/www.hediyepazar.com\/?product=ds-f210-kablosuz-kulaklik","title":{"rendered":"Ds-f210 Kablosuz Kulakl\u0131k"},"content":{"rendered":"","protected":false},"excerpt":{"rendered":"<p>Yo\u011fun i\u015f temposuna ayak uyduracak \u015fekilde tasarlanan Dunspin DS-F210, uzun pil \u00f6mr\u00fc, titre\u015fimli \u00e7a\u011fr\u0131 bildirimi ve h\u0131zl\u0131 \u015farj avantaj\u0131 ile profesyonel kullan\u0131c\u0131lar i\u00e7in idealdir. 25 saate kadar kesintisiz m\u00fczik ve konu\u015fma imk\u00e2n\u0131 sunar. Dijital ekran g\u00f6stergesi sayesinde \u015farj seviyesini s\u00fcrekli kontrol alt\u0131nda tutabilirsiniz. Bluetooth 5.2 teknolojisi ile t\u00fcm telefonlarla uyumlu \u00e7al\u0131\u015farak 10 metreye kadar kesintisiz ba\u011flant\u0131 sa\u011flar. Ergonomik yap\u0131s\u0131 ve klipsli tasar\u0131m\u0131 sayesinde yan\u0131n\u0131zda kolayca ta\u015f\u0131yabilir, her an eri\u015filebilir hale getirebilirsiniz. \u00d6zellikle sahada \u00e7al\u0131\u015fan, s\u0131k seyahat eden ya da yo\u011fun telefon g\u00f6r\u00fc\u015fmeleri yapan kullan\u0131c\u0131lar i\u00e7in en do\u011fru se\u00e7imdir.<\/p>\n","protected":false},"featured_media":48994,"comment_status":"open","ping_status":"closed","template":"","meta":{"_kad_post_transparent":"","_kad_post_title":"","_kad_post_layout":"","_kad_post_sidebar_id":"","_kad_post_content_style":"","_kad_post_vertical_padding":"","_kad_post_feature":"","_kad_post_feature_position":"","_kad_post_header":false,"_kad_post_footer":false,"_kad_post_classname":""},"product_brand":[],"product_cat":[23],"product_tag":[],"class_list":{"0":"post-48995","1":"product","2":"type-product","3":"status-publish","4":"has-post-thumbnail","6":"product_cat-genel","8":"first","9":"instock","10":"purchasable","11":"product-type-simple","12":"entry","13":"content-bg","14":"loop-entry"},"_links":{"self":[{"href":"https:\/\/www.hediyepazar.com\/index.php?rest_route=\/wp\/v2\/product\/48995","targetHints":{"allow":["GET"]}}],"collection":[{"href":"https:\/\/www.hediyepazar.com\/index.php?rest_route=\/wp\/v2\/product"}],"about":[{"href":"https:\/\/www.hediyepazar.com\/index.php?rest_route=\/wp\/v2\/types\/product"}],"replies":[{"embeddable":true,"href":"https:\/\/www.hediyepazar.com\/index.php?rest_route=%2Fwp%2Fv2%2Fcomments&post=48995"}],"wp:featuredmedia":[{"embeddable":true,"href":"https:\/\/www.hediyepazar.com\/index.php?rest_route=\/wp\/v2\/media\/48994"}],"wp:attachment":[{"href":"https:\/\/www.hediyepazar.com\/index.php?rest_route=%2Fwp%2Fv2%2Fmedia&parent=48995"}],"wp:term":[{"taxonomy":"product_brand","embeddable":true,"href":"https:\/\/www.hediyepazar.com\/index.php?rest_route=%2Fwp%2Fv2%2Fproduct_brand&post=48995"},{"taxonomy":"product_cat","embeddable":true,"href":"https:\/\/www.hediyepazar.com\/index.php?rest_route=%2Fwp%2Fv2%2Fproduct_cat&post=48995"},{"taxonomy":"product_tag","embeddable":true,"href":"https:\/\/www.hediyepazar.com\/index.php?rest_route=%2Fwp%2Fv2%2Fproduct_tag&post=48995"}],"curies":[{"name":"wp","href":"https:\/\/api.w.org\/{rel}","templated":true}]}}