{"id":49001,"date":"2026-04-27T02:00:25","date_gmt":"2026-04-27T05:00:25","guid":{"rendered":"https:\/\/www.hediyepazar.com\/?product=sw80-akilli-saat"},"modified":"2026-04-27T02:00:25","modified_gmt":"2026-04-27T05:00:25","slug":"sw80-akilli-saat","status":"publish","type":"product","link":"https:\/\/www.hediyepazar.com\/?product=sw80-akilli-saat","title":{"rendered":"Sw80 Ak\u0131ll\u0131 Saat"},"content":{"rendered":"","protected":false},"excerpt":{"rendered":"<p>SW80 Ak\u0131ll\u0131 Saat, IP68 sertifikal\u0131 yap\u0131s\u0131 ile toza ve tatl\u0131 suya kar\u015f\u0131 dayan\u0131kl\u0131l\u0131k sunar. G\u00fcnl\u00fck hayatta ellerinizi y\u0131karken, ya\u011fmur alt\u0131nda y\u00fcr\u00fcrken veya tozlu ortamlarda \u00e7al\u0131\u015f\u0131rken saatiniz g\u00fcvenle korunur. Ancak deniz, havuz, du\u015f ve hamam gibi ortamlarda kullan\u0131lmas\u0131 \u00f6nerilmez. Bu \u00f6zelli\u011fi sayesinde d\u0131\u015f mekan aktivitelerinde g\u00f6n\u00fcl rahatl\u0131\u011f\u0131yla kullan\u0131labilir. Sporcular, outdoor aktiviteleri sevenler veya g\u00fcn i\u00e7inde yo\u011fun tempoda \u00e7al\u0131\u015fan kullan\u0131c\u0131lar i\u00e7in b\u00fcy\u00fck avantaj sa\u011flar. Dayan\u0131kl\u0131 yap\u0131s\u0131 sayesinde uzun \u00f6m\u00fcrl\u00fc kullan\u0131m sunar. SW80, \u015f\u0131kl\u0131\u011f\u0131 ile dikkat \u00e7ekerken ayn\u0131 zamanda sa\u011flaml\u0131\u011f\u0131yla g\u00fcven verir. G\u00fcnl\u00fck hayat\u0131n\u0131zda sizi yar\u0131 yolda b\u0131rakmayacak bir ak\u0131ll\u0131 saat ar\u0131yorsan\u0131z, SW80 ideal tercihiniz olacakt\u0131r.<\/p>\n","protected":false},"featured_media":49000,"comment_status":"open","ping_status":"closed","template":"","meta":{"_kad_post_transparent":"","_kad_post_title":"","_kad_post_layout":"","_kad_post_sidebar_id":"","_kad_post_content_style":"","_kad_post_vertical_padding":"","_kad_post_feature":"","_kad_post_feature_position":"","_kad_post_header":false,"_kad_post_footer":false,"_kad_post_classname":""},"product_brand":[],"product_cat":[23],"product_tag":[],"class_list":{"0":"post-49001","1":"product","2":"type-product","3":"status-publish","4":"has-post-thumbnail","6":"product_cat-genel","8":"first","9":"instock","10":"purchasable","11":"product-type-simple","12":"entry","13":"content-bg","14":"loop-entry"},"_links":{"self":[{"href":"https:\/\/www.hediyepazar.com\/index.php?rest_route=\/wp\/v2\/product\/49001","targetHints":{"allow":["GET"]}}],"collection":[{"href":"https:\/\/www.hediyepazar.com\/index.php?rest_route=\/wp\/v2\/product"}],"about":[{"href":"https:\/\/www.hediyepazar.com\/index.php?rest_route=\/wp\/v2\/types\/product"}],"replies":[{"embeddable":true,"href":"https:\/\/www.hediyepazar.com\/index.php?rest_route=%2Fwp%2Fv2%2Fcomments&post=49001"}],"wp:featuredmedia":[{"embeddable":true,"href":"https:\/\/www.hediyepazar.com\/index.php?rest_route=\/wp\/v2\/media\/49000"}],"wp:attachment":[{"href":"https:\/\/www.hediyepazar.com\/index.php?rest_route=%2Fwp%2Fv2%2Fmedia&parent=49001"}],"wp:term":[{"taxonomy":"product_brand","embeddable":true,"href":"https:\/\/www.hediyepazar.com\/index.php?rest_route=%2Fwp%2Fv2%2Fproduct_brand&post=49001"},{"taxonomy":"product_cat","embeddable":true,"href":"https:\/\/www.hediyepazar.com\/index.php?rest_route=%2Fwp%2Fv2%2Fproduct_cat&post=49001"},{"taxonomy":"product_tag","embeddable":true,"href":"https:\/\/www.hediyepazar.com\/index.php?rest_route=%2Fwp%2Fv2%2Fproduct_tag&post=49001"}],"curies":[{"name":"wp","href":"https:\/\/api.w.org\/{rel}","templated":true}]}}