{"id":49005,"date":"2026-04-27T02:00:32","date_gmt":"2026-04-27T05:00:32","guid":{"rendered":"https:\/\/www.hediyepazar.com\/?product=ip68-su-toz-direncli-sw80-akilli-saat-android-ios-uyumlu"},"modified":"2026-04-27T02:00:32","modified_gmt":"2026-04-27T05:00:32","slug":"ip68-su-toz-direncli-sw80-akilli-saat-android-ios-uyumlu","status":"publish","type":"product","link":"https:\/\/www.hediyepazar.com\/?product=ip68-su-toz-direncli-sw80-akilli-saat-android-ios-uyumlu","title":{"rendered":"Ip68 Su Toz Diren\u00e7li Sw80 Ak\u0131ll\u0131 Saat Android \u0130os Uyumlu"},"content":{"rendered":"","protected":false},"excerpt":{"rendered":"<p>SW80 Ak\u0131ll\u0131 Saat, geli\u015fmi\u015f sa\u011fl\u0131k izleme \u00f6zellikleri ile g\u00fcnl\u00fck ya\u015fam\u0131n\u0131zda size yard\u0131mc\u0131 olur. Dahili nab\u0131z sens\u00f6r\u00fc sayesinde kalp at\u0131\u015f h\u0131z\u0131n\u0131z\u0131 anl\u0131k olarak \u00f6l\u00e7ebilir, uyku takibi \u00f6zelli\u011fiyle gece uyku kalitenizi analiz edebilirsiniz. Ayr\u0131ca ad\u0131m sayar \u00f6zelli\u011fi ile g\u00fcn i\u00e7inde att\u0131\u011f\u0131n\u0131z ad\u0131mlar\u0131, yakt\u0131\u011f\u0131n\u0131z kaloriyi ve kat etti\u011finiz mesafeyi kolayca \u00f6\u011frenebilirsiniz. Spor yaparken veya g\u00fcnl\u00fck y\u00fcr\u00fcy\u00fc\u015flerinizde t\u00fcm aktivitelerinizi kay\u0131t alt\u0131nda tutarak sa\u011fl\u0131kl\u0131 bir ya\u015fam tarz\u0131 i\u00e7in motive eder. \u00d6zellikle yo\u011fun i\u015f temposunda sa\u011fl\u0131k kontrollerinizi aksatmaman\u0131z i\u00e7in pratik bir \u00e7\u00f6z\u00fcm sunar. T\u00fcm bu veriler, telefonunuza y\u00fckleyebilece\u011finiz Da Fit uygulamas\u0131 \u00fczerinden detayl\u0131 grafiklerle g\u00f6r\u00fcnt\u00fclenebilir. SW80, sa\u011fl\u0131\u011f\u0131n\u0131z\u0131 kontrol alt\u0131nda tutman\u0131z i\u00e7in bile\u011finizde s\u00fcrekli haz\u0131r bekleyen bir asistan gibidir.<\/p>\n","protected":false},"featured_media":49004,"comment_status":"open","ping_status":"closed","template":"","meta":{"_kad_post_transparent":"","_kad_post_title":"","_kad_post_layout":"","_kad_post_sidebar_id":"","_kad_post_content_style":"","_kad_post_vertical_padding":"","_kad_post_feature":"","_kad_post_feature_position":"","_kad_post_header":false,"_kad_post_footer":false,"_kad_post_classname":""},"product_brand":[],"product_cat":[23],"product_tag":[],"class_list":{"0":"post-49005","1":"product","2":"type-product","3":"status-publish","4":"has-post-thumbnail","6":"product_cat-genel","8":"first","9":"instock","10":"purchasable","11":"product-type-simple","12":"entry","13":"content-bg","14":"loop-entry"},"_links":{"self":[{"href":"https:\/\/www.hediyepazar.com\/index.php?rest_route=\/wp\/v2\/product\/49005","targetHints":{"allow":["GET"]}}],"collection":[{"href":"https:\/\/www.hediyepazar.com\/index.php?rest_route=\/wp\/v2\/product"}],"about":[{"href":"https:\/\/www.hediyepazar.com\/index.php?rest_route=\/wp\/v2\/types\/product"}],"replies":[{"embeddable":true,"href":"https:\/\/www.hediyepazar.com\/index.php?rest_route=%2Fwp%2Fv2%2Fcomments&post=49005"}],"wp:featuredmedia":[{"embeddable":true,"href":"https:\/\/www.hediyepazar.com\/index.php?rest_route=\/wp\/v2\/media\/49004"}],"wp:attachment":[{"href":"https:\/\/www.hediyepazar.com\/index.php?rest_route=%2Fwp%2Fv2%2Fmedia&parent=49005"}],"wp:term":[{"taxonomy":"product_brand","embeddable":true,"href":"https:\/\/www.hediyepazar.com\/index.php?rest_route=%2Fwp%2Fv2%2Fproduct_brand&post=49005"},{"taxonomy":"product_cat","embeddable":true,"href":"https:\/\/www.hediyepazar.com\/index.php?rest_route=%2Fwp%2Fv2%2Fproduct_cat&post=49005"},{"taxonomy":"product_tag","embeddable":true,"href":"https:\/\/www.hediyepazar.com\/index.php?rest_route=%2Fwp%2Fv2%2Fproduct_tag&post=49005"}],"curies":[{"name":"wp","href":"https:\/\/api.w.org\/{rel}","templated":true}]}}