{"id":49013,"date":"2026-04-27T02:00:47","date_gmt":"2026-04-27T05:00:47","guid":{"rendered":"https:\/\/www.hediyepazar.com\/?product=s7-ultra-akilli-saat"},"modified":"2026-04-27T02:00:47","modified_gmt":"2026-04-27T05:00:47","slug":"s7-ultra-akilli-saat","status":"publish","type":"product","link":"https:\/\/www.hediyepazar.com\/?product=s7-ultra-akilli-saat","title":{"rendered":"S7 Ultra Ak\u0131ll\u0131 Saat"},"content":{"rendered":"","protected":false},"excerpt":{"rendered":"<p>G\u00fcnl\u00fck ya\u015famda konfor ve i\u015flevselli\u011fi bir arada sunan bu ak\u0131ll\u0131 saat, sade ama g\u00fc\u00e7l\u00fc tasar\u0131m\u0131yla her kullan\u0131c\u0131n\u0131n beklentisine yan\u0131t verir. Gerek spor esnas\u0131nda gerekse i\u015f g\u00fcnlerinde aktif kalabilmeniz i\u00e7in geli\u015ftirilen bu cihaz; \u00e7a\u011fr\u0131 yan\u0131tlama, bildirim kontrol\u00fc, sa\u011fl\u0131k verisi \u00f6l\u00e7\u00fcm\u00fc gibi bir\u00e7ok i\u015flemi bile\u011finizden y\u00f6netmenizi sa\u011flar. Ekran \u00fczerinde kolay eri\u015filebilir men\u00fc yap\u0131s\u0131 sayesinde, t\u00fcm fonksiyonlara birka\u00e7 dokunu\u015fla ula\u015fabilirsiniz. Unisex yap\u0131da tasarlanan saat, farkl\u0131 ya\u015f gruplar\u0131na ve kullan\u0131m ihtiya\u00e7lar\u0131na hitap eder. Renkli ekran\u0131 ve sade silikon kordonu ile g\u00fcnl\u00fck kombinlere uyum sa\u011flar. Suya ve d\u0131\u015f etkenlere kar\u015f\u0131 dayan\u0131kl\u0131 olmas\u0131 sayesinde yaln\u0131zca \u015fehir ya\u015fam\u0131nda de\u011fil do\u011fa aktivitelerinde de g\u00fcvenle kullan\u0131labilir. Teknolojiyi estetikle birle\u015ftiren bu ak\u0131ll\u0131 saat, pratiklik arayan herkes i\u00e7in ideal bir tercihtir. \u00a0<\/p>\n","protected":false},"featured_media":49012,"comment_status":"open","ping_status":"closed","template":"","meta":{"_kad_post_transparent":"","_kad_post_title":"","_kad_post_layout":"","_kad_post_sidebar_id":"","_kad_post_content_style":"","_kad_post_vertical_padding":"","_kad_post_feature":"","_kad_post_feature_position":"","_kad_post_header":false,"_kad_post_footer":false,"_kad_post_classname":""},"product_brand":[],"product_cat":[23],"product_tag":[],"class_list":{"0":"post-49013","1":"product","2":"type-product","3":"status-publish","4":"has-post-thumbnail","6":"product_cat-genel","8":"first","9":"instock","10":"purchasable","11":"product-type-simple","12":"entry","13":"content-bg","14":"loop-entry"},"_links":{"self":[{"href":"https:\/\/www.hediyepazar.com\/index.php?rest_route=\/wp\/v2\/product\/49013","targetHints":{"allow":["GET"]}}],"collection":[{"href":"https:\/\/www.hediyepazar.com\/index.php?rest_route=\/wp\/v2\/product"}],"about":[{"href":"https:\/\/www.hediyepazar.com\/index.php?rest_route=\/wp\/v2\/types\/product"}],"replies":[{"embeddable":true,"href":"https:\/\/www.hediyepazar.com\/index.php?rest_route=%2Fwp%2Fv2%2Fcomments&post=49013"}],"wp:featuredmedia":[{"embeddable":true,"href":"https:\/\/www.hediyepazar.com\/index.php?rest_route=\/wp\/v2\/media\/49012"}],"wp:attachment":[{"href":"https:\/\/www.hediyepazar.com\/index.php?rest_route=%2Fwp%2Fv2%2Fmedia&parent=49013"}],"wp:term":[{"taxonomy":"product_brand","embeddable":true,"href":"https:\/\/www.hediyepazar.com\/index.php?rest_route=%2Fwp%2Fv2%2Fproduct_brand&post=49013"},{"taxonomy":"product_cat","embeddable":true,"href":"https:\/\/www.hediyepazar.com\/index.php?rest_route=%2Fwp%2Fv2%2Fproduct_cat&post=49013"},{"taxonomy":"product_tag","embeddable":true,"href":"https:\/\/www.hediyepazar.com\/index.php?rest_route=%2Fwp%2Fv2%2Fproduct_tag&post=49013"}],"curies":[{"name":"wp","href":"https:\/\/api.w.org\/{rel}","templated":true}]}}