{"id":49021,"date":"2026-04-27T02:00:56","date_gmt":"2026-04-27T05:00:56","guid":{"rendered":"https:\/\/www.hediyepazar.com\/?product=akilli-saat-kalp-ritmi-nabiz-ve-uyku-takibi-ios-uyumlu"},"modified":"2026-04-27T02:00:56","modified_gmt":"2026-04-27T05:00:56","slug":"akilli-saat-kalp-ritmi-nabiz-ve-uyku-takibi-ios-uyumlu","status":"publish","type":"product","link":"https:\/\/www.hediyepazar.com\/?product=akilli-saat-kalp-ritmi-nabiz-ve-uyku-takibi-ios-uyumlu","title":{"rendered":"Ak\u0131ll\u0131 Saat | Kalp Ritmi, Nab\u0131z Ve Uyku Takibi | \u0130os Uyumlu"},"content":{"rendered":"","protected":false},"excerpt":{"rendered":"<p>Sa\u011fl\u0131kl\u0131 ya\u015fam hedefleyen kullan\u0131c\u0131lar i\u00e7in \u00f6zel olarak geli\u015ftirilen bu ak\u0131ll\u0131 saat, v\u00fccut verilerini s\u00fcrekli analiz ederek size detayl\u0131 bilgi sunar. Kalp ritmi \u00f6l\u00e7\u00fcm\u00fc, g\u00fcn boyunca kalbinizin durumunu takip ederken, nab\u0131z \u00f6l\u00e7er sens\u00f6rler ise egzersiz s\u0131ras\u0131nda ideal nab\u0131z aral\u0131\u011f\u0131nda kalman\u0131z\u0131 sa\u011flar. Bu sayede, spor yaparken a\u015f\u0131r\u0131 efor harcamadan verimli antrenmanlar ger\u00e7ekle\u015ftirebilirsiniz. Ayr\u0131ca kalori \u00f6l\u00e7\u00fcm \u00f6zelli\u011fi sayesinde g\u00fcn i\u00e7inde harcad\u0131\u011f\u0131n\u0131z enerjiyi takip edebilir, bu veriler do\u011frultusunda yemek d\u00fczeninizi planlayabilirsiniz. Uyku takibi fonksiyonu ile v\u00fccudunuzun dinlenme kalitesi analiz edilir; derin, hafif ve uyan\u0131k kalma s\u00fcreleri ayr\u0131 ayr\u0131 raporlanarak ya\u015fam kalitenizi art\u0131racak uyku d\u00fczenlemelerine katk\u0131 sa\u011flan\u0131r. T\u00fcm bu sa\u011fl\u0131k verileri dijital ekran \u00fczerinden eri\u015filebilir \u015fekilde sunulurken, uygulama entegrasyonu sayesinde analizleri mobil cihazdan da izleyebilirsiniz.<\/p>\n","protected":false},"featured_media":49020,"comment_status":"open","ping_status":"closed","template":"","meta":{"_kad_post_transparent":"","_kad_post_title":"","_kad_post_layout":"","_kad_post_sidebar_id":"","_kad_post_content_style":"","_kad_post_vertical_padding":"","_kad_post_feature":"","_kad_post_feature_position":"","_kad_post_header":false,"_kad_post_footer":false,"_kad_post_classname":""},"product_brand":[],"product_cat":[23],"product_tag":[],"class_list":{"0":"post-49021","1":"product","2":"type-product","3":"status-publish","4":"has-post-thumbnail","6":"product_cat-genel","8":"first","9":"instock","10":"purchasable","11":"product-type-simple","12":"entry","13":"content-bg","14":"loop-entry"},"_links":{"self":[{"href":"https:\/\/www.hediyepazar.com\/index.php?rest_route=\/wp\/v2\/product\/49021","targetHints":{"allow":["GET"]}}],"collection":[{"href":"https:\/\/www.hediyepazar.com\/index.php?rest_route=\/wp\/v2\/product"}],"about":[{"href":"https:\/\/www.hediyepazar.com\/index.php?rest_route=\/wp\/v2\/types\/product"}],"replies":[{"embeddable":true,"href":"https:\/\/www.hediyepazar.com\/index.php?rest_route=%2Fwp%2Fv2%2Fcomments&post=49021"}],"wp:featuredmedia":[{"embeddable":true,"href":"https:\/\/www.hediyepazar.com\/index.php?rest_route=\/wp\/v2\/media\/49020"}],"wp:attachment":[{"href":"https:\/\/www.hediyepazar.com\/index.php?rest_route=%2Fwp%2Fv2%2Fmedia&parent=49021"}],"wp:term":[{"taxonomy":"product_brand","embeddable":true,"href":"https:\/\/www.hediyepazar.com\/index.php?rest_route=%2Fwp%2Fv2%2Fproduct_brand&post=49021"},{"taxonomy":"product_cat","embeddable":true,"href":"https:\/\/www.hediyepazar.com\/index.php?rest_route=%2Fwp%2Fv2%2Fproduct_cat&post=49021"},{"taxonomy":"product_tag","embeddable":true,"href":"https:\/\/www.hediyepazar.com\/index.php?rest_route=%2Fwp%2Fv2%2Fproduct_tag&post=49021"}],"curies":[{"name":"wp","href":"https:\/\/api.w.org\/{rel}","templated":true}]}}