{"id":49025,"date":"2026-04-27T02:01:00","date_gmt":"2026-04-27T05:01:00","guid":{"rendered":"https:\/\/www.hediyepazar.com\/?product=bt40-kulak-ustu-kulaklik"},"modified":"2026-04-27T02:01:00","modified_gmt":"2026-04-27T05:01:00","slug":"bt40-kulak-ustu-kulaklik","status":"publish","type":"product","link":"https:\/\/www.hediyepazar.com\/?product=bt40-kulak-ustu-kulaklik","title":{"rendered":"Bt40 Kulak \u00dcst\u00fc Kulakl\u0131k"},"content":{"rendered":"","protected":false},"excerpt":{"rendered":"<p>Ses deneyiminizi \u00fcst seviyeye ta\u015f\u0131y\u0131n! Kablosuz kulak \u00fcst\u00fc kulakl\u0131k, g\u00fc\u00e7l\u00fc bas efektleri ve kristal netli\u011finde ses kalitesi ile her \u015fark\u0131y\u0131 canl\u0131 hale getirir. Katlanabilir tasar\u0131m\u0131 sayesinde kolay ta\u015f\u0131nabilir ve saklanabilir. Bluetooth teknolojisi, kablo karma\u015fas\u0131na son vererek \u00f6zg\u00fcrce hareket etmenizi sa\u011flar. Rahat kulak yast\u0131klar\u0131 ve ergonomik kafa band\u0131, uzun s\u00fcreli kullan\u0131mlarda bile maksimum konfor sunar. Uzun pil \u00f6mr\u00fc sayesinde kesintisiz m\u00fczik deneyimi ya\u015fat\u0131r. \u0130ster evde, ister seyahatte, ister ders \u00e7al\u0131\u015f\u0131rken bu kulakl\u0131k, kaliteli ses isteyen herkes i\u00e7in m\u00fckemmel bir \u00e7\u00f6z\u00fcmd\u00fcr.<\/p>\n","protected":false},"featured_media":49024,"comment_status":"open","ping_status":"closed","template":"","meta":{"_kad_post_transparent":"","_kad_post_title":"","_kad_post_layout":"","_kad_post_sidebar_id":"","_kad_post_content_style":"","_kad_post_vertical_padding":"","_kad_post_feature":"","_kad_post_feature_position":"","_kad_post_header":false,"_kad_post_footer":false,"_kad_post_classname":""},"product_brand":[],"product_cat":[23],"product_tag":[],"class_list":{"0":"post-49025","1":"product","2":"type-product","3":"status-publish","4":"has-post-thumbnail","6":"product_cat-genel","8":"first","9":"instock","10":"purchasable","11":"product-type-simple","12":"entry","13":"content-bg","14":"loop-entry"},"_links":{"self":[{"href":"https:\/\/www.hediyepazar.com\/index.php?rest_route=\/wp\/v2\/product\/49025","targetHints":{"allow":["GET"]}}],"collection":[{"href":"https:\/\/www.hediyepazar.com\/index.php?rest_route=\/wp\/v2\/product"}],"about":[{"href":"https:\/\/www.hediyepazar.com\/index.php?rest_route=\/wp\/v2\/types\/product"}],"replies":[{"embeddable":true,"href":"https:\/\/www.hediyepazar.com\/index.php?rest_route=%2Fwp%2Fv2%2Fcomments&post=49025"}],"wp:featuredmedia":[{"embeddable":true,"href":"https:\/\/www.hediyepazar.com\/index.php?rest_route=\/wp\/v2\/media\/49024"}],"wp:attachment":[{"href":"https:\/\/www.hediyepazar.com\/index.php?rest_route=%2Fwp%2Fv2%2Fmedia&parent=49025"}],"wp:term":[{"taxonomy":"product_brand","embeddable":true,"href":"https:\/\/www.hediyepazar.com\/index.php?rest_route=%2Fwp%2Fv2%2Fproduct_brand&post=49025"},{"taxonomy":"product_cat","embeddable":true,"href":"https:\/\/www.hediyepazar.com\/index.php?rest_route=%2Fwp%2Fv2%2Fproduct_cat&post=49025"},{"taxonomy":"product_tag","embeddable":true,"href":"https:\/\/www.hediyepazar.com\/index.php?rest_route=%2Fwp%2Fv2%2Fproduct_tag&post=49025"}],"curies":[{"name":"wp","href":"https:\/\/api.w.org\/{rel}","templated":true}]}}