{"id":49041,"date":"2026-04-27T02:01:28","date_gmt":"2026-04-27T05:01:28","guid":{"rendered":"https:\/\/www.hediyepazar.com\/?product=ceviri-kulakligi-q11"},"modified":"2026-04-27T02:01:28","modified_gmt":"2026-04-27T05:01:28","slug":"ceviri-kulakligi-q11","status":"publish","type":"product","link":"https:\/\/www.hediyepazar.com\/?product=ceviri-kulakligi-q11","title":{"rendered":"\u00c7eviri Kulakl\u0131\u011f\u0131 Q11"},"content":{"rendered":"","protected":false},"excerpt":{"rendered":"<p>Modern tasar\u0131m\u0131yla \u00f6ne \u00e7\u0131kan Bluetooth kulakl\u0131k, 4 saate kadar pil \u00f6mr\u00fc ve h\u0131zl\u0131 \u015farj \u00f6zelli\u011fiyle kullan\u0131m kolayl\u0131\u011f\u0131 sa\u011flar. Ak\u0131ll\u0131 LED ekran sayesinde pil durumunu anl\u0131k olarak takip edebilir, stabil ba\u011flant\u0131s\u0131 ile kesintisiz ses deneyimi ya\u015fayabilirsiniz. Hafif ve ta\u015f\u0131nabilir yap\u0131s\u0131 sayesinde g\u00fcn boyu yan\u0131n\u0131zda ta\u015f\u0131yabilece\u011finiz ideal bir kulakl\u0131kt\u0131r.<\/p>\n","protected":false},"featured_media":49040,"comment_status":"open","ping_status":"closed","template":"","meta":{"_kad_post_transparent":"","_kad_post_title":"","_kad_post_layout":"","_kad_post_sidebar_id":"","_kad_post_content_style":"","_kad_post_vertical_padding":"","_kad_post_feature":"","_kad_post_feature_position":"","_kad_post_header":false,"_kad_post_footer":false,"_kad_post_classname":""},"product_brand":[],"product_cat":[23],"product_tag":[],"class_list":{"0":"post-49041","1":"product","2":"type-product","3":"status-publish","4":"has-post-thumbnail","6":"product_cat-genel","8":"first","9":"instock","10":"purchasable","11":"product-type-simple","12":"entry","13":"content-bg","14":"loop-entry"},"_links":{"self":[{"href":"https:\/\/www.hediyepazar.com\/index.php?rest_route=\/wp\/v2\/product\/49041","targetHints":{"allow":["GET"]}}],"collection":[{"href":"https:\/\/www.hediyepazar.com\/index.php?rest_route=\/wp\/v2\/product"}],"about":[{"href":"https:\/\/www.hediyepazar.com\/index.php?rest_route=\/wp\/v2\/types\/product"}],"replies":[{"embeddable":true,"href":"https:\/\/www.hediyepazar.com\/index.php?rest_route=%2Fwp%2Fv2%2Fcomments&post=49041"}],"wp:featuredmedia":[{"embeddable":true,"href":"https:\/\/www.hediyepazar.com\/index.php?rest_route=\/wp\/v2\/media\/49040"}],"wp:attachment":[{"href":"https:\/\/www.hediyepazar.com\/index.php?rest_route=%2Fwp%2Fv2%2Fmedia&parent=49041"}],"wp:term":[{"taxonomy":"product_brand","embeddable":true,"href":"https:\/\/www.hediyepazar.com\/index.php?rest_route=%2Fwp%2Fv2%2Fproduct_brand&post=49041"},{"taxonomy":"product_cat","embeddable":true,"href":"https:\/\/www.hediyepazar.com\/index.php?rest_route=%2Fwp%2Fv2%2Fproduct_cat&post=49041"},{"taxonomy":"product_tag","embeddable":true,"href":"https:\/\/www.hediyepazar.com\/index.php?rest_route=%2Fwp%2Fv2%2Fproduct_tag&post=49041"}],"curies":[{"name":"wp","href":"https:\/\/api.w.org\/{rel}","templated":true}]}}