{"id":49043,"date":"2026-04-27T02:01:32","date_gmt":"2026-04-27T05:01:32","guid":{"rendered":"https:\/\/www.hediyepazar.com\/?product=fubar-boyun-askili-kulaklik"},"modified":"2026-04-27T02:01:32","modified_gmt":"2026-04-27T05:01:32","slug":"fubar-boyun-askili-kulaklik","status":"publish","type":"product","link":"https:\/\/www.hediyepazar.com\/?product=fubar-boyun-askili-kulaklik","title":{"rendered":"Fubar Boyun Ask\u0131l\u0131 Kulakl\u0131k"},"content":{"rendered":"","protected":false},"excerpt":{"rendered":"<p>Bu kablosuz kulakl\u0131k, boyun ask\u0131l\u0131 ergonomik tasar\u0131m\u0131 ile uzun s\u00fcreli kullan\u0131m i\u00e7in \u00f6zel olarak \u00fcretilmi\u015ftir. Tek \u015farjla 100 saate kadar m\u00fczik dinleme veya telefonla konu\u015fma imk\u00e2n\u0131 sunar. Y\u00fcksek batarya kapasitesi sayesinde s\u0131k s\u0131k \u015farj etme ihtiyac\u0131n\u0131 ortadan kald\u0131r\u0131r. Bluetooth teknolojisi ile cihazlar\u0131n\u0131za h\u0131zl\u0131ca ba\u011flan\u0131r ve ba\u011flant\u0131 kopmalar\u0131 ya\u015famadan kesintisiz ileti\u015fim sa\u011flar.Yumu\u015fak ve esnek boyun ask\u0131s\u0131, kullan\u0131m s\u0131ras\u0131nda a\u011f\u0131rl\u0131\u011f\u0131 e\u015fit da\u011f\u0131tarak boyun b\u00f6lgesine y\u00fck bindirmez. Kulakl\u0131k u\u00e7lar\u0131 kulak i\u00e7ine tam oturur, d\u0131\u015f sesleri izole eder ve konforlu bir m\u00fczik dinleme deneyimi sa\u011flar. Manyetik kulakl\u0131k ba\u015fl\u0131klar\u0131 sayesinde kullan\u0131lmad\u0131\u011f\u0131nda kolayca sabitlenebilir ve da\u011f\u0131n\u0131kl\u0131k \u00f6nlenir.Gelen aramalar\u0131 cevaplama, m\u00fczik durdurma\/ba\u015flatma gibi i\u015flemler kulakl\u0131k \u00fczerinden kolayca kontrol edilebilir. Y\u00fcksek \u00e7\u00f6z\u00fcn\u00fcrl\u00fckl\u00fc mikrofonu sayesinde telefon g\u00f6r\u00fc\u015fmeleri s\u0131ras\u0131nda ses kar\u015f\u0131 tarafa net \u015fekilde iletilir. Video izleme, \u00e7evrimi\u00e7i toplant\u0131lar ve oyun oynama gibi farkl\u0131 senaryolarda ideal performans sunar. G\u00fcnl\u00fck kullan\u0131m, spor ve seyahat i\u00e7in uygundur. USB kablo ile kolayca \u015farj edilir ve h\u0131zl\u0131 \u015farj deste\u011fi sayesinde k\u0131sa s\u00fcrede tekrar kullan\u0131ma haz\u0131r hale gelir.\u00a0<\/p>\n","protected":false},"featured_media":49042,"comment_status":"open","ping_status":"closed","template":"","meta":{"_kad_post_transparent":"","_kad_post_title":"","_kad_post_layout":"","_kad_post_sidebar_id":"","_kad_post_content_style":"","_kad_post_vertical_padding":"","_kad_post_feature":"","_kad_post_feature_position":"","_kad_post_header":false,"_kad_post_footer":false,"_kad_post_classname":""},"product_brand":[],"product_cat":[23],"product_tag":[],"class_list":{"0":"post-49043","1":"product","2":"type-product","3":"status-publish","4":"has-post-thumbnail","6":"product_cat-genel","8":"first","9":"instock","10":"purchasable","11":"product-type-simple","12":"entry","13":"content-bg","14":"loop-entry"},"_links":{"self":[{"href":"https:\/\/www.hediyepazar.com\/index.php?rest_route=\/wp\/v2\/product\/49043","targetHints":{"allow":["GET"]}}],"collection":[{"href":"https:\/\/www.hediyepazar.com\/index.php?rest_route=\/wp\/v2\/product"}],"about":[{"href":"https:\/\/www.hediyepazar.com\/index.php?rest_route=\/wp\/v2\/types\/product"}],"replies":[{"embeddable":true,"href":"https:\/\/www.hediyepazar.com\/index.php?rest_route=%2Fwp%2Fv2%2Fcomments&post=49043"}],"wp:featuredmedia":[{"embeddable":true,"href":"https:\/\/www.hediyepazar.com\/index.php?rest_route=\/wp\/v2\/media\/49042"}],"wp:attachment":[{"href":"https:\/\/www.hediyepazar.com\/index.php?rest_route=%2Fwp%2Fv2%2Fmedia&parent=49043"}],"wp:term":[{"taxonomy":"product_brand","embeddable":true,"href":"https:\/\/www.hediyepazar.com\/index.php?rest_route=%2Fwp%2Fv2%2Fproduct_brand&post=49043"},{"taxonomy":"product_cat","embeddable":true,"href":"https:\/\/www.hediyepazar.com\/index.php?rest_route=%2Fwp%2Fv2%2Fproduct_cat&post=49043"},{"taxonomy":"product_tag","embeddable":true,"href":"https:\/\/www.hediyepazar.com\/index.php?rest_route=%2Fwp%2Fv2%2Fproduct_tag&post=49043"}],"curies":[{"name":"wp","href":"https:\/\/api.w.org\/{rel}","templated":true}]}}