{"id":49051,"date":"2026-04-27T02:01:39","date_gmt":"2026-04-27T05:01:39","guid":{"rendered":"https:\/\/www.hediyepazar.com\/?product=pg-580-kulaklik"},"modified":"2026-04-27T02:01:39","modified_gmt":"2026-04-27T05:01:39","slug":"pg-580-kulaklik","status":"publish","type":"product","link":"https:\/\/www.hediyepazar.com\/?product=pg-580-kulaklik","title":{"rendered":"Pg-580 Kulakl\u0131k"},"content":{"rendered":"","protected":false},"excerpt":{"rendered":"<p>Bu RGB ayd\u0131nlatmal\u0131 kablosuz kulakl\u0131k, y\u00fcksek performansl\u0131 ses deneyimini \u015f\u0131k ve fonksiyonel bir tasar\u0131mla bir araya getirerek hem oyuncular hem de g\u00fcnl\u00fck kullan\u0131c\u0131lar i\u00e7in ideal bir se\u00e7enek sunar. 280 graml\u0131k hafif yap\u0131s\u0131 ve ergonomik tasar\u0131m\u0131 sayesinde uzun s\u00fcreli kullan\u0131mlarda dahi konforlu bir kullan\u0131m sa\u011flar. Cilt dostu, nefes alabilen kulak pedleri ve \u00fc\u00e7 boyutlu kulakl\u0131k yap\u0131s\u0131, d\u0131\u015f sesleri etkili bir \u015fekilde izole ederken, kullan\u0131c\u0131y\u0131 sesin merkezine ta\u015f\u0131yan s\u00fcr\u00fckleyici bir ortam yarat\u0131r. G\u00f6z al\u0131c\u0131 RGB \u0131\u015f\u0131k efektleri, oyun atmosferine canl\u0131l\u0131k katarken, \u0131\u015f\u0131k d\u00fc\u011fmesine arka arkaya iki kez bas\u0131larak kolayca kontrol edilebilir.Bluetooth v5.3 teknolojisi ile donat\u0131lan kulakl\u0131k, 10 metreye kadar istikrarl\u0131 ve y\u00fcksek h\u0131zl\u0131 kablosuz ba\u011flant\u0131 sa\u011flar. Kablosuz kullan\u0131mda yaln\u0131zca 30 ms\u2019den d\u00fc\u015f\u00fck gecikme s\u00fcresiyle, \u00f6zellikle oyunlarda ses ile g\u00f6r\u00fcnt\u00fc aras\u0131ndaki senkron sorunu ortadan kalkar. 800mAh kapasiteli pili sayesinde uzun s\u00fcreli kullan\u0131mlar i\u00e7in idealdir ve pil g\u00f6stergesi sayesinde \u015farj durumu kolayl\u0131kla takip edilebilir. IPX-4 suya dayan\u0131kl\u0131l\u0131k standard\u0131, kulakl\u0131\u011f\u0131 ter ve su s\u0131\u00e7ramalar\u0131na kar\u015f\u0131 korur. Type-C \u015farj giri\u015fiyle h\u0131zl\u0131 ve g\u00fcvenilir \u015farj imkan\u0131 sunan \u00fcr\u00fcn, kutu i\u00e7eri\u011finde aux kablosu, \u015farj kablosu ve kullan\u0131m k\u0131lavuzuyla birlikte gelir.40mm s\u00fcr\u00fcc\u00fc \u00fcnitesi, g\u00fc\u00e7l\u00fc baslar ve net tizlerle dengeli bir ses profili sunarak m\u00fczik, oyun ve medya i\u00e7eriklerinde \u00fcst\u00fcn bir performans sa\u011flar. Geni\u015f ses sahnesi, detaylar\u0131 ka\u00e7\u0131rmadan her frekans\u0131 net bir \u015fekilde duyabilmenizi m\u00fcmk\u00fcn k\u0131lar. RGB \u0131\u015f\u0131klar\u0131n etkileyici tasar\u0131m\u0131yla birle\u015fen bu ses kalitesi, kulakl\u0131\u011f\u0131 yaln\u0131zca bir teknolojik \u00fcr\u00fcn de\u011fil, ayn\u0131 zamanda bir stil ifadesi haline getirir. Her detay\u0131yla oyun performans\u0131n\u0131z\u0131 desteklemek \u00fczere tasarlanm\u0131\u015f olan bu kulakl\u0131k, etkileyici \u0131\u015f\u0131klar ve g\u00fc\u00e7l\u00fc ses kalitesini bir araya getirerek benzersiz bir kullan\u0131c\u0131 deneyimi sunar.<\/p>\n","protected":false},"featured_media":49050,"comment_status":"open","ping_status":"closed","template":"","meta":{"_kad_post_transparent":"","_kad_post_title":"","_kad_post_layout":"","_kad_post_sidebar_id":"","_kad_post_content_style":"","_kad_post_vertical_padding":"","_kad_post_feature":"","_kad_post_feature_position":"","_kad_post_header":false,"_kad_post_footer":false,"_kad_post_classname":""},"product_brand":[],"product_cat":[23],"product_tag":[],"class_list":{"0":"post-49051","1":"product","2":"type-product","3":"status-publish","4":"has-post-thumbnail","6":"product_cat-genel","8":"first","9":"instock","10":"purchasable","11":"product-type-simple","12":"entry","13":"content-bg","14":"loop-entry"},"_links":{"self":[{"href":"https:\/\/www.hediyepazar.com\/index.php?rest_route=\/wp\/v2\/product\/49051","targetHints":{"allow":["GET"]}}],"collection":[{"href":"https:\/\/www.hediyepazar.com\/index.php?rest_route=\/wp\/v2\/product"}],"about":[{"href":"https:\/\/www.hediyepazar.com\/index.php?rest_route=\/wp\/v2\/types\/product"}],"replies":[{"embeddable":true,"href":"https:\/\/www.hediyepazar.com\/index.php?rest_route=%2Fwp%2Fv2%2Fcomments&post=49051"}],"wp:featuredmedia":[{"embeddable":true,"href":"https:\/\/www.hediyepazar.com\/index.php?rest_route=\/wp\/v2\/media\/49050"}],"wp:attachment":[{"href":"https:\/\/www.hediyepazar.com\/index.php?rest_route=%2Fwp%2Fv2%2Fmedia&parent=49051"}],"wp:term":[{"taxonomy":"product_brand","embeddable":true,"href":"https:\/\/www.hediyepazar.com\/index.php?rest_route=%2Fwp%2Fv2%2Fproduct_brand&post=49051"},{"taxonomy":"product_cat","embeddable":true,"href":"https:\/\/www.hediyepazar.com\/index.php?rest_route=%2Fwp%2Fv2%2Fproduct_cat&post=49051"},{"taxonomy":"product_tag","embeddable":true,"href":"https:\/\/www.hediyepazar.com\/index.php?rest_route=%2Fwp%2Fv2%2Fproduct_tag&post=49051"}],"curies":[{"name":"wp","href":"https:\/\/api.w.org\/{rel}","templated":true}]}}